{"id":1263,"date":"2022-08-16T09:34:43","date_gmt":"2022-08-16T09:34:43","guid":{"rendered":"https:\/\/espaciojorgeelpediatra.com\/?page_id=1263"},"modified":"2022-08-23T09:41:15","modified_gmt":"2022-08-23T09:41:15","slug":"jorge-munoz-pediatrician","status":"publish","type":"page","link":"https:\/\/espaciojorgeelpediatra.com\/en\/jorge-munoz-pediatrician\/","title":{"rendered":"Jorge Mu\u00f1oz Pediatrician"},"content":{"rendered":"<div data-elementor-type=\"wp-page\" data-elementor-id=\"1263\" class=\"elementor elementor-1263\" data-elementor-post-type=\"page\">\n\t\t\t\t\t\t<section class=\"elementor-section elementor-top-section elementor-element elementor-element-701c08a9 elementor-section-full_width elementor-section-content-middle elementor-section-height-default elementor-section-height-default\" data-id=\"701c08a9\" data-element_type=\"section\" data-settings=\"{&quot;background_background&quot;:&quot;classic&quot;}\">\n\t\t\t\t\t\t<div class=\"elementor-container elementor-column-gap-no\">\n\t\t\t\t\t<div class=\"elementor-column elementor-col-50 elementor-top-column elementor-element elementor-element-5245c113\" data-id=\"5245c113\" data-element_type=\"column\">\n\t\t\t<div class=\"elementor-widget-wrap elementor-element-populated\">\n\t\t\t\t\t\t<div class=\"elementor-element elementor-element-88da93c elementor-widget elementor-widget-image\" data-id=\"88da93c\" data-element_type=\"widget\" data-widget_type=\"image.default\">\n\t\t\t\t<div class=\"elementor-widget-container\">\n\t\t\t\t\t\t\t\t\t\t\t\t\t\t\t<img fetchpriority=\"high\" decoding=\"async\" width=\"540\" height=\"540\" src=\"https:\/\/espaciojorgeelpediatra.com\/wp-content\/uploads\/2022\/08\/jorge-mun\u0303oz-pediatra.jpg\" class=\"attachment-full size-full wp-image-1297\" alt=\"\" srcset=\"https:\/\/espaciojorgeelpediatra.com\/wp-content\/uploads\/2022\/08\/jorge-mun\u0303oz-pediatra.jpg 540w, https:\/\/espaciojorgeelpediatra.com\/wp-content\/uploads\/2022\/08\/jorge-mun\u0303oz-pediatra-300x300.jpg 300w, https:\/\/espaciojorgeelpediatra.com\/wp-content\/uploads\/2022\/08\/jorge-mun\u0303oz-pediatra-100x100.jpg 100w, https:\/\/espaciojorgeelpediatra.com\/wp-content\/uploads\/2022\/08\/jorge-mun\u0303oz-pediatra-150x150.jpg 150w\" sizes=\"(max-width: 540px) 100vw, 540px\" \/>\t\t\t\t\t\t\t\t\t\t\t\t\t\t\t<\/div>\n\t\t\t\t<\/div>\n\t\t\t\t\t<\/div>\n\t\t<\/div>\n\t\t\t\t<div class=\"elementor-column elementor-col-50 elementor-top-column elementor-element elementor-element-74974aec\" data-id=\"74974aec\" data-element_type=\"column\">\n\t\t\t<div class=\"elementor-widget-wrap elementor-element-populated\">\n\t\t\t\t\t\t<div class=\"elementor-element elementor-element-3672160d elementor-widget elementor-widget-heading\" data-id=\"3672160d\" data-element_type=\"widget\" data-widget_type=\"heading.default\">\n\t\t\t\t<div class=\"elementor-widget-container\">\n\t\t\t\t\t<p class=\"elementor-heading-title elementor-size-default\">Pediatrician<\/p>\t\t\t\t<\/div>\n\t\t\t\t<\/div>\n\t\t\t\t<div class=\"elementor-element elementor-element-1b9f1130 elementor-widget elementor-widget-heading\" data-id=\"1b9f1130\" data-element_type=\"widget\" data-widget_type=\"heading.default\">\n\t\t\t\t<div class=\"elementor-widget-container\">\n\t\t\t\t\t<h1 class=\"elementor-heading-title elementor-size-default\">Jorge Mu\u00f1oz<\/h1>\t\t\t\t<\/div>\n\t\t\t\t<\/div>\n\t\t\t\t<div class=\"elementor-element elementor-element-6d9f9fba elementor-widget elementor-widget-text-editor\" data-id=\"6d9f9fba\" data-element_type=\"widget\" data-widget_type=\"text-editor.default\">\n\t\t\t\t<div class=\"elementor-widget-container\">\n\t\t\t\t\t\t\t\t\t<div dir=\"auto\">Hello, I am Jorge Mu\u00f1oz, a pediatrician. I studied Medicine at the Marqu\u00e9s de Valdecilla University Hospital, Santander.\u00a0<\/div><div dir=\"auto\">\u00a0<\/div><div dir=\"auto\">I consider myself a restless person, eager to travel, specializing in pediatrics in the United Kingdom.<\/div><div dir=\"auto\">\u00a0<\/div><div dir=\"auto\">As an emigrant you always think about returning, and that&#039;s what I did, in Palma de Mallorca.\u00a0<\/div><div dir=\"auto\">\u00a0<\/div><div dir=\"auto\">Shortly after landing, I was offered the position of Head of Pediatrics at a well-known private hospital on the island, where I worked for 18 years, during which time I became involved in international cooperation, founding, together with Dr. Llad\u00f3, the NGO Ayuda al Chad.<\/div><div dir=\"auto\">\u00a0<\/div><div dir=\"auto\">Such a good experience led me to create \u201cEspacio Jorge el Pediatra\u201d where, regardless of medical insurance, a classic, close doctor-patient relationship is achieved, with great specialists.<\/div><div dir=\"auto\">\u00a0<\/div><div dir=\"auto\">The road is not easy but it is fascinating. We are always grateful for your comments to improve as a team and as a person.<\/div><div dir=\"auto\">\u00a0<\/div><div dir=\"auto\">We want Espacio Jorge el Pediatra to be your place of medical tranquility.<\/div>\t\t\t\t\t\t\t\t<\/div>\n\t\t\t\t<\/div>\n\t\t\t\t\t<\/div>\n\t\t<\/div>\n\t\t\t\t\t<\/div>\n\t\t<\/section>\n\t\t\t\t<section class=\"elementor-section elementor-top-section elementor-element elementor-element-2b80b5bf elementor-section-content-middle elementor-section-boxed elementor-section-height-default elementor-section-height-default\" data-id=\"2b80b5bf\" data-element_type=\"section\" data-settings=\"{&quot;background_background&quot;:&quot;classic&quot;}\">\n\t\t\t\t\t\t<div class=\"elementor-container elementor-column-gap-default\">\n\t\t\t\t\t<div class=\"elementor-column elementor-col-50 elementor-top-column elementor-element elementor-element-17ac608e\" data-id=\"17ac608e\" data-element_type=\"column\">\n\t\t\t<div class=\"elementor-widget-wrap elementor-element-populated\">\n\t\t\t\t\t\t<div class=\"elementor-element elementor-element-3c006950 elementor-widget elementor-widget-menu-anchor\" data-id=\"3c006950\" data-element_type=\"widget\" data-widget_type=\"menu-anchor.default\">\n\t\t\t\t<div class=\"elementor-widget-container\">\n\t\t\t\t\t\t\t<div class=\"elementor-menu-anchor\" id=\"contacto\"><\/div>\n\t\t\t\t\t\t<\/div>\n\t\t\t\t<\/div>\n\t\t\t\t<div class=\"elementor-element elementor-element-4601602e elementor-widget elementor-widget-heading\" data-id=\"4601602e\" data-element_type=\"widget\" data-widget_type=\"heading.default\">\n\t\t\t\t<div class=\"elementor-widget-container\">\n\t\t\t\t\t<h2 class=\"elementor-heading-title elementor-size-default\">Do you need help?<\/h2>\t\t\t\t<\/div>\n\t\t\t\t<\/div>\n\t\t\t\t<div class=\"elementor-element elementor-element-2ced18d1 elementor-widget elementor-widget-text-editor\" data-id=\"2ced18d1\" data-element_type=\"widget\" data-widget_type=\"text-editor.default\">\n\t\t\t\t<div class=\"elementor-widget-container\">\n\t\t\t\t\t\t\t\t\tClick the button and get in touch with us. We look forward to hearing from you.\t\t\t\t\t\t\t\t<\/div>\n\t\t\t\t<\/div>\n\t\t\t\t\t<\/div>\n\t\t<\/div>\n\t\t\t\t<div class=\"elementor-column elementor-col-50 elementor-top-column elementor-element elementor-element-35487267\" data-id=\"35487267\" data-element_type=\"column\">\n\t\t\t<div class=\"elementor-widget-wrap elementor-element-populated\">\n\t\t\t\t\t\t<div class=\"elementor-element elementor-element-39d33cb0 elementor-widget__width-initial elementor-widget elementor-widget-eael-creative-button\" data-id=\"39d33cb0\" data-element_type=\"widget\" data-widget_type=\"eael-creative-button.default\">\n\t\t\t\t<div class=\"elementor-widget-container\">\n\t\t\t\t\t        <div class=\"eael-creative-button-wrapper\">\n\n            <a class=\"eael-creative-button eael-creative-button--wayra\" href=\"https:\/\/api.whatsapp.com\/send\/?phone=34667719202&#038;text&#038;app_absent=0\" data-text=\"Cont\u00e1ctanos\">\n            \t    \n                <div class=\"creative-button-inner\">\n\n                    \n                    <span class=\"cretive-button-text\">Contact us<\/span>\n\n                                    <\/div>\n\t                        <\/a>\n        <\/div>\n        \t\t\t\t<\/div>\n\t\t\t\t<\/div>\n\t\t\t\t\t<\/div>\n\t\t<\/div>\n\t\t\t\t\t<\/div>\n\t\t<\/section>\n\t\t\t\t<\/div>","protected":false},"excerpt":{"rendered":"<p>Pediatrics Jorge Mu\u00f1oz Hello, I&#039;m Jorge Mu\u00f1oz, a pediatrician. I studied medicine at the Marqu\u00e9s de Valdecilla University Hospital in Santander. I consider myself a restless person, eager to travel, specializing in pediatrics in the United Kingdom. As an expat, you always think about returning, and that&#039;s what I did, in Palma de Mallorca. Shortly after landing, I was offered the position of Head of Pediatrics [\u2026]<\/p>","protected":false},"author":1,"featured_media":0,"parent":0,"menu_order":0,"comment_status":"closed","ping_status":"closed","template":"elementor_header_footer","meta":{"ocean_post_layout":"full-width","ocean_both_sidebars_style":"","ocean_both_sidebars_content_width":0,"ocean_both_sidebars_sidebars_width":0,"ocean_sidebar":"0","ocean_second_sidebar":"0","ocean_disable_margins":"on","ocean_add_body_class":"","ocean_shortcode_before_top_bar":"","ocean_shortcode_after_top_bar":"","ocean_shortcode_before_header":"","ocean_shortcode_after_header":"","ocean_has_shortcode":"","ocean_shortcode_after_title":"","ocean_shortcode_before_footer_widgets":"","ocean_shortcode_after_footer_widgets":"","ocean_shortcode_before_footer_bottom":"","ocean_shortcode_after_footer_bottom":"","ocean_display_top_bar":"default","ocean_display_header":"default","ocean_header_style":"","ocean_center_header_left_menu":"0","ocean_custom_header_template":"0","ocean_custom_logo":0,"ocean_custom_retina_logo":0,"ocean_custom_logo_max_width":0,"ocean_custom_logo_tablet_max_width":0,"ocean_custom_logo_mobile_max_width":0,"ocean_custom_logo_max_height":0,"ocean_custom_logo_tablet_max_height":0,"ocean_custom_logo_mobile_max_height":0,"ocean_header_custom_menu":"0","ocean_menu_typo_font_family":"0","ocean_menu_typo_font_subset":"","ocean_menu_typo_font_size":0,"ocean_menu_typo_font_size_tablet":0,"ocean_menu_typo_font_size_mobile":0,"ocean_menu_typo_font_size_unit":"px","ocean_menu_typo_font_weight":"","ocean_menu_typo_font_weight_tablet":"","ocean_menu_typo_font_weight_mobile":"","ocean_menu_typo_transform":"","ocean_menu_typo_transform_tablet":"","ocean_menu_typo_transform_mobile":"","ocean_menu_typo_line_height":0,"ocean_menu_typo_line_height_tablet":0,"ocean_menu_typo_line_height_mobile":0,"ocean_menu_typo_line_height_unit":"","ocean_menu_typo_spacing":0,"ocean_menu_typo_spacing_tablet":0,"ocean_menu_typo_spacing_mobile":0,"ocean_menu_typo_spacing_unit":"","ocean_menu_link_color":"","ocean_menu_link_color_hover":"","ocean_menu_link_color_active":"","ocean_menu_link_background":"","ocean_menu_link_hover_background":"","ocean_menu_link_active_background":"","ocean_menu_social_links_bg":"","ocean_menu_social_hover_links_bg":"","ocean_menu_social_links_color":"","ocean_menu_social_hover_links_color":"","ocean_disable_title":"on","ocean_disable_heading":"default","ocean_post_title":"","ocean_post_subheading":"","ocean_post_title_style":"","ocean_post_title_background_color":"","ocean_post_title_background":0,"ocean_post_title_bg_image_position":"","ocean_post_title_bg_image_attachment":"","ocean_post_title_bg_image_repeat":"","ocean_post_title_bg_image_size":"","ocean_post_title_height":0,"ocean_post_title_bg_overlay":0.5,"ocean_post_title_bg_overlay_color":"","ocean_disable_breadcrumbs":"off","ocean_breadcrumbs_color":"","ocean_breadcrumbs_separator_color":"","ocean_breadcrumbs_links_color":"","ocean_breadcrumbs_links_hover_color":"","ocean_display_footer_widgets":"off","ocean_display_footer_bottom":"off","ocean_custom_footer_template":"0","_joinchat":[],"footnotes":""},"class_list":["post-1263","page","type-page","status-publish","hentry","entry"],"yoast_head":"<!-- This site is optimized with the Yoast SEO plugin v26.4 - https:\/\/yoast.com\/wordpress\/plugins\/seo\/ -->\n<title>Jorge Mu\u00f1oz | Pediatra<\/title>\n<meta name=\"description\" content=\"Jorge Mu\u00f1oz es el pediatra y fundador de este espacio, un profesional que te transmitir\u00e1 la cercan\u00eda y tranquilidad para tu peque.\" \/>\n<meta name=\"robots\" content=\"index, follow, max-snippet:-1, max-image-preview:large, max-video-preview:-1\" \/>\n<link rel=\"canonical\" href=\"https:\/\/espaciojorgeelpediatra.com\/en\/jorge-munoz-pediatrician\/\" \/>\n<meta property=\"og:locale\" content=\"en_GB\" \/>\n<meta property=\"og:type\" content=\"article\" \/>\n<meta property=\"og:title\" content=\"Jorge Mu\u00f1oz | Pediatra\" \/>\n<meta property=\"og:description\" content=\"Jorge Mu\u00f1oz es el pediatra y fundador de este espacio, un profesional que te transmitir\u00e1 la cercan\u00eda y tranquilidad para tu peque.\" \/>\n<meta property=\"og:url\" content=\"https:\/\/espaciojorgeelpediatra.com\/en\/jorge-munoz-pediatrician\/\" \/>\n<meta property=\"og:site_name\" content=\"Espacio Jorge el Pediatra\" \/>\n<meta property=\"article:modified_time\" content=\"2022-08-23T09:41:15+00:00\" \/>\n<meta name=\"twitter:card\" content=\"summary_large_image\" \/>\n<meta name=\"twitter:label1\" content=\"Estimated reading time\" \/>\n\t<meta name=\"twitter:data1\" content=\"1 minute\" \/>\n<script type=\"application\/ld+json\" class=\"yoast-schema-graph\">{\"@context\":\"https:\/\/schema.org\",\"@graph\":[{\"@type\":\"WebPage\",\"@id\":\"https:\/\/espaciojorgeelpediatra.com\/jorge-munoz-pediatra\/\",\"url\":\"https:\/\/espaciojorgeelpediatra.com\/jorge-munoz-pediatra\/\",\"name\":\"Jorge Mu\u00f1oz | Pediatra\",\"isPartOf\":{\"@id\":\"https:\/\/espaciojorgeelpediatra.com\/#website\"},\"datePublished\":\"2022-08-16T09:34:43+00:00\",\"dateModified\":\"2022-08-23T09:41:15+00:00\",\"description\":\"Jorge Mu\u00f1oz es el pediatra y fundador de este espacio, un profesional que te transmitir\u00e1 la cercan\u00eda y tranquilidad para tu peque.\",\"breadcrumb\":{\"@id\":\"https:\/\/espaciojorgeelpediatra.com\/jorge-munoz-pediatra\/#breadcrumb\"},\"inLanguage\":\"en-GB\",\"potentialAction\":[{\"@type\":\"ReadAction\",\"target\":[\"https:\/\/espaciojorgeelpediatra.com\/jorge-munoz-pediatra\/\"]}]},{\"@type\":\"BreadcrumbList\",\"@id\":\"https:\/\/espaciojorgeelpediatra.com\/jorge-munoz-pediatra\/#breadcrumb\",\"itemListElement\":[{\"@type\":\"ListItem\",\"position\":1,\"name\":\"Portada\",\"item\":\"https:\/\/espaciojorgeelpediatra.com\/\"},{\"@type\":\"ListItem\",\"position\":2,\"name\":\"Jorge Mu\u00f1oz Pediatra\"}]},{\"@type\":\"WebSite\",\"@id\":\"https:\/\/espaciojorgeelpediatra.com\/#website\",\"url\":\"https:\/\/espaciojorgeelpediatra.com\/\",\"name\":\"Espacio Jorge el Pediatra\",\"description\":\"Servicio de Pediatr\u00eda en Palma de Mallorca\",\"potentialAction\":[{\"@type\":\"SearchAction\",\"target\":{\"@type\":\"EntryPoint\",\"urlTemplate\":\"https:\/\/espaciojorgeelpediatra.com\/?s={search_term_string}\"},\"query-input\":{\"@type\":\"PropertyValueSpecification\",\"valueRequired\":true,\"valueName\":\"search_term_string\"}}],\"inLanguage\":\"en-GB\"}]}<\/script>\n<!-- \/ Yoast SEO plugin. -->","yoast_head_json":{"title":"Jorge Mu\u00f1oz | Pediatrician","description":"Jorge Mu\u00f1oz is the pediatrician and founder of this space, a professional who will transmit closeness and tranquility for your little one.","robots":{"index":"index","follow":"follow","max-snippet":"max-snippet:-1","max-image-preview":"max-image-preview:large","max-video-preview":"max-video-preview:-1"},"canonical":"https:\/\/espaciojorgeelpediatra.com\/en\/jorge-munoz-pediatrician\/","og_locale":"en_GB","og_type":"article","og_title":"Jorge Mu\u00f1oz | Pediatra","og_description":"Jorge Mu\u00f1oz es el pediatra y fundador de este espacio, un profesional que te transmitir\u00e1 la cercan\u00eda y tranquilidad para tu peque.","og_url":"https:\/\/espaciojorgeelpediatra.com\/en\/jorge-munoz-pediatrician\/","og_site_name":"Espacio Jorge el Pediatra","article_modified_time":"2022-08-23T09:41:15+00:00","twitter_card":"summary_large_image","twitter_misc":{"Estimated reading time":"1 minute"},"schema":{"@context":"https:\/\/schema.org","@graph":[{"@type":"WebPage","@id":"https:\/\/espaciojorgeelpediatra.com\/jorge-munoz-pediatra\/","url":"https:\/\/espaciojorgeelpediatra.com\/jorge-munoz-pediatra\/","name":"Jorge Mu\u00f1oz | Pediatrician","isPartOf":{"@id":"https:\/\/espaciojorgeelpediatra.com\/#website"},"datePublished":"2022-08-16T09:34:43+00:00","dateModified":"2022-08-23T09:41:15+00:00","description":"Jorge Mu\u00f1oz is the pediatrician and founder of this space, a professional who will transmit closeness and tranquility for your little one.","breadcrumb":{"@id":"https:\/\/espaciojorgeelpediatra.com\/jorge-munoz-pediatra\/#breadcrumb"},"inLanguage":"en-GB","potentialAction":[{"@type":"ReadAction","target":["https:\/\/espaciojorgeelpediatra.com\/jorge-munoz-pediatra\/"]}]},{"@type":"BreadcrumbList","@id":"https:\/\/espaciojorgeelpediatra.com\/jorge-munoz-pediatra\/#breadcrumb","itemListElement":[{"@type":"ListItem","position":1,"name":"Portada","item":"https:\/\/espaciojorgeelpediatra.com\/"},{"@type":"ListItem","position":2,"name":"Jorge Mu\u00f1oz Pediatra"}]},{"@type":"WebSite","@id":"https:\/\/espaciojorgeelpediatra.com\/#website","url":"https:\/\/espaciojorgeelpediatra.com\/","name":"Espacio Jorge el Pediatra","description":"Pediatrics Service in Palma de Mallorca","potentialAction":[{"@type":"SearchAction","target":{"@type":"EntryPoint","urlTemplate":"https:\/\/espaciojorgeelpediatra.com\/?s={search_term_string}"},"query-input":{"@type":"PropertyValueSpecification","valueRequired":true,"valueName":"search_term_string"}}],"inLanguage":"en-GB"}]}},"_links":{"self":[{"href":"https:\/\/espaciojorgeelpediatra.com\/en\/wp-json\/wp\/v2\/pages\/1263","targetHints":{"allow":["GET"]}}],"collection":[{"href":"https:\/\/espaciojorgeelpediatra.com\/en\/wp-json\/wp\/v2\/pages"}],"about":[{"href":"https:\/\/espaciojorgeelpediatra.com\/en\/wp-json\/wp\/v2\/types\/page"}],"author":[{"embeddable":true,"href":"https:\/\/espaciojorgeelpediatra.com\/en\/wp-json\/wp\/v2\/users\/1"}],"replies":[{"embeddable":true,"href":"https:\/\/espaciojorgeelpediatra.com\/en\/wp-json\/wp\/v2\/comments?post=1263"}],"version-history":[{"count":38,"href":"https:\/\/espaciojorgeelpediatra.com\/en\/wp-json\/wp\/v2\/pages\/1263\/revisions"}],"predecessor-version":[{"id":1503,"href":"https:\/\/espaciojorgeelpediatra.com\/en\/wp-json\/wp\/v2\/pages\/1263\/revisions\/1503"}],"wp:attachment":[{"href":"https:\/\/espaciojorgeelpediatra.com\/en\/wp-json\/wp\/v2\/media?parent=1263"}],"curies":[{"name":"wp","href":"https:\/\/api.w.org\/{rel}","templated":true}]}}