{"id":1600,"date":"2022-09-09T09:13:13","date_gmt":"2022-09-09T09:13:13","guid":{"rendered":"https:\/\/espaciojorgeelpediatra.com\/?page_id=1600"},"modified":"2022-09-09T09:17:57","modified_gmt":"2022-09-09T09:17:57","slug":"gabriel-piza-child-traumatologist","status":"publish","type":"page","link":"https:\/\/espaciojorgeelpediatra.com\/en\/gabriel-piza-child-traumatologist\/","title":{"rendered":"Gabriel Piz\u00e0 Child Traumatologist"},"content":{"rendered":"<div data-elementor-type=\"wp-page\" data-elementor-id=\"1600\" class=\"elementor elementor-1600\" data-elementor-post-type=\"page\">\n\t\t\t\t\t\t<section class=\"elementor-section elementor-top-section elementor-element elementor-element-701c08a9 elementor-section-full_width elementor-section-content-middle elementor-section-height-default elementor-section-height-default\" data-id=\"701c08a9\" data-element_type=\"section\" data-settings=\"{&quot;background_background&quot;:&quot;classic&quot;}\">\n\t\t\t\t\t\t<div class=\"elementor-container elementor-column-gap-no\">\n\t\t\t\t\t<div class=\"elementor-column elementor-col-50 elementor-top-column elementor-element elementor-element-5245c113\" data-id=\"5245c113\" data-element_type=\"column\">\n\t\t\t<div class=\"elementor-widget-wrap elementor-element-populated\">\n\t\t\t\t\t\t<div class=\"elementor-element elementor-element-88da93c elementor-widget elementor-widget-image\" data-id=\"88da93c\" data-element_type=\"widget\" data-widget_type=\"image.default\">\n\t\t\t\t<div class=\"elementor-widget-container\">\n\t\t\t\t\t\t\t\t\t\t\t\t\t\t\t<img fetchpriority=\"high\" decoding=\"async\" width=\"540\" height=\"540\" src=\"https:\/\/espaciojorgeelpediatra.com\/wp-content\/uploads\/2022\/09\/gabriel-piza-traumatologo-infantil.png\" class=\"attachment-full size-full wp-image-1605\" alt=\"Gabriel Piz\u00e0 is our pediatric traumatologist within the Jorge el Pediatra Space\" srcset=\"https:\/\/espaciojorgeelpediatra.com\/wp-content\/uploads\/2022\/09\/gabriel-piza-traumatologo-infantil.png 540w, https:\/\/espaciojorgeelpediatra.com\/wp-content\/uploads\/2022\/09\/gabriel-piza-traumatologo-infantil-300x300.png 300w, https:\/\/espaciojorgeelpediatra.com\/wp-content\/uploads\/2022\/09\/gabriel-piza-traumatologo-infantil-100x100.png 100w, https:\/\/espaciojorgeelpediatra.com\/wp-content\/uploads\/2022\/09\/gabriel-piza-traumatologo-infantil-150x150.png 150w\" sizes=\"(max-width: 540px) 100vw, 540px\" \/>\t\t\t\t\t\t\t\t\t\t\t\t\t\t\t<\/div>\n\t\t\t\t<\/div>\n\t\t\t\t\t<\/div>\n\t\t<\/div>\n\t\t\t\t<div class=\"elementor-column elementor-col-50 elementor-top-column elementor-element elementor-element-74974aec\" data-id=\"74974aec\" data-element_type=\"column\">\n\t\t\t<div class=\"elementor-widget-wrap elementor-element-populated\">\n\t\t\t\t\t\t<div class=\"elementor-element elementor-element-3672160d elementor-widget elementor-widget-heading\" data-id=\"3672160d\" data-element_type=\"widget\" data-widget_type=\"heading.default\">\n\t\t\t\t<div class=\"elementor-widget-container\">\n\t\t\t\t\t<p class=\"elementor-heading-title elementor-size-default\">Pediatric Traumatologist<\/p>\t\t\t\t<\/div>\n\t\t\t\t<\/div>\n\t\t\t\t<div class=\"elementor-element elementor-element-1b9f1130 elementor-widget elementor-widget-heading\" data-id=\"1b9f1130\" data-element_type=\"widget\" data-widget_type=\"heading.default\">\n\t\t\t\t<div class=\"elementor-widget-container\">\n\t\t\t\t\t<h1 class=\"elementor-heading-title elementor-size-default\">Gabriel Piz\u00e0<\/h1>\t\t\t\t<\/div>\n\t\t\t\t<\/div>\n\t\t\t\t<div class=\"elementor-element elementor-element-6d9f9fba elementor-widget elementor-widget-text-editor\" data-id=\"6d9f9fba\" data-element_type=\"widget\" data-widget_type=\"text-editor.default\">\n\t\t\t\t<div class=\"elementor-widget-container\">\n\t\t\t\t\t\t\t\t\t<div dir=\"auto\"><p class=\"p1\">As a medical student at the University of Navarra, I was quickly drawn to musculoskeletal problems, which led me to specialize in Orthopedic Surgery and Traumatology at the Germans Trias i Pujol Hospital (Barcelona). During these years of training I had the opportunity to better understand the most exciting stage of musculoskeletal development: growth.<br \/>\u00a0<br \/>So, when I had the opportunity to return to my native Mallorca in 1999 to work in the Pediatric Traumatology Service, I didn&#039;t have to think twice. Since then I have trained and dedicated myself exclusively to this part of the specialty. <br \/>\u00a0<br \/>Today, as Head of Section in the Pediatric Traumatology Service at the Hospital Universitari Son Espases, I am dedicated to the diagnosis and treatment of congenital, developmental and traumatic problems in pediatric patients. During these years I have had a special interest, from the healthcare and research point of view, in problems of the pediatric spine, being a member of the Scoliosis Research Society since 2013. I share this work with teaching at the Faculty of Medicine of the University of the Balearic Islands since its inauguration in 2016. <br \/>\u00a0<br \/>Accompanying children (and mothers and fathers) on this incredible journey from birth to skeletal maturity is a real luxury. Helping them understand what normal growth variations are, treating age-related pathologies and preventing complications, to allow our patients to reach adulthood in the best conditions: that is our job.<br \/>\u00a0<br \/>And now, in this fantastic Space that Jorge has created, I intend to carry out this work with a somewhat different approach. I hope to have the opportunity to advise patients and families who need it at a slower pace and with more personalized attention that this Space will allow us.<\/p><\/div>\t\t\t\t\t\t\t\t<\/div>\n\t\t\t\t<\/div>\n\t\t\t\t\t<\/div>\n\t\t<\/div>\n\t\t\t\t\t<\/div>\n\t\t<\/section>\n\t\t\t\t<section class=\"elementor-section elementor-top-section elementor-element elementor-element-2b80b5bf elementor-section-content-middle elementor-section-boxed elementor-section-height-default elementor-section-height-default\" data-id=\"2b80b5bf\" data-element_type=\"section\" data-settings=\"{&quot;background_background&quot;:&quot;classic&quot;}\">\n\t\t\t\t\t\t<div class=\"elementor-container elementor-column-gap-default\">\n\t\t\t\t\t<div class=\"elementor-column elementor-col-50 elementor-top-column elementor-element elementor-element-17ac608e\" data-id=\"17ac608e\" data-element_type=\"column\">\n\t\t\t<div class=\"elementor-widget-wrap elementor-element-populated\">\n\t\t\t\t\t\t<div class=\"elementor-element elementor-element-3c006950 elementor-widget elementor-widget-menu-anchor\" data-id=\"3c006950\" data-element_type=\"widget\" data-widget_type=\"menu-anchor.default\">\n\t\t\t\t<div class=\"elementor-widget-container\">\n\t\t\t\t\t\t\t<div class=\"elementor-menu-anchor\" id=\"contacto\"><\/div>\n\t\t\t\t\t\t<\/div>\n\t\t\t\t<\/div>\n\t\t\t\t<div class=\"elementor-element elementor-element-4601602e elementor-widget elementor-widget-heading\" data-id=\"4601602e\" data-element_type=\"widget\" data-widget_type=\"heading.default\">\n\t\t\t\t<div class=\"elementor-widget-container\">\n\t\t\t\t\t<h2 class=\"elementor-heading-title elementor-size-default\">Do you need help?<\/h2>\t\t\t\t<\/div>\n\t\t\t\t<\/div>\n\t\t\t\t<div class=\"elementor-element elementor-element-2ced18d1 elementor-widget elementor-widget-text-editor\" data-id=\"2ced18d1\" data-element_type=\"widget\" data-widget_type=\"text-editor.default\">\n\t\t\t\t<div class=\"elementor-widget-container\">\n\t\t\t\t\t\t\t\t\tClick the button and get in touch with us. We look forward to hearing from you.\t\t\t\t\t\t\t\t<\/div>\n\t\t\t\t<\/div>\n\t\t\t\t\t<\/div>\n\t\t<\/div>\n\t\t\t\t<div class=\"elementor-column elementor-col-50 elementor-top-column elementor-element elementor-element-35487267\" data-id=\"35487267\" data-element_type=\"column\">\n\t\t\t<div class=\"elementor-widget-wrap elementor-element-populated\">\n\t\t\t\t\t\t<div class=\"elementor-element elementor-element-39d33cb0 elementor-widget__width-initial elementor-widget elementor-widget-eael-creative-button\" data-id=\"39d33cb0\" data-element_type=\"widget\" data-widget_type=\"eael-creative-button.default\">\n\t\t\t\t<div class=\"elementor-widget-container\">\n\t\t\t\t\t        <div class=\"eael-creative-button-wrapper\">\n\n            <a class=\"eael-creative-button eael-creative-button--wayra\" href=\"https:\/\/api.whatsapp.com\/send\/?phone=34667719202&#038;text&#038;app_absent=0\" data-text=\"Cont\u00e1ctanos\">\n            \t    \n                <div class=\"creative-button-inner\">\n\n                    \n                    <span class=\"cretive-button-text\">Contact us<\/span>\n\n                                    <\/div>\n\t                        <\/a>\n        <\/div>\n        \t\t\t\t<\/div>\n\t\t\t\t<\/div>\n\t\t\t\t\t<\/div>\n\t\t<\/div>\n\t\t\t\t\t<\/div>\n\t\t<\/section>\n\t\t\t\t<\/div>","protected":false},"excerpt":{"rendered":"<p>Pediatric Traumatologist Gabriel Piz\u00e0 As a medical student at the University of Navarra, I was quickly drawn to musculoskeletal problems, which led me to specialize in Orthopedic Surgery and Traumatology at the Germans Trias i Pujol Hospital (Barcelona). During these years of training, I had the opportunity to gain a better understanding of [\u2026]<\/p>","protected":false},"author":2,"featured_media":0,"parent":0,"menu_order":0,"comment_status":"closed","ping_status":"closed","template":"elementor_header_footer","meta":{"ocean_post_layout":"full-width","ocean_both_sidebars_style":"","ocean_both_sidebars_content_width":0,"ocean_both_sidebars_sidebars_width":0,"ocean_sidebar":"0","ocean_second_sidebar":"0","ocean_disable_margins":"on","ocean_add_body_class":"","ocean_shortcode_before_top_bar":"","ocean_shortcode_after_top_bar":"","ocean_shortcode_before_header":"","ocean_shortcode_after_header":"","ocean_has_shortcode":"","ocean_shortcode_after_title":"","ocean_shortcode_before_footer_widgets":"","ocean_shortcode_after_footer_widgets":"","ocean_shortcode_before_footer_bottom":"","ocean_shortcode_after_footer_bottom":"","ocean_display_top_bar":"default","ocean_display_header":"default","ocean_header_style":"","ocean_center_header_left_menu":"0","ocean_custom_header_template":"0","ocean_custom_logo":0,"ocean_custom_retina_logo":0,"ocean_custom_logo_max_width":0,"ocean_custom_logo_tablet_max_width":0,"ocean_custom_logo_mobile_max_width":0,"ocean_custom_logo_max_height":0,"ocean_custom_logo_tablet_max_height":0,"ocean_custom_logo_mobile_max_height":0,"ocean_header_custom_menu":"0","ocean_menu_typo_font_family":"0","ocean_menu_typo_font_subset":"","ocean_menu_typo_font_size":0,"ocean_menu_typo_font_size_tablet":0,"ocean_menu_typo_font_size_mobile":0,"ocean_menu_typo_font_size_unit":"px","ocean_menu_typo_font_weight":"","ocean_menu_typo_font_weight_tablet":"","ocean_menu_typo_font_weight_mobile":"","ocean_menu_typo_transform":"","ocean_menu_typo_transform_tablet":"","ocean_menu_typo_transform_mobile":"","ocean_menu_typo_line_height":0,"ocean_menu_typo_line_height_tablet":0,"ocean_menu_typo_line_height_mobile":0,"ocean_menu_typo_line_height_unit":"","ocean_menu_typo_spacing":0,"ocean_menu_typo_spacing_tablet":0,"ocean_menu_typo_spacing_mobile":0,"ocean_menu_typo_spacing_unit":"","ocean_menu_link_color":"","ocean_menu_link_color_hover":"","ocean_menu_link_color_active":"","ocean_menu_link_background":"","ocean_menu_link_hover_background":"","ocean_menu_link_active_background":"","ocean_menu_social_links_bg":"","ocean_menu_social_hover_links_bg":"","ocean_menu_social_links_color":"","ocean_menu_social_hover_links_color":"","ocean_disable_title":"on","ocean_disable_heading":"default","ocean_post_title":"","ocean_post_subheading":"","ocean_post_title_style":"","ocean_post_title_background_color":"","ocean_post_title_background":0,"ocean_post_title_bg_image_position":"","ocean_post_title_bg_image_attachment":"","ocean_post_title_bg_image_repeat":"","ocean_post_title_bg_image_size":"","ocean_post_title_height":0,"ocean_post_title_bg_overlay":0.5,"ocean_post_title_bg_overlay_color":"","ocean_disable_breadcrumbs":"off","ocean_breadcrumbs_color":"","ocean_breadcrumbs_separator_color":"","ocean_breadcrumbs_links_color":"","ocean_breadcrumbs_links_hover_color":"","ocean_display_footer_widgets":"off","ocean_display_footer_bottom":"off","ocean_custom_footer_template":"0","_joinchat":[],"footnotes":""},"class_list":["post-1600","page","type-page","status-publish","hentry","entry"],"yoast_head":"<!-- This site is optimized with the Yoast SEO plugin v26.4 - https:\/\/yoast.com\/wordpress\/plugins\/seo\/ -->\n<title>Gabriel Piz\u00e0 | Traumat\u00f3logo Infantil<\/title>\n<meta name=\"description\" content=\"Gabriel Piz\u00e0 es nuestro Traumat\u00f3logo Infantil dentro del Espacio Jorge el Pediatra. Haz clic para conocerle un poco m\u00e1s.\" \/>\n<meta name=\"robots\" content=\"index, follow, max-snippet:-1, max-image-preview:large, max-video-preview:-1\" \/>\n<link rel=\"canonical\" href=\"https:\/\/espaciojorgeelpediatra.com\/en\/gabriel-piza-child-traumatologist\/\" \/>\n<meta property=\"og:locale\" content=\"en_GB\" \/>\n<meta property=\"og:type\" content=\"article\" \/>\n<meta property=\"og:title\" content=\"Gabriel Piz\u00e0 | Traumat\u00f3logo Infantil\" \/>\n<meta property=\"og:description\" content=\"Gabriel Piz\u00e0 es nuestro Traumat\u00f3logo Infantil dentro del Espacio Jorge el Pediatra. Haz clic para conocerle un poco m\u00e1s.\" \/>\n<meta property=\"og:url\" content=\"https:\/\/espaciojorgeelpediatra.com\/en\/gabriel-piza-child-traumatologist\/\" \/>\n<meta property=\"og:site_name\" content=\"Espacio Jorge el Pediatra\" \/>\n<meta property=\"article:modified_time\" content=\"2022-09-09T09:17:57+00:00\" \/>\n<meta property=\"og:image\" content=\"https:\/\/espaciojorgeelpediatra.com\/wp-content\/uploads\/2022\/09\/gabriel-piza-traumatologo-infantil.png\" \/>\n<meta name=\"twitter:card\" content=\"summary_large_image\" \/>\n<meta name=\"twitter:label1\" content=\"Estimated reading time\" \/>\n\t<meta name=\"twitter:data1\" content=\"2 minutes\" \/>\n<script type=\"application\/ld+json\" class=\"yoast-schema-graph\">{\"@context\":\"https:\/\/schema.org\",\"@graph\":[{\"@type\":\"WebPage\",\"@id\":\"https:\/\/espaciojorgeelpediatra.com\/gabriel-piza-traumatologo-infantil\/\",\"url\":\"https:\/\/espaciojorgeelpediatra.com\/gabriel-piza-traumatologo-infantil\/\",\"name\":\"Gabriel Piz\u00e0 | Traumat\u00f3logo Infantil\",\"isPartOf\":{\"@id\":\"https:\/\/espaciojorgeelpediatra.com\/#website\"},\"primaryImageOfPage\":{\"@id\":\"https:\/\/espaciojorgeelpediatra.com\/gabriel-piza-traumatologo-infantil\/#primaryimage\"},\"image\":{\"@id\":\"https:\/\/espaciojorgeelpediatra.com\/gabriel-piza-traumatologo-infantil\/#primaryimage\"},\"thumbnailUrl\":\"https:\/\/espaciojorgeelpediatra.com\/wp-content\/uploads\/2022\/09\/gabriel-piza-traumatologo-infantil.png\",\"datePublished\":\"2022-09-09T09:13:13+00:00\",\"dateModified\":\"2022-09-09T09:17:57+00:00\",\"description\":\"Gabriel Piz\u00e0 es nuestro Traumat\u00f3logo Infantil dentro del Espacio Jorge el Pediatra. Haz clic para conocerle un poco m\u00e1s.\",\"breadcrumb\":{\"@id\":\"https:\/\/espaciojorgeelpediatra.com\/gabriel-piza-traumatologo-infantil\/#breadcrumb\"},\"inLanguage\":\"en-GB\",\"potentialAction\":[{\"@type\":\"ReadAction\",\"target\":[\"https:\/\/espaciojorgeelpediatra.com\/gabriel-piza-traumatologo-infantil\/\"]}]},{\"@type\":\"ImageObject\",\"inLanguage\":\"en-GB\",\"@id\":\"https:\/\/espaciojorgeelpediatra.com\/gabriel-piza-traumatologo-infantil\/#primaryimage\",\"url\":\"https:\/\/espaciojorgeelpediatra.com\/wp-content\/uploads\/2022\/09\/gabriel-piza-traumatologo-infantil.png\",\"contentUrl\":\"https:\/\/espaciojorgeelpediatra.com\/wp-content\/uploads\/2022\/09\/gabriel-piza-traumatologo-infantil.png\"},{\"@type\":\"BreadcrumbList\",\"@id\":\"https:\/\/espaciojorgeelpediatra.com\/gabriel-piza-traumatologo-infantil\/#breadcrumb\",\"itemListElement\":[{\"@type\":\"ListItem\",\"position\":1,\"name\":\"Portada\",\"item\":\"https:\/\/espaciojorgeelpediatra.com\/\"},{\"@type\":\"ListItem\",\"position\":2,\"name\":\"Gabriel Piz\u00e0 Traumat\u00f3logo Infantil\"}]},{\"@type\":\"WebSite\",\"@id\":\"https:\/\/espaciojorgeelpediatra.com\/#website\",\"url\":\"https:\/\/espaciojorgeelpediatra.com\/\",\"name\":\"Espacio Jorge el Pediatra\",\"description\":\"Servicio de Pediatr\u00eda en Palma de Mallorca\",\"potentialAction\":[{\"@type\":\"SearchAction\",\"target\":{\"@type\":\"EntryPoint\",\"urlTemplate\":\"https:\/\/espaciojorgeelpediatra.com\/?s={search_term_string}\"},\"query-input\":{\"@type\":\"PropertyValueSpecification\",\"valueRequired\":true,\"valueName\":\"search_term_string\"}}],\"inLanguage\":\"en-GB\"}]}<\/script>\n<!-- \/ Yoast SEO plugin. -->","yoast_head_json":{"title":"Gabriel Piza | Child Traumatologist","description":"Gabriel Piz\u00e0 is our Pediatric Traumatologist within the Jorge el Pediatra Space. Click here to learn more about him.","robots":{"index":"index","follow":"follow","max-snippet":"max-snippet:-1","max-image-preview":"max-image-preview:large","max-video-preview":"max-video-preview:-1"},"canonical":"https:\/\/espaciojorgeelpediatra.com\/en\/gabriel-piza-child-traumatologist\/","og_locale":"en_GB","og_type":"article","og_title":"Gabriel Piz\u00e0 | Traumat\u00f3logo Infantil","og_description":"Gabriel Piz\u00e0 es nuestro Traumat\u00f3logo Infantil dentro del Espacio Jorge el Pediatra. Haz clic para conocerle un poco m\u00e1s.","og_url":"https:\/\/espaciojorgeelpediatra.com\/en\/gabriel-piza-child-traumatologist\/","og_site_name":"Espacio Jorge el Pediatra","article_modified_time":"2022-09-09T09:17:57+00:00","og_image":[{"url":"https:\/\/espaciojorgeelpediatra.com\/wp-content\/uploads\/2022\/09\/gabriel-piza-traumatologo-infantil.png","type":"","width":"","height":""}],"twitter_card":"summary_large_image","twitter_misc":{"Estimated reading time":"2 minutes"},"schema":{"@context":"https:\/\/schema.org","@graph":[{"@type":"WebPage","@id":"https:\/\/espaciojorgeelpediatra.com\/gabriel-piza-traumatologo-infantil\/","url":"https:\/\/espaciojorgeelpediatra.com\/gabriel-piza-traumatologo-infantil\/","name":"Gabriel Piza | Child Traumatologist","isPartOf":{"@id":"https:\/\/espaciojorgeelpediatra.com\/#website"},"primaryImageOfPage":{"@id":"https:\/\/espaciojorgeelpediatra.com\/gabriel-piza-traumatologo-infantil\/#primaryimage"},"image":{"@id":"https:\/\/espaciojorgeelpediatra.com\/gabriel-piza-traumatologo-infantil\/#primaryimage"},"thumbnailUrl":"https:\/\/espaciojorgeelpediatra.com\/wp-content\/uploads\/2022\/09\/gabriel-piza-traumatologo-infantil.png","datePublished":"2022-09-09T09:13:13+00:00","dateModified":"2022-09-09T09:17:57+00:00","description":"Gabriel Piz\u00e0 is our Pediatric Traumatologist within the Jorge el Pediatra Space. Click here to learn more about him.","breadcrumb":{"@id":"https:\/\/espaciojorgeelpediatra.com\/gabriel-piza-traumatologo-infantil\/#breadcrumb"},"inLanguage":"en-GB","potentialAction":[{"@type":"ReadAction","target":["https:\/\/espaciojorgeelpediatra.com\/gabriel-piza-traumatologo-infantil\/"]}]},{"@type":"ImageObject","inLanguage":"en-GB","@id":"https:\/\/espaciojorgeelpediatra.com\/gabriel-piza-traumatologo-infantil\/#primaryimage","url":"https:\/\/espaciojorgeelpediatra.com\/wp-content\/uploads\/2022\/09\/gabriel-piza-traumatologo-infantil.png","contentUrl":"https:\/\/espaciojorgeelpediatra.com\/wp-content\/uploads\/2022\/09\/gabriel-piza-traumatologo-infantil.png"},{"@type":"BreadcrumbList","@id":"https:\/\/espaciojorgeelpediatra.com\/gabriel-piza-traumatologo-infantil\/#breadcrumb","itemListElement":[{"@type":"ListItem","position":1,"name":"Portada","item":"https:\/\/espaciojorgeelpediatra.com\/"},{"@type":"ListItem","position":2,"name":"Gabriel Piz\u00e0 Traumat\u00f3logo Infantil"}]},{"@type":"WebSite","@id":"https:\/\/espaciojorgeelpediatra.com\/#website","url":"https:\/\/espaciojorgeelpediatra.com\/","name":"Espacio Jorge el Pediatra","description":"Pediatrics Service in Palma de Mallorca","potentialAction":[{"@type":"SearchAction","target":{"@type":"EntryPoint","urlTemplate":"https:\/\/espaciojorgeelpediatra.com\/?s={search_term_string}"},"query-input":{"@type":"PropertyValueSpecification","valueRequired":true,"valueName":"search_term_string"}}],"inLanguage":"en-GB"}]}},"_links":{"self":[{"href":"https:\/\/espaciojorgeelpediatra.com\/en\/wp-json\/wp\/v2\/pages\/1600","targetHints":{"allow":["GET"]}}],"collection":[{"href":"https:\/\/espaciojorgeelpediatra.com\/en\/wp-json\/wp\/v2\/pages"}],"about":[{"href":"https:\/\/espaciojorgeelpediatra.com\/en\/wp-json\/wp\/v2\/types\/page"}],"author":[{"embeddable":true,"href":"https:\/\/espaciojorgeelpediatra.com\/en\/wp-json\/wp\/v2\/users\/2"}],"replies":[{"embeddable":true,"href":"https:\/\/espaciojorgeelpediatra.com\/en\/wp-json\/wp\/v2\/comments?post=1600"}],"version-history":[{"count":8,"href":"https:\/\/espaciojorgeelpediatra.com\/en\/wp-json\/wp\/v2\/pages\/1600\/revisions"}],"predecessor-version":[{"id":1609,"href":"https:\/\/espaciojorgeelpediatra.com\/en\/wp-json\/wp\/v2\/pages\/1600\/revisions\/1609"}],"wp:attachment":[{"href":"https:\/\/espaciojorgeelpediatra.com\/en\/wp-json\/wp\/v2\/media?parent=1600"}],"curies":[{"name":"wp","href":"https:\/\/api.w.org\/{rel}","templated":true}]}}