{"id":1990,"date":"2025-09-29T07:45:14","date_gmt":"2025-09-29T07:45:14","guid":{"rendered":"https:\/\/espaciojorgeelpediatra.com\/?post_type=product&#038;p=1990"},"modified":"2025-10-20T08:37:47","modified_gmt":"2025-10-20T08:37:47","slug":"complementary-feeding-and-now","status":"publish","type":"product","link":"https:\/\/espaciojorgeelpediatra.com\/en\/product-2\/complementary-feeding-and-now\/","title":{"rendered":"Complementary Feeding\u2026 Now What?"},"content":{"rendered":"<p>DAY AND TIME:<\/p>\n<p>\u2013 October 25 at 10:30<\/p>\n<p>PLACE:<\/p>\n<p>\u2013 Bebeplanet<\/p>\n<p>TAUGHT BY:<\/p>\n<p>\u2013 Dr. Joana Riera, pediatric digestive specialist specializing in gastro-nutrition.<\/p>\n<p>\u2013 Dr. Jorge Mu\u00f1oz, director of Espacio Jorge the pediatrician.<\/p>\n<p>Discover how to make the transition from breastfeeding to complementary feeding a calm, nutritious, and confident experience. In this talk, Dr. Joana Riera, pediatric gastroenterologist, and Dr. Jorge Mu\u00f1oz, pediatrician and Director of Espacio Jorge el Pediatra, will guide you step by step through this exciting process, answering all your questions about textures, timing, quantities, and appropriate foods for each stage.<\/p>\n<p>You&#039;ll learn to recognize your baby&#039;s cues, enjoy mealtimes together, and lay the foundation for a healthy relationship with food from the start. This is a unique opportunity to better understand your child&#039;s needs and navigate this new stage of life safely, guided by two leading experts in child health.<\/p>\n<p><strong data-start=\"1284\" data-end=\"1299\">Important:<\/strong> buys <strong data-start=\"1307\" data-end=\"1338\">1 unit for each attendee<\/strong>Example: 2 adults = 2 units. Your little one is invited \ud83d\ude42<\/p>","protected":false},"excerpt":{"rendered":"<p>D\u00cdA Y HORA: &#8211; 25 de Octubre a las 10:30 LUGAR: &#8211; Bebeplanet IMPARTIDO POR: &#8211; Dra. Joana Riera, digestiva pedi\u00e1trica especializada en gastro-nutrici\u00f3n. &#8211; Dr. Jorge Mu\u00f1oz, director de Espacio Jorge el pediatra. Descubre c\u00f3mo hacer del paso de la lactancia a la alimentaci\u00f3n complementaria una experiencia tranquila, nutritiva y llena de confianza. En [&hellip;]<\/p>","protected":false},"featured_media":2014,"comment_status":"open","ping_status":"closed","template":"","meta":{"ocean_post_layout":"full-width","ocean_both_sidebars_style":"","ocean_both_sidebars_content_width":0,"ocean_both_sidebars_sidebars_width":0,"ocean_sidebar":"0","ocean_second_sidebar":"0","ocean_disable_margins":"on","ocean_add_body_class":"","ocean_shortcode_before_top_bar":"","ocean_shortcode_after_top_bar":"","ocean_shortcode_before_header":"","ocean_shortcode_after_header":"","ocean_has_shortcode":"","ocean_shortcode_after_title":"","ocean_shortcode_before_footer_widgets":"","ocean_shortcode_after_footer_widgets":"","ocean_shortcode_before_footer_bottom":"","ocean_shortcode_after_footer_bottom":"","ocean_display_top_bar":"off","ocean_display_header":"default","ocean_header_style":"","ocean_center_header_left_menu":"0","ocean_custom_header_template":"0","ocean_custom_logo":0,"ocean_custom_retina_logo":0,"ocean_custom_logo_max_width":0,"ocean_custom_logo_tablet_max_width":0,"ocean_custom_logo_mobile_max_width":0,"ocean_custom_logo_max_height":0,"ocean_custom_logo_tablet_max_height":0,"ocean_custom_logo_mobile_max_height":0,"ocean_header_custom_menu":"0","ocean_menu_typo_font_family":"0","ocean_menu_typo_font_subset":"","ocean_menu_typo_font_size":0,"ocean_menu_typo_font_size_tablet":0,"ocean_menu_typo_font_size_mobile":0,"ocean_menu_typo_font_size_unit":"px","ocean_menu_typo_font_weight":"","ocean_menu_typo_font_weight_tablet":"","ocean_menu_typo_font_weight_mobile":"","ocean_menu_typo_transform":"","ocean_menu_typo_transform_tablet":"","ocean_menu_typo_transform_mobile":"","ocean_menu_typo_line_height":0,"ocean_menu_typo_line_height_tablet":0,"ocean_menu_typo_line_height_mobile":0,"ocean_menu_typo_line_height_unit":"","ocean_menu_typo_spacing":0,"ocean_menu_typo_spacing_tablet":0,"ocean_menu_typo_spacing_mobile":0,"ocean_menu_typo_spacing_unit":"","ocean_menu_link_color":"","ocean_menu_link_color_hover":"","ocean_menu_link_color_active":"","ocean_menu_link_background":"","ocean_menu_link_hover_background":"","ocean_menu_link_active_background":"","ocean_menu_social_links_bg":"","ocean_menu_social_hover_links_bg":"","ocean_menu_social_links_color":"","ocean_menu_social_hover_links_color":"","ocean_disable_title":"on","ocean_disable_heading":"default","ocean_post_title":"","ocean_post_subheading":"","ocean_post_title_style":"","ocean_post_title_background_color":"","ocean_post_title_background":0,"ocean_post_title_bg_image_position":"","ocean_post_title_bg_image_attachment":"","ocean_post_title_bg_image_repeat":"","ocean_post_title_bg_image_size":"","ocean_post_title_height":0,"ocean_post_title_bg_overlay":0.5,"ocean_post_title_bg_overlay_color":"","ocean_disable_breadcrumbs":"off","ocean_breadcrumbs_color":"","ocean_breadcrumbs_separator_color":"","ocean_breadcrumbs_links_color":"","ocean_breadcrumbs_links_hover_color":"","ocean_display_footer_widgets":"default","ocean_display_footer_bottom":"default","ocean_custom_footer_template":"0","_joinchat":[]},"product_brand":[],"product_cat":[28],"product_tag":[],"class_list":{"0":"post-1990","1":"product","2":"type-product","3":"status-publish","4":"has-post-thumbnail","6":"product_cat-sin-categorizar","7":"entry","8":"has-media","10":"first","11":"instock","12":"downloadable","13":"virtual","14":"taxable","15":"product-type-event_ticket_manager"},"yoast_head":"<!-- This site is optimized with the Yoast SEO plugin v26.4 - https:\/\/yoast.com\/wordpress\/plugins\/seo\/ -->\n<title>Alimentaci\u00f3n Complementaria\u2026 Y Ahora? - Espacio Jorge el Pediatra<\/title>\n<meta name=\"robots\" content=\"noindex, nofollow\" \/>\n<meta property=\"og:locale\" content=\"en_GB\" \/>\n<meta property=\"og:type\" content=\"article\" \/>\n<meta property=\"og:title\" content=\"Alimentaci\u00f3n Complementaria\u2026 Y Ahora? - Espacio Jorge el Pediatra\" \/>\n<meta property=\"og:description\" content=\"D\u00cdA Y HORA: &#8211; 25 de Octubre a las 10:30 LUGAR: &#8211; Bebeplanet IMPARTIDO POR: &#8211; Dra. Joana Riera, digestiva pedi\u00e1trica especializada en gastro-nutrici\u00f3n. &#8211; Dr. Jorge Mu\u00f1oz, director de Espacio Jorge el pediatra. Descubre c\u00f3mo hacer del paso de la lactancia a la alimentaci\u00f3n complementaria una experiencia tranquila, nutritiva y llena de confianza. En [&hellip;]\" \/>\n<meta property=\"og:url\" content=\"https:\/\/espaciojorgeelpediatra.com\/en\/product-2\/complementary-feeding-and-now\/\" \/>\n<meta property=\"og:site_name\" content=\"Espacio Jorge el Pediatra\" \/>\n<meta property=\"article:modified_time\" content=\"2025-10-20T08:37:47+00:00\" \/>\n<meta property=\"og:image\" content=\"https:\/\/espaciojorgeelpediatra.com\/wp-content\/uploads\/2025\/09\/alimentacion-complementaria-y-ahora-1.jpg\" \/>\n\t<meta property=\"og:image:width\" content=\"1024\" \/>\n\t<meta property=\"og:image:height\" content=\"1024\" \/>\n\t<meta property=\"og:image:type\" content=\"image\/jpeg\" \/>\n<meta name=\"twitter:card\" content=\"summary_large_image\" \/>\n<meta name=\"twitter:label1\" content=\"Estimated reading time\" \/>\n\t<meta name=\"twitter:data1\" content=\"1 minute\" \/>\n<script type=\"application\/ld+json\" class=\"yoast-schema-graph\">{\"@context\":\"https:\/\/schema.org\",\"@graph\":[{\"@type\":\"WebPage\",\"@id\":\"https:\/\/espaciojorgeelpediatra.com\/producto\/alimentacion-complementaria-y-ahora\/\",\"url\":\"https:\/\/espaciojorgeelpediatra.com\/producto\/alimentacion-complementaria-y-ahora\/\",\"name\":\"Alimentaci\u00f3n Complementaria\u2026 Y Ahora? - Espacio Jorge el Pediatra\",\"isPartOf\":{\"@id\":\"https:\/\/espaciojorgeelpediatra.com\/#website\"},\"primaryImageOfPage\":{\"@id\":\"https:\/\/espaciojorgeelpediatra.com\/producto\/alimentacion-complementaria-y-ahora\/#primaryimage\"},\"image\":{\"@id\":\"https:\/\/espaciojorgeelpediatra.com\/producto\/alimentacion-complementaria-y-ahora\/#primaryimage\"},\"thumbnailUrl\":\"https:\/\/espaciojorgeelpediatra.com\/wp-content\/uploads\/2025\/09\/alimentacion-complementaria-y-ahora-1.jpg\",\"datePublished\":\"2025-09-29T07:45:14+00:00\",\"dateModified\":\"2025-10-20T08:37:47+00:00\",\"breadcrumb\":{\"@id\":\"https:\/\/espaciojorgeelpediatra.com\/producto\/alimentacion-complementaria-y-ahora\/#breadcrumb\"},\"inLanguage\":\"en-GB\",\"potentialAction\":[{\"@type\":\"ReadAction\",\"target\":[\"https:\/\/espaciojorgeelpediatra.com\/producto\/alimentacion-complementaria-y-ahora\/\"]}]},{\"@type\":\"ImageObject\",\"inLanguage\":\"en-GB\",\"@id\":\"https:\/\/espaciojorgeelpediatra.com\/producto\/alimentacion-complementaria-y-ahora\/#primaryimage\",\"url\":\"https:\/\/espaciojorgeelpediatra.com\/wp-content\/uploads\/2025\/09\/alimentacion-complementaria-y-ahora-1.jpg\",\"contentUrl\":\"https:\/\/espaciojorgeelpediatra.com\/wp-content\/uploads\/2025\/09\/alimentacion-complementaria-y-ahora-1.jpg\",\"width\":1024,\"height\":1024},{\"@type\":\"BreadcrumbList\",\"@id\":\"https:\/\/espaciojorgeelpediatra.com\/producto\/alimentacion-complementaria-y-ahora\/#breadcrumb\",\"itemListElement\":[{\"@type\":\"ListItem\",\"position\":1,\"name\":\"Portada\",\"item\":\"https:\/\/espaciojorgeelpediatra.com\/\"},{\"@type\":\"ListItem\",\"position\":2,\"name\":\"Tienda\",\"item\":\"https:\/\/espaciojorgeelpediatra.com\/tienda\/\"},{\"@type\":\"ListItem\",\"position\":3,\"name\":\"Alimentaci\u00f3n Complementaria\u2026 Y Ahora?\"}]},{\"@type\":\"WebSite\",\"@id\":\"https:\/\/espaciojorgeelpediatra.com\/#website\",\"url\":\"https:\/\/espaciojorgeelpediatra.com\/\",\"name\":\"Espacio Jorge el Pediatra\",\"description\":\"Servicio de Pediatr\u00eda en Palma de Mallorca\",\"potentialAction\":[{\"@type\":\"SearchAction\",\"target\":{\"@type\":\"EntryPoint\",\"urlTemplate\":\"https:\/\/espaciojorgeelpediatra.com\/?s={search_term_string}\"},\"query-input\":{\"@type\":\"PropertyValueSpecification\",\"valueRequired\":true,\"valueName\":\"search_term_string\"}}],\"inLanguage\":\"en-GB\"}]}<\/script>\n<!-- \/ Yoast SEO plugin. -->","yoast_head_json":{"title":"Complementary Feeding... Now What? - Jorge the Pediatrician Space","robots":{"index":"noindex","follow":"nofollow"},"og_locale":"en_GB","og_type":"article","og_title":"Alimentaci\u00f3n Complementaria\u2026 Y Ahora? - Espacio Jorge el Pediatra","og_description":"D\u00cdA Y HORA: &#8211; 25 de Octubre a las 10:30 LUGAR: &#8211; Bebeplanet IMPARTIDO POR: &#8211; Dra. Joana Riera, digestiva pedi\u00e1trica especializada en gastro-nutrici\u00f3n. &#8211; Dr. Jorge Mu\u00f1oz, director de Espacio Jorge el pediatra. Descubre c\u00f3mo hacer del paso de la lactancia a la alimentaci\u00f3n complementaria una experiencia tranquila, nutritiva y llena de confianza. En [&hellip;]","og_url":"https:\/\/espaciojorgeelpediatra.com\/en\/product-2\/complementary-feeding-and-now\/","og_site_name":"Espacio Jorge el Pediatra","article_modified_time":"2025-10-20T08:37:47+00:00","og_image":[{"width":1024,"height":1024,"url":"https:\/\/espaciojorgeelpediatra.com\/wp-content\/uploads\/2025\/09\/alimentacion-complementaria-y-ahora-1.jpg","type":"image\/jpeg"}],"twitter_card":"summary_large_image","twitter_misc":{"Estimated reading time":"1 minute"},"schema":{"@context":"https:\/\/schema.org","@graph":[{"@type":"WebPage","@id":"https:\/\/espaciojorgeelpediatra.com\/producto\/alimentacion-complementaria-y-ahora\/","url":"https:\/\/espaciojorgeelpediatra.com\/producto\/alimentacion-complementaria-y-ahora\/","name":"Complementary Feeding... Now What? - Jorge the Pediatrician Space","isPartOf":{"@id":"https:\/\/espaciojorgeelpediatra.com\/#website"},"primaryImageOfPage":{"@id":"https:\/\/espaciojorgeelpediatra.com\/producto\/alimentacion-complementaria-y-ahora\/#primaryimage"},"image":{"@id":"https:\/\/espaciojorgeelpediatra.com\/producto\/alimentacion-complementaria-y-ahora\/#primaryimage"},"thumbnailUrl":"https:\/\/espaciojorgeelpediatra.com\/wp-content\/uploads\/2025\/09\/alimentacion-complementaria-y-ahora-1.jpg","datePublished":"2025-09-29T07:45:14+00:00","dateModified":"2025-10-20T08:37:47+00:00","breadcrumb":{"@id":"https:\/\/espaciojorgeelpediatra.com\/producto\/alimentacion-complementaria-y-ahora\/#breadcrumb"},"inLanguage":"en-GB","potentialAction":[{"@type":"ReadAction","target":["https:\/\/espaciojorgeelpediatra.com\/producto\/alimentacion-complementaria-y-ahora\/"]}]},{"@type":"ImageObject","inLanguage":"en-GB","@id":"https:\/\/espaciojorgeelpediatra.com\/producto\/alimentacion-complementaria-y-ahora\/#primaryimage","url":"https:\/\/espaciojorgeelpediatra.com\/wp-content\/uploads\/2025\/09\/alimentacion-complementaria-y-ahora-1.jpg","contentUrl":"https:\/\/espaciojorgeelpediatra.com\/wp-content\/uploads\/2025\/09\/alimentacion-complementaria-y-ahora-1.jpg","width":1024,"height":1024},{"@type":"BreadcrumbList","@id":"https:\/\/espaciojorgeelpediatra.com\/producto\/alimentacion-complementaria-y-ahora\/#breadcrumb","itemListElement":[{"@type":"ListItem","position":1,"name":"Portada","item":"https:\/\/espaciojorgeelpediatra.com\/"},{"@type":"ListItem","position":2,"name":"Tienda","item":"https:\/\/espaciojorgeelpediatra.com\/tienda\/"},{"@type":"ListItem","position":3,"name":"Alimentaci\u00f3n Complementaria\u2026 Y Ahora?"}]},{"@type":"WebSite","@id":"https:\/\/espaciojorgeelpediatra.com\/#website","url":"https:\/\/espaciojorgeelpediatra.com\/","name":"Espacio Jorge el Pediatra","description":"Pediatrics Service in Palma de Mallorca","potentialAction":[{"@type":"SearchAction","target":{"@type":"EntryPoint","urlTemplate":"https:\/\/espaciojorgeelpediatra.com\/?s={search_term_string}"},"query-input":{"@type":"PropertyValueSpecification","valueRequired":true,"valueName":"search_term_string"}}],"inLanguage":"en-GB"}]}},"_links":{"self":[{"href":"https:\/\/espaciojorgeelpediatra.com\/en\/wp-json\/wp\/v2\/product\/1990","targetHints":{"allow":["GET"]}}],"collection":[{"href":"https:\/\/espaciojorgeelpediatra.com\/en\/wp-json\/wp\/v2\/product"}],"about":[{"href":"https:\/\/espaciojorgeelpediatra.com\/en\/wp-json\/wp\/v2\/types\/product"}],"replies":[{"embeddable":true,"href":"https:\/\/espaciojorgeelpediatra.com\/en\/wp-json\/wp\/v2\/comments?post=1990"}],"wp:featuredmedia":[{"embeddable":true,"href":"https:\/\/espaciojorgeelpediatra.com\/en\/wp-json\/wp\/v2\/media\/2014"}],"wp:attachment":[{"href":"https:\/\/espaciojorgeelpediatra.com\/en\/wp-json\/wp\/v2\/media?parent=1990"}],"wp:term":[{"taxonomy":"product_brand","embeddable":true,"href":"https:\/\/espaciojorgeelpediatra.com\/en\/wp-json\/wp\/v2\/product_brand?post=1990"},{"taxonomy":"product_cat","embeddable":true,"href":"https:\/\/espaciojorgeelpediatra.com\/en\/wp-json\/wp\/v2\/product_cat?post=1990"},{"taxonomy":"product_tag","embeddable":true,"href":"https:\/\/espaciojorgeelpediatra.com\/en\/wp-json\/wp\/v2\/product_tag?post=1990"}],"curies":[{"name":"wp","href":"https:\/\/api.w.org\/{rel}","templated":true}]}}