{"id":1522,"date":"2022-08-26T11:53:57","date_gmt":"2022-08-26T11:53:57","guid":{"rendered":"https:\/\/espaciojorgeelpediatra.com\/?page_id=1522"},"modified":"2022-08-26T12:03:15","modified_gmt":"2022-08-26T12:03:15","slug":"toni-rosell-camps-pediatrisk-gastroenterolog","status":"publish","type":"page","link":"https:\/\/espaciojorgeelpediatra.com\/sv\/toni-rosell-camps-pediatrisk-gastroenterolog\/","title":{"rendered":"Toni Rosell Camps Gastroenterolog f\u00f6r barn"},"content":{"rendered":"<div data-elementor-type=\"wp-page\" data-elementor-id=\"1522\" class=\"elementor elementor-1522\" data-elementor-post-type=\"page\">\n\t\t\t\t\t\t<section class=\"elementor-section elementor-top-section elementor-element elementor-element-701c08a9 elementor-section-full_width elementor-section-content-middle elementor-section-height-default elementor-section-height-default\" data-id=\"701c08a9\" data-element_type=\"section\" data-settings=\"{&quot;background_background&quot;:&quot;classic&quot;}\">\n\t\t\t\t\t\t<div class=\"elementor-container elementor-column-gap-no\">\n\t\t\t\t\t<div class=\"elementor-column elementor-col-50 elementor-top-column elementor-element elementor-element-5245c113\" data-id=\"5245c113\" data-element_type=\"column\">\n\t\t\t<div class=\"elementor-widget-wrap elementor-element-populated\">\n\t\t\t\t\t\t<div class=\"elementor-element elementor-element-88da93c elementor-widget elementor-widget-image\" data-id=\"88da93c\" data-element_type=\"widget\" data-widget_type=\"image.default\">\n\t\t\t\t<div class=\"elementor-widget-container\">\n\t\t\t\t\t\t\t\t\t\t\t\t\t\t\t<img fetchpriority=\"high\" decoding=\"async\" width=\"540\" height=\"540\" src=\"https:\/\/espaciojorgeelpediatra.com\/wp-content\/uploads\/2022\/08\/toni-rosell-camps-gastroenterologo-infantil.png\" class=\"attachment-full size-full wp-image-1527\" alt=\"\" srcset=\"https:\/\/espaciojorgeelpediatra.com\/wp-content\/uploads\/2022\/08\/toni-rosell-camps-gastroenterologo-infantil.png 540w, https:\/\/espaciojorgeelpediatra.com\/wp-content\/uploads\/2022\/08\/toni-rosell-camps-gastroenterologo-infantil-300x300.png 300w, https:\/\/espaciojorgeelpediatra.com\/wp-content\/uploads\/2022\/08\/toni-rosell-camps-gastroenterologo-infantil-100x100.png 100w, https:\/\/espaciojorgeelpediatra.com\/wp-content\/uploads\/2022\/08\/toni-rosell-camps-gastroenterologo-infantil-150x150.png 150w\" sizes=\"(max-width: 540px) 100vw, 540px\" \/>\t\t\t\t\t\t\t\t\t\t\t\t\t\t\t<\/div>\n\t\t\t\t<\/div>\n\t\t\t\t\t<\/div>\n\t\t<\/div>\n\t\t\t\t<div class=\"elementor-column elementor-col-50 elementor-top-column elementor-element elementor-element-74974aec\" data-id=\"74974aec\" data-element_type=\"column\">\n\t\t\t<div class=\"elementor-widget-wrap elementor-element-populated\">\n\t\t\t\t\t\t<div class=\"elementor-element elementor-element-3672160d elementor-widget elementor-widget-heading\" data-id=\"3672160d\" data-element_type=\"widget\" data-widget_type=\"heading.default\">\n\t\t\t\t<div class=\"elementor-widget-container\">\n\t\t\t\t\t<p class=\"elementor-heading-title elementor-size-default\">Gastroenterolog f\u00f6r barn<\/p>\t\t\t\t<\/div>\n\t\t\t\t<\/div>\n\t\t\t\t<div class=\"elementor-element elementor-element-1b9f1130 elementor-widget elementor-widget-heading\" data-id=\"1b9f1130\" data-element_type=\"widget\" data-widget_type=\"heading.default\">\n\t\t\t\t<div class=\"elementor-widget-container\">\n\t\t\t\t\t<h1 class=\"elementor-heading-title elementor-size-default\">Toni Rosell Camps<\/h1>\t\t\t\t<\/div>\n\t\t\t\t<\/div>\n\t\t\t\t<div class=\"elementor-element elementor-element-6d9f9fba elementor-widget elementor-widget-text-editor\" data-id=\"6d9f9fba\" data-element_type=\"widget\" data-widget_type=\"text-editor.default\">\n\t\t\t\t<div class=\"elementor-widget-container\">\n\t\t\t\t\t\t\t\t\t<div dir=\"auto\"><p class=\"p1\">L\u00e4kare specialiserad p\u00e5 pediatrik och dedikerad till pediatrisk gastroenterologi i mer \u00e4n 25 \u00e5r. M\u00e5nga medlemmar i det spanska samh\u00e4llet f\u00f6r gastroenterologi, hepatologi och pediatrisk nutrition. Jag arbetar p\u00e5 Son Espases universitetssjukhus och koordinerar den pediatriska gastroenterologiska enheten.<\/p><p class=\"p1\">Jag \u00e4r \u00e4ven docent vid UIB i \u00e4mnet Praktisk klinisk pediatrik. Sedan jag studerade medicin i Soria och Zaragoza har jag gillat pediatrik, att ta itu med barn och deras familjer, vilket \u00e4r v\u00e4ldigt annorlunda \u00e4n n\u00e4r man har att g\u00f6ra med vuxna. Och medan jag utbildade mig till barnl\u00e4kare p\u00e5 Son Dureta-sjukhuset uppt\u00e4ckte jag pediatrisk gastroenterologi. En sp\u00e4nnande pediatrisk subspecialitet som t\u00e4cker b\u00e5de matsm\u00e4ltnings- och leverproblem och n\u00e4ring. Och det t\u00e4cker ocks\u00e5 tekniker som matsm\u00e4ltningsendoskopier.<\/p><p class=\"p1\">F\u00f6r att kunna behandla mag-tarmsjukdomar \u00e4r det viktigt f\u00f6r familjen att kunna agera snabbt och utan l\u00e5nga v\u00e4ntetider och \u00e4ven hinna tr\u00e4ffa patienten. Vi har uppn\u00e5tt detta p\u00e5 &quot;Espacio Jorge&quot; med ganska omedelbar hj\u00e4lp och tillr\u00e4ckligt med tid f\u00f6r konsultation.<\/p><p class=\"p1\">Bland matsm\u00e4ltningsproblemen som vi kan utv\u00e4rdera \u00e4r f\u00f6rstoppning, kronisk buksm\u00e4rta, fall av diarr\u00e9, gastroesofageal reflux, helicobacter pylori-infektion, kronisk hepatit, intolerans mot laktos eller andra sockerarter, glutenintolerans,...<\/p><p class=\"p1\">F\u00f6r eventuella fr\u00e5gor eller funderingar, be Jorge att boka ett m\u00f6te.<\/p><\/div>\t\t\t\t\t\t\t\t<\/div>\n\t\t\t\t<\/div>\n\t\t\t\t\t<\/div>\n\t\t<\/div>\n\t\t\t\t\t<\/div>\n\t\t<\/section>\n\t\t\t\t<section class=\"elementor-section elementor-top-section elementor-element elementor-element-2b80b5bf elementor-section-content-middle elementor-section-boxed elementor-section-height-default elementor-section-height-default\" data-id=\"2b80b5bf\" data-element_type=\"section\" data-settings=\"{&quot;background_background&quot;:&quot;classic&quot;}\">\n\t\t\t\t\t\t<div class=\"elementor-container elementor-column-gap-default\">\n\t\t\t\t\t<div class=\"elementor-column elementor-col-50 elementor-top-column elementor-element elementor-element-17ac608e\" data-id=\"17ac608e\" data-element_type=\"column\">\n\t\t\t<div class=\"elementor-widget-wrap elementor-element-populated\">\n\t\t\t\t\t\t<div class=\"elementor-element elementor-element-3c006950 elementor-widget elementor-widget-menu-anchor\" data-id=\"3c006950\" data-element_type=\"widget\" data-widget_type=\"menu-anchor.default\">\n\t\t\t\t<div class=\"elementor-widget-container\">\n\t\t\t\t\t\t\t<div class=\"elementor-menu-anchor\" id=\"contacto\"><\/div>\n\t\t\t\t\t\t<\/div>\n\t\t\t\t<\/div>\n\t\t\t\t<div class=\"elementor-element elementor-element-4601602e elementor-widget elementor-widget-heading\" data-id=\"4601602e\" data-element_type=\"widget\" data-widget_type=\"heading.default\">\n\t\t\t\t<div class=\"elementor-widget-container\">\n\t\t\t\t\t<h2 class=\"elementor-heading-title elementor-size-default\">Beh\u00f6ver du hj\u00e4lp?<\/h2>\t\t\t\t<\/div>\n\t\t\t\t<\/div>\n\t\t\t\t<div class=\"elementor-element elementor-element-2ced18d1 elementor-widget elementor-widget-text-editor\" data-id=\"2ced18d1\" data-element_type=\"widget\" data-widget_type=\"text-editor.default\">\n\t\t\t\t<div class=\"elementor-widget-container\">\n\t\t\t\t\t\t\t\t\tKlicka p\u00e5 knappen och kontakta oss. Vi v\u00e4lkomnar dig g\u00e4rna.\t\t\t\t\t\t\t\t<\/div>\n\t\t\t\t<\/div>\n\t\t\t\t\t<\/div>\n\t\t<\/div>\n\t\t\t\t<div class=\"elementor-column elementor-col-50 elementor-top-column elementor-element elementor-element-35487267\" data-id=\"35487267\" data-element_type=\"column\">\n\t\t\t<div class=\"elementor-widget-wrap elementor-element-populated\">\n\t\t\t\t\t\t<div class=\"elementor-element elementor-element-39d33cb0 elementor-widget__width-initial elementor-widget elementor-widget-eael-creative-button\" data-id=\"39d33cb0\" data-element_type=\"widget\" data-widget_type=\"eael-creative-button.default\">\n\t\t\t\t<div class=\"elementor-widget-container\">\n\t\t\t\t\t        <div class=\"eael-creative-button-wrapper\">\n\n            <a class=\"eael-creative-button eael-creative-button--wayra\" href=\"https:\/\/api.whatsapp.com\/send\/?phone=34667719202&#038;text&#038;app_absent=0\" data-text=\"Cont\u00e1ctanos\">\n            \t    \n                <div class=\"creative-button-inner\">\n\n                    \n                    <span class=\"cretive-button-text\">Kontakta oss<\/span>\n\n                                    <\/div>\n\t                        <\/a>\n        <\/div>\n        \t\t\t\t<\/div>\n\t\t\t\t<\/div>\n\t\t\t\t\t<\/div>\n\t\t<\/div>\n\t\t\t\t\t<\/div>\n\t\t<\/section>\n\t\t\t\t<\/div>","protected":false},"excerpt":{"rendered":"<p>Barnmagespecialist Toni Rosell Camps. Han har varit barnspecialist och engagerad i barnmagespecialistsjukdomar i \u00f6ver 25 \u00e5r. Han \u00e4r fullv\u00e4rdig medlem i den spanska f\u00f6reningen f\u00f6r barnmagespecialistsjukdomar, hepatologi och nutrition. Jag arbetar p\u00e5 universitetssjukhuset Son Espases och koordinerar enheten f\u00f6r barnmagespecialistsjukdomar. Jag \u00e4r ocks\u00e5 docent vid UIB i [\u2026]<\/p>","protected":false},"author":1,"featured_media":0,"parent":0,"menu_order":0,"comment_status":"closed","ping_status":"closed","template":"elementor_header_footer","meta":{"ocean_post_layout":"full-width","ocean_both_sidebars_style":"","ocean_both_sidebars_content_width":0,"ocean_both_sidebars_sidebars_width":0,"ocean_sidebar":"0","ocean_second_sidebar":"0","ocean_disable_margins":"on","ocean_add_body_class":"","ocean_shortcode_before_top_bar":"","ocean_shortcode_after_top_bar":"","ocean_shortcode_before_header":"","ocean_shortcode_after_header":"","ocean_has_shortcode":"","ocean_shortcode_after_title":"","ocean_shortcode_before_footer_widgets":"","ocean_shortcode_after_footer_widgets":"","ocean_shortcode_before_footer_bottom":"","ocean_shortcode_after_footer_bottom":"","ocean_display_top_bar":"default","ocean_display_header":"default","ocean_header_style":"","ocean_center_header_left_menu":"0","ocean_custom_header_template":"0","ocean_custom_logo":0,"ocean_custom_retina_logo":0,"ocean_custom_logo_max_width":0,"ocean_custom_logo_tablet_max_width":0,"ocean_custom_logo_mobile_max_width":0,"ocean_custom_logo_max_height":0,"ocean_custom_logo_tablet_max_height":0,"ocean_custom_logo_mobile_max_height":0,"ocean_header_custom_menu":"0","ocean_menu_typo_font_family":"0","ocean_menu_typo_font_subset":"","ocean_menu_typo_font_size":0,"ocean_menu_typo_font_size_tablet":0,"ocean_menu_typo_font_size_mobile":0,"ocean_menu_typo_font_size_unit":"px","ocean_menu_typo_font_weight":"","ocean_menu_typo_font_weight_tablet":"","ocean_menu_typo_font_weight_mobile":"","ocean_menu_typo_transform":"","ocean_menu_typo_transform_tablet":"","ocean_menu_typo_transform_mobile":"","ocean_menu_typo_line_height":0,"ocean_menu_typo_line_height_tablet":0,"ocean_menu_typo_line_height_mobile":0,"ocean_menu_typo_line_height_unit":"","ocean_menu_typo_spacing":0,"ocean_menu_typo_spacing_tablet":0,"ocean_menu_typo_spacing_mobile":0,"ocean_menu_typo_spacing_unit":"","ocean_menu_link_color":"","ocean_menu_link_color_hover":"","ocean_menu_link_color_active":"","ocean_menu_link_background":"","ocean_menu_link_hover_background":"","ocean_menu_link_active_background":"","ocean_menu_social_links_bg":"","ocean_menu_social_hover_links_bg":"","ocean_menu_social_links_color":"","ocean_menu_social_hover_links_color":"","ocean_disable_title":"on","ocean_disable_heading":"default","ocean_post_title":"","ocean_post_subheading":"","ocean_post_title_style":"","ocean_post_title_background_color":"","ocean_post_title_background":0,"ocean_post_title_bg_image_position":"","ocean_post_title_bg_image_attachment":"","ocean_post_title_bg_image_repeat":"","ocean_post_title_bg_image_size":"","ocean_post_title_height":0,"ocean_post_title_bg_overlay":0.5,"ocean_post_title_bg_overlay_color":"","ocean_disable_breadcrumbs":"off","ocean_breadcrumbs_color":"","ocean_breadcrumbs_separator_color":"","ocean_breadcrumbs_links_color":"","ocean_breadcrumbs_links_hover_color":"","ocean_display_footer_widgets":"off","ocean_display_footer_bottom":"off","ocean_custom_footer_template":"0","_joinchat":[],"footnotes":""},"class_list":["post-1522","page","type-page","status-publish","hentry","entry"],"yoast_head":"<!-- This site is optimized with the Yoast SEO plugin v26.4 - https:\/\/yoast.com\/wordpress\/plugins\/seo\/ -->\n<title>Toni Rosell Camps | Gastroenter\u00f3logo Infantil<\/title>\n<meta name=\"description\" content=\"Toni Rosell Camps es nuestro gastroenterologo infantil. Dedicado a hacer que tus peque\u00f1os de la casa se sientan mejor con la digesti\u00f3n.\" \/>\n<meta name=\"robots\" content=\"index, follow, max-snippet:-1, max-image-preview:large, max-video-preview:-1\" \/>\n<link rel=\"canonical\" href=\"https:\/\/espaciojorgeelpediatra.com\/sv\/toni-rosell-camps-pediatrisk-gastroenterolog\/\" \/>\n<meta property=\"og:locale\" content=\"sv_SE\" \/>\n<meta property=\"og:type\" content=\"article\" \/>\n<meta property=\"og:title\" content=\"Toni Rosell Camps | Gastroenter\u00f3logo Infantil\" \/>\n<meta property=\"og:description\" content=\"Toni Rosell Camps es nuestro gastroenterologo infantil. Dedicado a hacer que tus peque\u00f1os de la casa se sientan mejor con la digesti\u00f3n.\" \/>\n<meta property=\"og:url\" content=\"https:\/\/espaciojorgeelpediatra.com\/sv\/toni-rosell-camps-pediatrisk-gastroenterolog\/\" \/>\n<meta property=\"og:site_name\" content=\"Espacio Jorge el Pediatra\" \/>\n<meta property=\"article:modified_time\" content=\"2022-08-26T12:03:15+00:00\" \/>\n<meta property=\"og:image\" content=\"https:\/\/espaciojorgeelpediatra.com\/wp-content\/uploads\/2022\/08\/toni-rosell-camps-gastroenterologo-infantil.png\" \/>\n<meta name=\"twitter:card\" content=\"summary_large_image\" \/>\n<meta name=\"twitter:label1\" content=\"Ber\u00e4knad l\u00e4stid\" \/>\n\t<meta name=\"twitter:data1\" content=\"2 minuter\" \/>\n<script type=\"application\/ld+json\" class=\"yoast-schema-graph\">{\"@context\":\"https:\/\/schema.org\",\"@graph\":[{\"@type\":\"WebPage\",\"@id\":\"https:\/\/espaciojorgeelpediatra.com\/toni-rosell-camps-gastroenterologo-infantil\/\",\"url\":\"https:\/\/espaciojorgeelpediatra.com\/toni-rosell-camps-gastroenterologo-infantil\/\",\"name\":\"Toni Rosell Camps | Gastroenter\u00f3logo Infantil\",\"isPartOf\":{\"@id\":\"https:\/\/espaciojorgeelpediatra.com\/#website\"},\"primaryImageOfPage\":{\"@id\":\"https:\/\/espaciojorgeelpediatra.com\/toni-rosell-camps-gastroenterologo-infantil\/#primaryimage\"},\"image\":{\"@id\":\"https:\/\/espaciojorgeelpediatra.com\/toni-rosell-camps-gastroenterologo-infantil\/#primaryimage\"},\"thumbnailUrl\":\"https:\/\/espaciojorgeelpediatra.com\/wp-content\/uploads\/2022\/08\/toni-rosell-camps-gastroenterologo-infantil.png\",\"datePublished\":\"2022-08-26T11:53:57+00:00\",\"dateModified\":\"2022-08-26T12:03:15+00:00\",\"description\":\"Toni Rosell Camps es nuestro gastroenterologo infantil. Dedicado a hacer que tus peque\u00f1os de la casa se sientan mejor con la digesti\u00f3n.\",\"breadcrumb\":{\"@id\":\"https:\/\/espaciojorgeelpediatra.com\/toni-rosell-camps-gastroenterologo-infantil\/#breadcrumb\"},\"inLanguage\":\"sv-SE\",\"potentialAction\":[{\"@type\":\"ReadAction\",\"target\":[\"https:\/\/espaciojorgeelpediatra.com\/toni-rosell-camps-gastroenterologo-infantil\/\"]}]},{\"@type\":\"ImageObject\",\"inLanguage\":\"sv-SE\",\"@id\":\"https:\/\/espaciojorgeelpediatra.com\/toni-rosell-camps-gastroenterologo-infantil\/#primaryimage\",\"url\":\"https:\/\/espaciojorgeelpediatra.com\/wp-content\/uploads\/2022\/08\/toni-rosell-camps-gastroenterologo-infantil.png\",\"contentUrl\":\"https:\/\/espaciojorgeelpediatra.com\/wp-content\/uploads\/2022\/08\/toni-rosell-camps-gastroenterologo-infantil.png\"},{\"@type\":\"BreadcrumbList\",\"@id\":\"https:\/\/espaciojorgeelpediatra.com\/toni-rosell-camps-gastroenterologo-infantil\/#breadcrumb\",\"itemListElement\":[{\"@type\":\"ListItem\",\"position\":1,\"name\":\"Portada\",\"item\":\"https:\/\/espaciojorgeelpediatra.com\/\"},{\"@type\":\"ListItem\",\"position\":2,\"name\":\"Toni Rosell Camps Gastroenter\u00f3logo Infantil\"}]},{\"@type\":\"WebSite\",\"@id\":\"https:\/\/espaciojorgeelpediatra.com\/#website\",\"url\":\"https:\/\/espaciojorgeelpediatra.com\/\",\"name\":\"Espacio Jorge el Pediatra\",\"description\":\"Servicio de Pediatr\u00eda en Palma de Mallorca\",\"potentialAction\":[{\"@type\":\"SearchAction\",\"target\":{\"@type\":\"EntryPoint\",\"urlTemplate\":\"https:\/\/espaciojorgeelpediatra.com\/?s={search_term_string}\"},\"query-input\":{\"@type\":\"PropertyValueSpecification\",\"valueRequired\":true,\"valueName\":\"search_term_string\"}}],\"inLanguage\":\"sv-SE\"}]}<\/script>\n<!-- \/ Yoast SEO plugin. -->","yoast_head_json":{"title":"Toni Rosell Camps | Gastroenterolog f\u00f6r barn","description":"Toni Rosell Camps \u00e4r v\u00e5r pediatriska gastroenterolog. Dedikerad till att f\u00e5 dina sm\u00e5 i huset att m\u00e5 b\u00e4ttre med sin matsm\u00e4ltning.","robots":{"index":"index","follow":"follow","max-snippet":"max-snippet:-1","max-image-preview":"max-image-preview:large","max-video-preview":"max-video-preview:-1"},"canonical":"https:\/\/espaciojorgeelpediatra.com\/sv\/toni-rosell-camps-pediatrisk-gastroenterolog\/","og_locale":"sv_SE","og_type":"article","og_title":"Toni Rosell Camps | Gastroenter\u00f3logo Infantil","og_description":"Toni Rosell Camps es nuestro gastroenterologo infantil. Dedicado a hacer que tus peque\u00f1os de la casa se sientan mejor con la digesti\u00f3n.","og_url":"https:\/\/espaciojorgeelpediatra.com\/sv\/toni-rosell-camps-pediatrisk-gastroenterolog\/","og_site_name":"Espacio Jorge el Pediatra","article_modified_time":"2022-08-26T12:03:15+00:00","og_image":[{"url":"https:\/\/espaciojorgeelpediatra.com\/wp-content\/uploads\/2022\/08\/toni-rosell-camps-gastroenterologo-infantil.png","type":"","width":"","height":""}],"twitter_card":"summary_large_image","twitter_misc":{"Ber\u00e4knad l\u00e4stid":"2 minuter"},"schema":{"@context":"https:\/\/schema.org","@graph":[{"@type":"WebPage","@id":"https:\/\/espaciojorgeelpediatra.com\/toni-rosell-camps-gastroenterologo-infantil\/","url":"https:\/\/espaciojorgeelpediatra.com\/toni-rosell-camps-gastroenterologo-infantil\/","name":"Toni Rosell Camps | Gastroenterolog f\u00f6r barn","isPartOf":{"@id":"https:\/\/espaciojorgeelpediatra.com\/#website"},"primaryImageOfPage":{"@id":"https:\/\/espaciojorgeelpediatra.com\/toni-rosell-camps-gastroenterologo-infantil\/#primaryimage"},"image":{"@id":"https:\/\/espaciojorgeelpediatra.com\/toni-rosell-camps-gastroenterologo-infantil\/#primaryimage"},"thumbnailUrl":"https:\/\/espaciojorgeelpediatra.com\/wp-content\/uploads\/2022\/08\/toni-rosell-camps-gastroenterologo-infantil.png","datePublished":"2022-08-26T11:53:57+00:00","dateModified":"2022-08-26T12:03:15+00:00","description":"Toni Rosell Camps \u00e4r v\u00e5r pediatriska gastroenterolog. Dedikerad till att f\u00e5 dina sm\u00e5 i huset att m\u00e5 b\u00e4ttre med sin matsm\u00e4ltning.","breadcrumb":{"@id":"https:\/\/espaciojorgeelpediatra.com\/toni-rosell-camps-gastroenterologo-infantil\/#breadcrumb"},"inLanguage":"sv-SE","potentialAction":[{"@type":"ReadAction","target":["https:\/\/espaciojorgeelpediatra.com\/toni-rosell-camps-gastroenterologo-infantil\/"]}]},{"@type":"ImageObject","inLanguage":"sv-SE","@id":"https:\/\/espaciojorgeelpediatra.com\/toni-rosell-camps-gastroenterologo-infantil\/#primaryimage","url":"https:\/\/espaciojorgeelpediatra.com\/wp-content\/uploads\/2022\/08\/toni-rosell-camps-gastroenterologo-infantil.png","contentUrl":"https:\/\/espaciojorgeelpediatra.com\/wp-content\/uploads\/2022\/08\/toni-rosell-camps-gastroenterologo-infantil.png"},{"@type":"BreadcrumbList","@id":"https:\/\/espaciojorgeelpediatra.com\/toni-rosell-camps-gastroenterologo-infantil\/#breadcrumb","itemListElement":[{"@type":"ListItem","position":1,"name":"Portada","item":"https:\/\/espaciojorgeelpediatra.com\/"},{"@type":"ListItem","position":2,"name":"Toni Rosell Camps Gastroenter\u00f3logo Infantil"}]},{"@type":"WebSite","@id":"https:\/\/espaciojorgeelpediatra.com\/#website","url":"https:\/\/espaciojorgeelpediatra.com\/","name":"Espacio Jorge el Pediatra","description":"Barnsjukv\u00e5rd i Palma de Mallorca","potentialAction":[{"@type":"SearchAction","target":{"@type":"EntryPoint","urlTemplate":"https:\/\/espaciojorgeelpediatra.com\/?s={search_term_string}"},"query-input":{"@type":"PropertyValueSpecification","valueRequired":true,"valueName":"search_term_string"}}],"inLanguage":"sv-SE"}]}},"_links":{"self":[{"href":"https:\/\/espaciojorgeelpediatra.com\/sv\/wp-json\/wp\/v2\/pages\/1522","targetHints":{"allow":["GET"]}}],"collection":[{"href":"https:\/\/espaciojorgeelpediatra.com\/sv\/wp-json\/wp\/v2\/pages"}],"about":[{"href":"https:\/\/espaciojorgeelpediatra.com\/sv\/wp-json\/wp\/v2\/types\/page"}],"author":[{"embeddable":true,"href":"https:\/\/espaciojorgeelpediatra.com\/sv\/wp-json\/wp\/v2\/users\/1"}],"replies":[{"embeddable":true,"href":"https:\/\/espaciojorgeelpediatra.com\/sv\/wp-json\/wp\/v2\/comments?post=1522"}],"version-history":[{"count":14,"href":"https:\/\/espaciojorgeelpediatra.com\/sv\/wp-json\/wp\/v2\/pages\/1522\/revisions"}],"predecessor-version":[{"id":1537,"href":"https:\/\/espaciojorgeelpediatra.com\/sv\/wp-json\/wp\/v2\/pages\/1522\/revisions\/1537"}],"wp:attachment":[{"href":"https:\/\/espaciojorgeelpediatra.com\/sv\/wp-json\/wp\/v2\/media?parent=1522"}],"curies":[{"name":"wp","href":"https:\/\/api.w.org\/{rel}","templated":true}]}}