{"id":1809,"date":"2024-10-24T09:20:38","date_gmt":"2024-10-24T09:20:38","guid":{"rendered":"https:\/\/espaciojorgeelpediatra.com\/?page_id=1809"},"modified":"2024-10-24T10:50:05","modified_gmt":"2024-10-24T10:50:05","slug":"felix-lozano-gacias-sjukgymnast","status":"publish","type":"page","link":"https:\/\/espaciojorgeelpediatra.com\/sv\/felix-lozano-gacias-sjukgymnast\/","title":{"rendered":"F\u00e8lix Lozano Garcias Fysioterapeut"},"content":{"rendered":"<div data-elementor-type=\"wp-page\" data-elementor-id=\"1809\" class=\"elementor elementor-1809\" data-elementor-post-type=\"page\">\n\t\t\t\t\t\t<section class=\"elementor-section elementor-top-section elementor-element elementor-element-701c08a9 elementor-section-full_width elementor-section-content-middle elementor-section-height-default elementor-section-height-default\" data-id=\"701c08a9\" data-element_type=\"section\" data-settings=\"{&quot;background_background&quot;:&quot;classic&quot;}\">\n\t\t\t\t\t\t<div class=\"elementor-container elementor-column-gap-no\">\n\t\t\t\t\t<div class=\"elementor-column elementor-col-50 elementor-top-column elementor-element elementor-element-5245c113\" data-id=\"5245c113\" data-element_type=\"column\">\n\t\t\t<div class=\"elementor-widget-wrap elementor-element-populated\">\n\t\t\t\t\t\t<div class=\"elementor-element elementor-element-88da93c elementor-widget elementor-widget-image\" data-id=\"88da93c\" data-element_type=\"widget\" data-widget_type=\"image.default\">\n\t\t\t\t<div class=\"elementor-widget-container\">\n\t\t\t\t\t\t\t\t\t\t\t\t\t\t\t<img fetchpriority=\"high\" decoding=\"async\" width=\"1080\" height=\"1080\" src=\"https:\/\/espaciojorgeelpediatra.com\/wp-content\/uploads\/2024\/10\/felix-lozano-gacias.png\" class=\"attachment-full size-full wp-image-1816\" alt=\"\" srcset=\"https:\/\/espaciojorgeelpediatra.com\/wp-content\/uploads\/2024\/10\/felix-lozano-gacias.png 1080w, https:\/\/espaciojorgeelpediatra.com\/wp-content\/uploads\/2024\/10\/felix-lozano-gacias-300x300.png 300w, https:\/\/espaciojorgeelpediatra.com\/wp-content\/uploads\/2024\/10\/felix-lozano-gacias-100x100.png 100w, https:\/\/espaciojorgeelpediatra.com\/wp-content\/uploads\/2024\/10\/felix-lozano-gacias-600x600.png 600w, https:\/\/espaciojorgeelpediatra.com\/wp-content\/uploads\/2024\/10\/felix-lozano-gacias-1024x1024.png 1024w, https:\/\/espaciojorgeelpediatra.com\/wp-content\/uploads\/2024\/10\/felix-lozano-gacias-150x150.png 150w, https:\/\/espaciojorgeelpediatra.com\/wp-content\/uploads\/2024\/10\/felix-lozano-gacias-768x768.png 768w\" sizes=\"(max-width: 1080px) 100vw, 1080px\" \/>\t\t\t\t\t\t\t\t\t\t\t\t\t\t\t<\/div>\n\t\t\t\t<\/div>\n\t\t\t\t\t<\/div>\n\t\t<\/div>\n\t\t\t\t<div class=\"elementor-column elementor-col-50 elementor-top-column elementor-element elementor-element-74974aec\" data-id=\"74974aec\" data-element_type=\"column\">\n\t\t\t<div class=\"elementor-widget-wrap elementor-element-populated\">\n\t\t\t\t\t\t<div class=\"elementor-element elementor-element-3672160d elementor-widget elementor-widget-heading\" data-id=\"3672160d\" data-element_type=\"widget\" data-widget_type=\"heading.default\">\n\t\t\t\t<div class=\"elementor-widget-container\">\n\t\t\t\t\t<p class=\"elementor-heading-title elementor-size-default\">Fysioterapeut<\/p>\t\t\t\t<\/div>\n\t\t\t\t<\/div>\n\t\t\t\t<div class=\"elementor-element elementor-element-1b9f1130 elementor-widget elementor-widget-heading\" data-id=\"1b9f1130\" data-element_type=\"widget\" data-widget_type=\"heading.default\">\n\t\t\t\t<div class=\"elementor-widget-container\">\n\t\t\t\t\t<h1 class=\"elementor-heading-title elementor-size-default\">Felix Lozano Garcias<\/h1>\t\t\t\t<\/div>\n\t\t\t\t<\/div>\n\t\t\t\t<div class=\"elementor-element elementor-element-6d9f9fba elementor-widget elementor-widget-text-editor\" data-id=\"6d9f9fba\" data-element_type=\"widget\" data-widget_type=\"text-editor.default\">\n\t\t\t\t<div class=\"elementor-widget-container\">\n\t\t\t\t\t\t\t\t\t<p>Fysioterapeut specialiserad p\u00e5 idrottstraumatologi, b\u00e5de f\u00f6r vuxna, seniorer och ungdomar, samt brinner f\u00f6r h\u00e4lsa och v\u00e4lm\u00e5ende.<\/p><p>Fysioterapi \u00e4r min passion, och jag kan inte f\u00f6rest\u00e4lla mig ett liv som inte \u00e4r kopplat till det. Jag tror starkt p\u00e5 terapeutisk tr\u00e4ning och terapeutisk utbildning som grundpelare f\u00f6r hantering av patienter med sm\u00e4rta.<\/p><p>Dessutom tycker jag om att arbeta som ett team och l\u00e4ra mig av andra mer erfarna v\u00e5rdpersonal, vilket g\u00f6r att jag st\u00e4ndigt kan v\u00e4xa och erbjuda b\u00e4ttre service till mina patienter.<\/p><p>Jag gillar att uppmuntra kommunikation med mina patienter och skapa ett klimat av f\u00f6rtroende, eftersom jag anser att en god terapeutisk relation \u00e4r nyckeln till effektiv behandling.<\/p><p>Mitt m\u00e5l \u00e4r att hj\u00e4lpa dig att n\u00e5 din fulla fysiska potential, oavsett om du har att g\u00f6ra med en skada, kronisk sm\u00e4rta eller n\u00e5gon form av dysfunktion som begr\u00e4nsar din livskvalitet.<\/p><p>S\u00f6ker du en sjukgymnast som kombinerar avancerad kunskap med ett m\u00e4nskligt och n\u00e4ra f\u00f6rh\u00e5llningss\u00e4tt s\u00e5 hj\u00e4lper jag dig g\u00e4rna.<\/p><p>Mycket glad \u00f6ver att kunna dela och l\u00e4ra sig i detta m\u00e5ngvetenskapliga utrymme av fantastiska proffs som Jorge har skapat.<\/p>\t\t\t\t\t\t\t\t<\/div>\n\t\t\t\t<\/div>\n\t\t\t\t\t<\/div>\n\t\t<\/div>\n\t\t\t\t\t<\/div>\n\t\t<\/section>\n\t\t\t\t<section class=\"elementor-section elementor-top-section elementor-element elementor-element-2b80b5bf elementor-section-content-middle elementor-section-boxed elementor-section-height-default elementor-section-height-default\" data-id=\"2b80b5bf\" data-element_type=\"section\" data-settings=\"{&quot;background_background&quot;:&quot;classic&quot;}\">\n\t\t\t\t\t\t<div class=\"elementor-container elementor-column-gap-default\">\n\t\t\t\t\t<div class=\"elementor-column elementor-col-50 elementor-top-column elementor-element elementor-element-17ac608e\" data-id=\"17ac608e\" data-element_type=\"column\">\n\t\t\t<div class=\"elementor-widget-wrap elementor-element-populated\">\n\t\t\t\t\t\t<div class=\"elementor-element elementor-element-3c006950 elementor-widget elementor-widget-menu-anchor\" data-id=\"3c006950\" data-element_type=\"widget\" data-widget_type=\"menu-anchor.default\">\n\t\t\t\t<div class=\"elementor-widget-container\">\n\t\t\t\t\t\t\t<div class=\"elementor-menu-anchor\" id=\"contacto\"><\/div>\n\t\t\t\t\t\t<\/div>\n\t\t\t\t<\/div>\n\t\t\t\t<div class=\"elementor-element elementor-element-4601602e elementor-widget elementor-widget-heading\" data-id=\"4601602e\" data-element_type=\"widget\" data-widget_type=\"heading.default\">\n\t\t\t\t<div class=\"elementor-widget-container\">\n\t\t\t\t\t<h2 class=\"elementor-heading-title elementor-size-default\">Beh\u00f6ver du hj\u00e4lp?<\/h2>\t\t\t\t<\/div>\n\t\t\t\t<\/div>\n\t\t\t\t<div class=\"elementor-element elementor-element-2ced18d1 elementor-widget elementor-widget-text-editor\" data-id=\"2ced18d1\" data-element_type=\"widget\" data-widget_type=\"text-editor.default\">\n\t\t\t\t<div class=\"elementor-widget-container\">\n\t\t\t\t\t\t\t\t\tKlicka p\u00e5 knappen och kontakta oss. Vi v\u00e4lkomnar dig g\u00e4rna.\t\t\t\t\t\t\t\t<\/div>\n\t\t\t\t<\/div>\n\t\t\t\t\t<\/div>\n\t\t<\/div>\n\t\t\t\t<div class=\"elementor-column elementor-col-50 elementor-top-column elementor-element elementor-element-35487267\" data-id=\"35487267\" data-element_type=\"column\">\n\t\t\t<div class=\"elementor-widget-wrap elementor-element-populated\">\n\t\t\t\t\t\t<div class=\"elementor-element elementor-element-39d33cb0 elementor-widget__width-initial elementor-widget elementor-widget-eael-creative-button\" data-id=\"39d33cb0\" data-element_type=\"widget\" data-widget_type=\"eael-creative-button.default\">\n\t\t\t\t<div class=\"elementor-widget-container\">\n\t\t\t\t\t        <div class=\"eael-creative-button-wrapper\">\n\n            <a class=\"eael-creative-button eael-creative-button--wayra\" href=\"https:\/\/api.whatsapp.com\/send\/?phone=34667719202&#038;text&#038;app_absent=0\" data-text=\"Cont\u00e1ctanos\">\n            \t    \n                <div class=\"creative-button-inner\">\n\n                    \n                    <span class=\"cretive-button-text\">Kontakta oss<\/span>\n\n                                    <\/div>\n\t                        <\/a>\n        <\/div>\n        \t\t\t\t<\/div>\n\t\t\t\t<\/div>\n\t\t\t\t\t<\/div>\n\t\t<\/div>\n\t\t\t\t\t<\/div>\n\t\t<\/section>\n\t\t\t\t<\/div>","protected":false},"excerpt":{"rendered":"<p>Sjukgymnasten F\u00e8lix Lozano Gacias \u00e4r en sjukgymnast som specialiserar sig p\u00e5 sporttraumatologi f\u00f6r vuxna, seniorer och ungdomar, och brinner f\u00f6r h\u00e4lsa och v\u00e4lbefinnande. Sjukgymnastik \u00e4r min passion, och jag kan inte t\u00e4nka mig ett liv utan det. Jag tror starkt p\u00e5 terapeutisk tr\u00e4ning och terapeutisk utbildning som grundl\u00e4ggande pelare [\u2026]<\/p>","protected":false},"author":1,"featured_media":0,"parent":0,"menu_order":0,"comment_status":"closed","ping_status":"closed","template":"elementor_header_footer","meta":{"ocean_post_layout":"full-width","ocean_both_sidebars_style":"","ocean_both_sidebars_content_width":0,"ocean_both_sidebars_sidebars_width":0,"ocean_sidebar":"0","ocean_second_sidebar":"0","ocean_disable_margins":"on","ocean_add_body_class":"","ocean_shortcode_before_top_bar":"","ocean_shortcode_after_top_bar":"","ocean_shortcode_before_header":"","ocean_shortcode_after_header":"","ocean_has_shortcode":"","ocean_shortcode_after_title":"","ocean_shortcode_before_footer_widgets":"","ocean_shortcode_after_footer_widgets":"","ocean_shortcode_before_footer_bottom":"","ocean_shortcode_after_footer_bottom":"","ocean_display_top_bar":"default","ocean_display_header":"default","ocean_header_style":"","ocean_center_header_left_menu":"0","ocean_custom_header_template":"0","ocean_custom_logo":0,"ocean_custom_retina_logo":0,"ocean_custom_logo_max_width":0,"ocean_custom_logo_tablet_max_width":0,"ocean_custom_logo_mobile_max_width":0,"ocean_custom_logo_max_height":0,"ocean_custom_logo_tablet_max_height":0,"ocean_custom_logo_mobile_max_height":0,"ocean_header_custom_menu":"0","ocean_menu_typo_font_family":"0","ocean_menu_typo_font_subset":"","ocean_menu_typo_font_size":0,"ocean_menu_typo_font_size_tablet":0,"ocean_menu_typo_font_size_mobile":0,"ocean_menu_typo_font_size_unit":"px","ocean_menu_typo_font_weight":"","ocean_menu_typo_font_weight_tablet":"","ocean_menu_typo_font_weight_mobile":"","ocean_menu_typo_transform":"","ocean_menu_typo_transform_tablet":"","ocean_menu_typo_transform_mobile":"","ocean_menu_typo_line_height":0,"ocean_menu_typo_line_height_tablet":0,"ocean_menu_typo_line_height_mobile":0,"ocean_menu_typo_line_height_unit":"","ocean_menu_typo_spacing":0,"ocean_menu_typo_spacing_tablet":0,"ocean_menu_typo_spacing_mobile":0,"ocean_menu_typo_spacing_unit":"","ocean_menu_link_color":"","ocean_menu_link_color_hover":"","ocean_menu_link_color_active":"","ocean_menu_link_background":"","ocean_menu_link_hover_background":"","ocean_menu_link_active_background":"","ocean_menu_social_links_bg":"","ocean_menu_social_hover_links_bg":"","ocean_menu_social_links_color":"","ocean_menu_social_hover_links_color":"","ocean_disable_title":"on","ocean_disable_heading":"default","ocean_post_title":"","ocean_post_subheading":"","ocean_post_title_style":"","ocean_post_title_background_color":"","ocean_post_title_background":0,"ocean_post_title_bg_image_position":"","ocean_post_title_bg_image_attachment":"","ocean_post_title_bg_image_repeat":"","ocean_post_title_bg_image_size":"","ocean_post_title_height":0,"ocean_post_title_bg_overlay":0.5,"ocean_post_title_bg_overlay_color":"","ocean_disable_breadcrumbs":"off","ocean_breadcrumbs_color":"","ocean_breadcrumbs_separator_color":"","ocean_breadcrumbs_links_color":"","ocean_breadcrumbs_links_hover_color":"","ocean_display_footer_widgets":"off","ocean_display_footer_bottom":"off","ocean_custom_footer_template":"0","_joinchat":[],"footnotes":""},"class_list":["post-1809","page","type-page","status-publish","hentry","entry"],"yoast_head":"<!-- This site is optimized with the Yoast SEO plugin v26.4 - https:\/\/yoast.com\/wordpress\/plugins\/seo\/ -->\n<title>F\u00e8lix Lozano Gacias | Fisioterapeuta<\/title>\n<meta name=\"description\" content=\"F\u00e8lix Lozano Gacias es nuestro Fisioterapeuta dentro de Espacio Jorge el Pediatra. Haz clic para conocerle m\u00e1s y saber de \u00e9l.\" \/>\n<meta name=\"robots\" content=\"index, follow, max-snippet:-1, max-image-preview:large, max-video-preview:-1\" \/>\n<link rel=\"canonical\" href=\"https:\/\/espaciojorgeelpediatra.com\/sv\/felix-lozano-gacias-sjukgymnast\/\" \/>\n<meta property=\"og:locale\" content=\"sv_SE\" \/>\n<meta property=\"og:type\" content=\"article\" \/>\n<meta property=\"og:title\" content=\"F\u00e8lix Lozano Gacias | Fisioterapeuta\" \/>\n<meta property=\"og:description\" content=\"F\u00e8lix Lozano Gacias es nuestro Fisioterapeuta dentro de Espacio Jorge el Pediatra. Haz clic para conocerle m\u00e1s y saber de \u00e9l.\" \/>\n<meta property=\"og:url\" content=\"https:\/\/espaciojorgeelpediatra.com\/sv\/felix-lozano-gacias-sjukgymnast\/\" \/>\n<meta property=\"og:site_name\" content=\"Espacio Jorge el Pediatra\" \/>\n<meta property=\"article:modified_time\" content=\"2024-10-24T10:50:05+00:00\" \/>\n<meta property=\"og:image\" content=\"https:\/\/espaciojorgeelpediatra.com\/wp-content\/uploads\/2024\/10\/felix-lozano-gacias.png\" \/>\n<meta name=\"twitter:card\" content=\"summary_large_image\" \/>\n<meta name=\"twitter:label1\" content=\"Ber\u00e4knad l\u00e4stid\" \/>\n\t<meta name=\"twitter:data1\" content=\"2 minuter\" \/>\n<script type=\"application\/ld+json\" class=\"yoast-schema-graph\">{\"@context\":\"https:\/\/schema.org\",\"@graph\":[{\"@type\":\"WebPage\",\"@id\":\"https:\/\/espaciojorgeelpediatra.com\/felix-lozano-gacias-fisioterapeuta\/\",\"url\":\"https:\/\/espaciojorgeelpediatra.com\/felix-lozano-gacias-fisioterapeuta\/\",\"name\":\"F\u00e8lix Lozano Gacias | Fisioterapeuta\",\"isPartOf\":{\"@id\":\"https:\/\/espaciojorgeelpediatra.com\/#website\"},\"primaryImageOfPage\":{\"@id\":\"https:\/\/espaciojorgeelpediatra.com\/felix-lozano-gacias-fisioterapeuta\/#primaryimage\"},\"image\":{\"@id\":\"https:\/\/espaciojorgeelpediatra.com\/felix-lozano-gacias-fisioterapeuta\/#primaryimage\"},\"thumbnailUrl\":\"https:\/\/espaciojorgeelpediatra.com\/wp-content\/uploads\/2024\/10\/felix-lozano-gacias.png\",\"datePublished\":\"2024-10-24T09:20:38+00:00\",\"dateModified\":\"2024-10-24T10:50:05+00:00\",\"description\":\"F\u00e8lix Lozano Gacias es nuestro Fisioterapeuta dentro de Espacio Jorge el Pediatra. Haz clic para conocerle m\u00e1s y saber de \u00e9l.\",\"breadcrumb\":{\"@id\":\"https:\/\/espaciojorgeelpediatra.com\/felix-lozano-gacias-fisioterapeuta\/#breadcrumb\"},\"inLanguage\":\"sv-SE\",\"potentialAction\":[{\"@type\":\"ReadAction\",\"target\":[\"https:\/\/espaciojorgeelpediatra.com\/felix-lozano-gacias-fisioterapeuta\/\"]}]},{\"@type\":\"ImageObject\",\"inLanguage\":\"sv-SE\",\"@id\":\"https:\/\/espaciojorgeelpediatra.com\/felix-lozano-gacias-fisioterapeuta\/#primaryimage\",\"url\":\"https:\/\/espaciojorgeelpediatra.com\/wp-content\/uploads\/2024\/10\/felix-lozano-gacias.png\",\"contentUrl\":\"https:\/\/espaciojorgeelpediatra.com\/wp-content\/uploads\/2024\/10\/felix-lozano-gacias.png\"},{\"@type\":\"BreadcrumbList\",\"@id\":\"https:\/\/espaciojorgeelpediatra.com\/felix-lozano-gacias-fisioterapeuta\/#breadcrumb\",\"itemListElement\":[{\"@type\":\"ListItem\",\"position\":1,\"name\":\"Portada\",\"item\":\"https:\/\/espaciojorgeelpediatra.com\/\"},{\"@type\":\"ListItem\",\"position\":2,\"name\":\"F\u00e8lix Lozano Gacias Fisioterapeuta\"}]},{\"@type\":\"WebSite\",\"@id\":\"https:\/\/espaciojorgeelpediatra.com\/#website\",\"url\":\"https:\/\/espaciojorgeelpediatra.com\/\",\"name\":\"Espacio Jorge el Pediatra\",\"description\":\"Servicio de Pediatr\u00eda en Palma de Mallorca\",\"potentialAction\":[{\"@type\":\"SearchAction\",\"target\":{\"@type\":\"EntryPoint\",\"urlTemplate\":\"https:\/\/espaciojorgeelpediatra.com\/?s={search_term_string}\"},\"query-input\":{\"@type\":\"PropertyValueSpecification\",\"valueRequired\":true,\"valueName\":\"search_term_string\"}}],\"inLanguage\":\"sv-SE\"}]}<\/script>\n<!-- \/ Yoast SEO plugin. -->","yoast_head_json":{"title":"Felix Lozano Garcias | Fysioterapeut","description":"F\u00e8lix Lozano Garcias \u00e4r v\u00e5r fysioterapeut inom Espacio Jorge el Pediatra. Klicka f\u00f6r att l\u00e4ra dig mer och l\u00e4ra dig om honom.","robots":{"index":"index","follow":"follow","max-snippet":"max-snippet:-1","max-image-preview":"max-image-preview:large","max-video-preview":"max-video-preview:-1"},"canonical":"https:\/\/espaciojorgeelpediatra.com\/sv\/felix-lozano-gacias-sjukgymnast\/","og_locale":"sv_SE","og_type":"article","og_title":"F\u00e8lix Lozano Gacias | Fisioterapeuta","og_description":"F\u00e8lix Lozano Gacias es nuestro Fisioterapeuta dentro de Espacio Jorge el Pediatra. Haz clic para conocerle m\u00e1s y saber de \u00e9l.","og_url":"https:\/\/espaciojorgeelpediatra.com\/sv\/felix-lozano-gacias-sjukgymnast\/","og_site_name":"Espacio Jorge el Pediatra","article_modified_time":"2024-10-24T10:50:05+00:00","og_image":[{"url":"https:\/\/espaciojorgeelpediatra.com\/wp-content\/uploads\/2024\/10\/felix-lozano-gacias.png","type":"","width":"","height":""}],"twitter_card":"summary_large_image","twitter_misc":{"Ber\u00e4knad l\u00e4stid":"2 minuter"},"schema":{"@context":"https:\/\/schema.org","@graph":[{"@type":"WebPage","@id":"https:\/\/espaciojorgeelpediatra.com\/felix-lozano-gacias-fisioterapeuta\/","url":"https:\/\/espaciojorgeelpediatra.com\/felix-lozano-gacias-fisioterapeuta\/","name":"Felix Lozano Garcias | Fysioterapeut","isPartOf":{"@id":"https:\/\/espaciojorgeelpediatra.com\/#website"},"primaryImageOfPage":{"@id":"https:\/\/espaciojorgeelpediatra.com\/felix-lozano-gacias-fisioterapeuta\/#primaryimage"},"image":{"@id":"https:\/\/espaciojorgeelpediatra.com\/felix-lozano-gacias-fisioterapeuta\/#primaryimage"},"thumbnailUrl":"https:\/\/espaciojorgeelpediatra.com\/wp-content\/uploads\/2024\/10\/felix-lozano-gacias.png","datePublished":"2024-10-24T09:20:38+00:00","dateModified":"2024-10-24T10:50:05+00:00","description":"F\u00e8lix Lozano Garcias \u00e4r v\u00e5r fysioterapeut inom Espacio Jorge el Pediatra. Klicka f\u00f6r att l\u00e4ra dig mer och l\u00e4ra dig om honom.","breadcrumb":{"@id":"https:\/\/espaciojorgeelpediatra.com\/felix-lozano-gacias-fisioterapeuta\/#breadcrumb"},"inLanguage":"sv-SE","potentialAction":[{"@type":"ReadAction","target":["https:\/\/espaciojorgeelpediatra.com\/felix-lozano-gacias-fisioterapeuta\/"]}]},{"@type":"ImageObject","inLanguage":"sv-SE","@id":"https:\/\/espaciojorgeelpediatra.com\/felix-lozano-gacias-fisioterapeuta\/#primaryimage","url":"https:\/\/espaciojorgeelpediatra.com\/wp-content\/uploads\/2024\/10\/felix-lozano-gacias.png","contentUrl":"https:\/\/espaciojorgeelpediatra.com\/wp-content\/uploads\/2024\/10\/felix-lozano-gacias.png"},{"@type":"BreadcrumbList","@id":"https:\/\/espaciojorgeelpediatra.com\/felix-lozano-gacias-fisioterapeuta\/#breadcrumb","itemListElement":[{"@type":"ListItem","position":1,"name":"Portada","item":"https:\/\/espaciojorgeelpediatra.com\/"},{"@type":"ListItem","position":2,"name":"F\u00e8lix Lozano Gacias Fisioterapeuta"}]},{"@type":"WebSite","@id":"https:\/\/espaciojorgeelpediatra.com\/#website","url":"https:\/\/espaciojorgeelpediatra.com\/","name":"Espacio Jorge el Pediatra","description":"Barnsjukv\u00e5rd i Palma de Mallorca","potentialAction":[{"@type":"SearchAction","target":{"@type":"EntryPoint","urlTemplate":"https:\/\/espaciojorgeelpediatra.com\/?s={search_term_string}"},"query-input":{"@type":"PropertyValueSpecification","valueRequired":true,"valueName":"search_term_string"}}],"inLanguage":"sv-SE"}]}},"_links":{"self":[{"href":"https:\/\/espaciojorgeelpediatra.com\/sv\/wp-json\/wp\/v2\/pages\/1809","targetHints":{"allow":["GET"]}}],"collection":[{"href":"https:\/\/espaciojorgeelpediatra.com\/sv\/wp-json\/wp\/v2\/pages"}],"about":[{"href":"https:\/\/espaciojorgeelpediatra.com\/sv\/wp-json\/wp\/v2\/types\/page"}],"author":[{"embeddable":true,"href":"https:\/\/espaciojorgeelpediatra.com\/sv\/wp-json\/wp\/v2\/users\/1"}],"replies":[{"embeddable":true,"href":"https:\/\/espaciojorgeelpediatra.com\/sv\/wp-json\/wp\/v2\/comments?post=1809"}],"version-history":[{"count":8,"href":"https:\/\/espaciojorgeelpediatra.com\/sv\/wp-json\/wp\/v2\/pages\/1809\/revisions"}],"predecessor-version":[{"id":1819,"href":"https:\/\/espaciojorgeelpediatra.com\/sv\/wp-json\/wp\/v2\/pages\/1809\/revisions\/1819"}],"wp:attachment":[{"href":"https:\/\/espaciojorgeelpediatra.com\/sv\/wp-json\/wp\/v2\/media?parent=1809"}],"curies":[{"name":"wp","href":"https:\/\/api.w.org\/{rel}","templated":true}]}}