{"id":1820,"date":"2024-10-24T10:48:47","date_gmt":"2024-10-24T10:48:47","guid":{"rendered":"https:\/\/espaciojorgeelpediatra.com\/?page_id=1820"},"modified":"2024-10-24T10:57:02","modified_gmt":"2024-10-24T10:57:02","slug":"celia-vicente-martinez-barnlakare","status":"publish","type":"page","link":"https:\/\/espaciojorgeelpediatra.com\/sv\/celia-vicente-martinez-barnlakare\/","title":{"rendered":"Celia Vicente Mart\u00ednez Barnl\u00e4kare"},"content":{"rendered":"<div data-elementor-type=\"wp-page\" data-elementor-id=\"1820\" class=\"elementor elementor-1820\" data-elementor-post-type=\"page\">\n\t\t\t\t\t\t<section class=\"elementor-section elementor-top-section elementor-element elementor-element-701c08a9 elementor-section-full_width elementor-section-content-middle elementor-section-height-default elementor-section-height-default\" data-id=\"701c08a9\" data-element_type=\"section\" data-settings=\"{&quot;background_background&quot;:&quot;classic&quot;}\">\n\t\t\t\t\t\t<div class=\"elementor-container elementor-column-gap-no\">\n\t\t\t\t\t<div class=\"elementor-column elementor-col-50 elementor-top-column elementor-element elementor-element-5245c113\" data-id=\"5245c113\" data-element_type=\"column\">\n\t\t\t<div class=\"elementor-widget-wrap elementor-element-populated\">\n\t\t\t\t\t\t<div class=\"elementor-element elementor-element-88da93c elementor-widget elementor-widget-image\" data-id=\"88da93c\" data-element_type=\"widget\" data-widget_type=\"image.default\">\n\t\t\t\t<div class=\"elementor-widget-container\">\n\t\t\t\t\t\t\t\t\t\t\t\t\t\t\t<img fetchpriority=\"high\" decoding=\"async\" width=\"1080\" height=\"1080\" src=\"https:\/\/espaciojorgeelpediatra.com\/wp-content\/uploads\/2024\/10\/celia-m.png\" class=\"attachment-full size-full wp-image-1824\" alt=\"\" srcset=\"https:\/\/espaciojorgeelpediatra.com\/wp-content\/uploads\/2024\/10\/celia-m.png 1080w, https:\/\/espaciojorgeelpediatra.com\/wp-content\/uploads\/2024\/10\/celia-m-300x300.png 300w, https:\/\/espaciojorgeelpediatra.com\/wp-content\/uploads\/2024\/10\/celia-m-100x100.png 100w, https:\/\/espaciojorgeelpediatra.com\/wp-content\/uploads\/2024\/10\/celia-m-600x600.png 600w, https:\/\/espaciojorgeelpediatra.com\/wp-content\/uploads\/2024\/10\/celia-m-1024x1024.png 1024w, https:\/\/espaciojorgeelpediatra.com\/wp-content\/uploads\/2024\/10\/celia-m-150x150.png 150w, https:\/\/espaciojorgeelpediatra.com\/wp-content\/uploads\/2024\/10\/celia-m-768x768.png 768w\" sizes=\"(max-width: 1080px) 100vw, 1080px\" \/>\t\t\t\t\t\t\t\t\t\t\t\t\t\t\t<\/div>\n\t\t\t\t<\/div>\n\t\t\t\t\t<\/div>\n\t\t<\/div>\n\t\t\t\t<div class=\"elementor-column elementor-col-50 elementor-top-column elementor-element elementor-element-74974aec\" data-id=\"74974aec\" data-element_type=\"column\">\n\t\t\t<div class=\"elementor-widget-wrap elementor-element-populated\">\n\t\t\t\t\t\t<div class=\"elementor-element elementor-element-3672160d elementor-widget elementor-widget-heading\" data-id=\"3672160d\" data-element_type=\"widget\" data-widget_type=\"heading.default\">\n\t\t\t\t<div class=\"elementor-widget-container\">\n\t\t\t\t\t<p class=\"elementor-heading-title elementor-size-default\">Barnl\u00e4kare<\/p>\t\t\t\t<\/div>\n\t\t\t\t<\/div>\n\t\t\t\t<div class=\"elementor-element elementor-element-1b9f1130 elementor-widget elementor-widget-heading\" data-id=\"1b9f1130\" data-element_type=\"widget\" data-widget_type=\"heading.default\">\n\t\t\t\t<div class=\"elementor-widget-container\">\n\t\t\t\t\t<h1 class=\"elementor-heading-title elementor-size-default\">Celia Vicente Mart\u00ednez <\/h1>\t\t\t\t<\/div>\n\t\t\t\t<\/div>\n\t\t\t\t<div class=\"elementor-element elementor-element-6d9f9fba elementor-widget elementor-widget-text-editor\" data-id=\"6d9f9fba\" data-element_type=\"widget\" data-widget_type=\"text-editor.default\">\n\t\t\t\t<div class=\"elementor-widget-container\">\n\t\t\t\t\t\t\t\t\t<p>Medicinsk examen fr\u00e5n University of Salamanca, jag utbildade mig till barnl\u00e4kare vid Central University Hospital of Asturias (HUCA) d\u00e4r jag uppt\u00e4ckte ett speciellt intresse f\u00f6r barn med barncancer och deras familjer. Jag fortsatte min utbildning med magisterexamen i pediatrisk onkologi och hematologi vid Ni\u00f1o Jes\u00fas sjukhus, jag har arbetat som bitr\u00e4dande barnl\u00e4kare p\u00e5 Barnens onkohematologiska enhet och palliativ v\u00e5rd och kronicitetsenhet i Asturien fram till 2023, \u00e5ret d\u00e5 jag kom p\u00e5 Mallorca f\u00f6r att arbeta p\u00e5 den pediatriska palliativa v\u00e5rden p\u00e5 Son Espases sjukhus med s\u00e4rskilt intresse f\u00f6r hemtj\u00e4nst.<\/p><p>Dessa speciella barn l\u00e4rde mig hur viktigt h\u00e4lsof\u00f6rebyggande arbete \u00e4r, vilket har lett mig till att genomf\u00f6ra utbildning i grundl\u00e4ggande v\u00e5rd och f\u00f6rebyggande verksamhet f\u00f6r familjer och yrkesverksamma inom v\u00e5rd av minder\u00e5riga.<\/p><p>Arbetar f\u00f6r n\u00e4rvarande p\u00e5 barnakuten p\u00e5 Manacor Hospital, jag forts\u00e4tter att utveckla min verksamhet som barnl\u00e4kare och \u00e4r specialiserad p\u00e5 coachning f\u00f6r familjer.<\/p><p>Det har varit ett mycket vackert och berikande skede d\u00e4r jag har l\u00e4rt mig mycket av den h\u00e4r typen av patienter och deras familjer. Kommunikations- och empatif\u00f6rm\u00e5ga \u00e4r avg\u00f6rande, f\u00f6r n\u00e4r ett barn \u00e4r sjukt \u00e4r en familj sjuk. Barnl\u00e4karens funktion i det \u00f6gonblicket \u00e4r inte bara att bota, utan ocks\u00e5 att lyssna, f\u00f6rst\u00e5, f\u00f6lja med, lindra... Vilket \u00e4r precis vad vi uppn\u00e5r p\u00e5 Espacio Jorge El Pediatra, \u00e4r att vara &quot;n\u00e5got mer \u00e4n en barnl\u00e4kare.&quot;<\/p>\t\t\t\t\t\t\t\t<\/div>\n\t\t\t\t<\/div>\n\t\t\t\t\t<\/div>\n\t\t<\/div>\n\t\t\t\t\t<\/div>\n\t\t<\/section>\n\t\t\t\t<section class=\"elementor-section elementor-top-section elementor-element elementor-element-2b80b5bf elementor-section-content-middle elementor-section-boxed elementor-section-height-default elementor-section-height-default\" data-id=\"2b80b5bf\" data-element_type=\"section\" data-settings=\"{&quot;background_background&quot;:&quot;classic&quot;}\">\n\t\t\t\t\t\t<div class=\"elementor-container elementor-column-gap-default\">\n\t\t\t\t\t<div class=\"elementor-column elementor-col-50 elementor-top-column elementor-element elementor-element-17ac608e\" data-id=\"17ac608e\" data-element_type=\"column\">\n\t\t\t<div class=\"elementor-widget-wrap elementor-element-populated\">\n\t\t\t\t\t\t<div class=\"elementor-element elementor-element-3c006950 elementor-widget elementor-widget-menu-anchor\" data-id=\"3c006950\" data-element_type=\"widget\" data-widget_type=\"menu-anchor.default\">\n\t\t\t\t<div class=\"elementor-widget-container\">\n\t\t\t\t\t\t\t<div class=\"elementor-menu-anchor\" id=\"contacto\"><\/div>\n\t\t\t\t\t\t<\/div>\n\t\t\t\t<\/div>\n\t\t\t\t<div class=\"elementor-element elementor-element-4601602e elementor-widget elementor-widget-heading\" data-id=\"4601602e\" data-element_type=\"widget\" data-widget_type=\"heading.default\">\n\t\t\t\t<div class=\"elementor-widget-container\">\n\t\t\t\t\t<h2 class=\"elementor-heading-title elementor-size-default\">Beh\u00f6ver du hj\u00e4lp?<\/h2>\t\t\t\t<\/div>\n\t\t\t\t<\/div>\n\t\t\t\t<div class=\"elementor-element elementor-element-2ced18d1 elementor-widget elementor-widget-text-editor\" data-id=\"2ced18d1\" data-element_type=\"widget\" data-widget_type=\"text-editor.default\">\n\t\t\t\t<div class=\"elementor-widget-container\">\n\t\t\t\t\t\t\t\t\tKlicka p\u00e5 knappen och kontakta oss. Vi v\u00e4lkomnar dig g\u00e4rna.\t\t\t\t\t\t\t\t<\/div>\n\t\t\t\t<\/div>\n\t\t\t\t\t<\/div>\n\t\t<\/div>\n\t\t\t\t<div class=\"elementor-column elementor-col-50 elementor-top-column elementor-element elementor-element-35487267\" data-id=\"35487267\" data-element_type=\"column\">\n\t\t\t<div class=\"elementor-widget-wrap elementor-element-populated\">\n\t\t\t\t\t\t<div class=\"elementor-element elementor-element-39d33cb0 elementor-widget__width-initial elementor-widget elementor-widget-eael-creative-button\" data-id=\"39d33cb0\" data-element_type=\"widget\" data-widget_type=\"eael-creative-button.default\">\n\t\t\t\t<div class=\"elementor-widget-container\">\n\t\t\t\t\t        <div class=\"eael-creative-button-wrapper\">\n\n            <a class=\"eael-creative-button eael-creative-button--wayra\" href=\"https:\/\/api.whatsapp.com\/send\/?phone=34667719202&#038;text&#038;app_absent=0\" data-text=\"Cont\u00e1ctanos\">\n            \t    \n                <div class=\"creative-button-inner\">\n\n                    \n                    <span class=\"cretive-button-text\">Kontakta oss<\/span>\n\n                                    <\/div>\n\t                        <\/a>\n        <\/div>\n        \t\t\t\t<\/div>\n\t\t\t\t<\/div>\n\t\t\t\t\t<\/div>\n\t\t<\/div>\n\t\t\t\t\t<\/div>\n\t\t<\/section>\n\t\t\t\t<\/div>","protected":false},"excerpt":{"rendered":"<p>Pediatra Celia Vicente Mart\u00ednez M\u00e9dico graduada por la universidad de Salamanca, me form\u00e9 como pediatra en el Hospital Universitario Central de Asturias (HUCA) donde descubr\u00ed un inter\u00e9s especial por los ni\u00f1os con c\u00e1ncer infantil y sus familias. Segu\u00ed mi formaci\u00f3n con el m\u00e1ster en avances en oncolog\u00eda y hematolog\u00eda pedi\u00e1tricas del Hospital Ni\u00f1o Jes\u00fas, he [&hellip;]<\/p>","protected":false},"author":1,"featured_media":0,"parent":0,"menu_order":0,"comment_status":"closed","ping_status":"closed","template":"elementor_header_footer","meta":{"ocean_post_layout":"full-width","ocean_both_sidebars_style":"","ocean_both_sidebars_content_width":0,"ocean_both_sidebars_sidebars_width":0,"ocean_sidebar":"0","ocean_second_sidebar":"0","ocean_disable_margins":"on","ocean_add_body_class":"","ocean_shortcode_before_top_bar":"","ocean_shortcode_after_top_bar":"","ocean_shortcode_before_header":"","ocean_shortcode_after_header":"","ocean_has_shortcode":"","ocean_shortcode_after_title":"","ocean_shortcode_before_footer_widgets":"","ocean_shortcode_after_footer_widgets":"","ocean_shortcode_before_footer_bottom":"","ocean_shortcode_after_footer_bottom":"","ocean_display_top_bar":"default","ocean_display_header":"default","ocean_header_style":"","ocean_center_header_left_menu":"0","ocean_custom_header_template":"0","ocean_custom_logo":0,"ocean_custom_retina_logo":0,"ocean_custom_logo_max_width":0,"ocean_custom_logo_tablet_max_width":0,"ocean_custom_logo_mobile_max_width":0,"ocean_custom_logo_max_height":0,"ocean_custom_logo_tablet_max_height":0,"ocean_custom_logo_mobile_max_height":0,"ocean_header_custom_menu":"0","ocean_menu_typo_font_family":"0","ocean_menu_typo_font_subset":"","ocean_menu_typo_font_size":0,"ocean_menu_typo_font_size_tablet":0,"ocean_menu_typo_font_size_mobile":0,"ocean_menu_typo_font_size_unit":"px","ocean_menu_typo_font_weight":"","ocean_menu_typo_font_weight_tablet":"","ocean_menu_typo_font_weight_mobile":"","ocean_menu_typo_transform":"","ocean_menu_typo_transform_tablet":"","ocean_menu_typo_transform_mobile":"","ocean_menu_typo_line_height":0,"ocean_menu_typo_line_height_tablet":0,"ocean_menu_typo_line_height_mobile":0,"ocean_menu_typo_line_height_unit":"","ocean_menu_typo_spacing":0,"ocean_menu_typo_spacing_tablet":0,"ocean_menu_typo_spacing_mobile":0,"ocean_menu_typo_spacing_unit":"","ocean_menu_link_color":"","ocean_menu_link_color_hover":"","ocean_menu_link_color_active":"","ocean_menu_link_background":"","ocean_menu_link_hover_background":"","ocean_menu_link_active_background":"","ocean_menu_social_links_bg":"","ocean_menu_social_hover_links_bg":"","ocean_menu_social_links_color":"","ocean_menu_social_hover_links_color":"","ocean_disable_title":"on","ocean_disable_heading":"default","ocean_post_title":"","ocean_post_subheading":"","ocean_post_title_style":"","ocean_post_title_background_color":"","ocean_post_title_background":0,"ocean_post_title_bg_image_position":"","ocean_post_title_bg_image_attachment":"","ocean_post_title_bg_image_repeat":"","ocean_post_title_bg_image_size":"","ocean_post_title_height":0,"ocean_post_title_bg_overlay":0.5,"ocean_post_title_bg_overlay_color":"","ocean_disable_breadcrumbs":"off","ocean_breadcrumbs_color":"","ocean_breadcrumbs_separator_color":"","ocean_breadcrumbs_links_color":"","ocean_breadcrumbs_links_hover_color":"","ocean_display_footer_widgets":"off","ocean_display_footer_bottom":"off","ocean_custom_footer_template":"0","_joinchat":[],"footnotes":""},"class_list":["post-1820","page","type-page","status-publish","hentry","entry"],"yoast_head":"<!-- This site is optimized with the Yoast SEO plugin v26.4 - https:\/\/yoast.com\/wordpress\/plugins\/seo\/ -->\n<title>Celia Vicente Mart\u00ednez | Pediatra<\/title>\n<meta name=\"description\" content=\"Celia Vicente Mart\u00ednez es nuestra pediatra dentro de Espacio Jorge el Pediatra. Haz clic para conocerla m\u00e1s y saber de ella.\" \/>\n<meta name=\"robots\" content=\"index, follow, max-snippet:-1, max-image-preview:large, max-video-preview:-1\" \/>\n<link rel=\"canonical\" href=\"https:\/\/espaciojorgeelpediatra.com\/sv\/celia-vicente-martinez-barnlakare\/\" \/>\n<meta property=\"og:locale\" content=\"sv_SE\" \/>\n<meta property=\"og:type\" content=\"article\" \/>\n<meta property=\"og:title\" content=\"Celia Vicente Mart\u00ednez | Pediatra\" \/>\n<meta property=\"og:description\" content=\"Celia Vicente Mart\u00ednez es nuestra pediatra dentro de Espacio Jorge el Pediatra. Haz clic para conocerla m\u00e1s y saber de ella.\" \/>\n<meta property=\"og:url\" content=\"https:\/\/espaciojorgeelpediatra.com\/sv\/celia-vicente-martinez-barnlakare\/\" \/>\n<meta property=\"og:site_name\" content=\"Espacio Jorge el Pediatra\" \/>\n<meta property=\"article:modified_time\" content=\"2024-10-24T10:57:02+00:00\" \/>\n<meta property=\"og:image\" content=\"https:\/\/espaciojorgeelpediatra.com\/wp-content\/uploads\/2024\/10\/celia-m.png\" \/>\n\t<meta property=\"og:image:width\" content=\"1080\" \/>\n\t<meta property=\"og:image:height\" content=\"1080\" \/>\n\t<meta property=\"og:image:type\" content=\"image\/png\" \/>\n<meta name=\"twitter:card\" content=\"summary_large_image\" \/>\n<meta name=\"twitter:label1\" content=\"Ber\u00e4knad l\u00e4stid\" \/>\n\t<meta name=\"twitter:data1\" content=\"2 minuter\" \/>\n<script type=\"application\/ld+json\" class=\"yoast-schema-graph\">{\"@context\":\"https:\/\/schema.org\",\"@graph\":[{\"@type\":\"WebPage\",\"@id\":\"https:\/\/espaciojorgeelpediatra.com\/celia-vicente-martinez-pediatra\/\",\"url\":\"https:\/\/espaciojorgeelpediatra.com\/celia-vicente-martinez-pediatra\/\",\"name\":\"Celia Vicente Mart\u00ednez | Pediatra\",\"isPartOf\":{\"@id\":\"https:\/\/espaciojorgeelpediatra.com\/#website\"},\"primaryImageOfPage\":{\"@id\":\"https:\/\/espaciojorgeelpediatra.com\/celia-vicente-martinez-pediatra\/#primaryimage\"},\"image\":{\"@id\":\"https:\/\/espaciojorgeelpediatra.com\/celia-vicente-martinez-pediatra\/#primaryimage\"},\"thumbnailUrl\":\"https:\/\/espaciojorgeelpediatra.com\/wp-content\/uploads\/2024\/10\/celia-m.png\",\"datePublished\":\"2024-10-24T10:48:47+00:00\",\"dateModified\":\"2024-10-24T10:57:02+00:00\",\"description\":\"Celia Vicente Mart\u00ednez es nuestra pediatra dentro de Espacio Jorge el Pediatra. Haz clic para conocerla m\u00e1s y saber de ella.\",\"breadcrumb\":{\"@id\":\"https:\/\/espaciojorgeelpediatra.com\/celia-vicente-martinez-pediatra\/#breadcrumb\"},\"inLanguage\":\"sv-SE\",\"potentialAction\":[{\"@type\":\"ReadAction\",\"target\":[\"https:\/\/espaciojorgeelpediatra.com\/celia-vicente-martinez-pediatra\/\"]}]},{\"@type\":\"ImageObject\",\"inLanguage\":\"sv-SE\",\"@id\":\"https:\/\/espaciojorgeelpediatra.com\/celia-vicente-martinez-pediatra\/#primaryimage\",\"url\":\"https:\/\/espaciojorgeelpediatra.com\/wp-content\/uploads\/2024\/10\/celia-m.png\",\"contentUrl\":\"https:\/\/espaciojorgeelpediatra.com\/wp-content\/uploads\/2024\/10\/celia-m.png\"},{\"@type\":\"BreadcrumbList\",\"@id\":\"https:\/\/espaciojorgeelpediatra.com\/celia-vicente-martinez-pediatra\/#breadcrumb\",\"itemListElement\":[{\"@type\":\"ListItem\",\"position\":1,\"name\":\"Portada\",\"item\":\"https:\/\/espaciojorgeelpediatra.com\/\"},{\"@type\":\"ListItem\",\"position\":2,\"name\":\"Celia Vicente Mart\u00ednez Pediatra\"}]},{\"@type\":\"WebSite\",\"@id\":\"https:\/\/espaciojorgeelpediatra.com\/#website\",\"url\":\"https:\/\/espaciojorgeelpediatra.com\/\",\"name\":\"Espacio Jorge el Pediatra\",\"description\":\"Servicio de Pediatr\u00eda en Palma de Mallorca\",\"potentialAction\":[{\"@type\":\"SearchAction\",\"target\":{\"@type\":\"EntryPoint\",\"urlTemplate\":\"https:\/\/espaciojorgeelpediatra.com\/?s={search_term_string}\"},\"query-input\":{\"@type\":\"PropertyValueSpecification\",\"valueRequired\":true,\"valueName\":\"search_term_string\"}}],\"inLanguage\":\"sv-SE\"}]}<\/script>\n<!-- \/ Yoast SEO plugin. -->","yoast_head_json":{"title":"Celia Vicente Mart\u00ednez | Barnl\u00e4kare","description":"Celia Vicente Mart\u00ednez \u00e4r v\u00e5r barnl\u00e4kare inom Espacio Jorge el Pediatra. Klicka f\u00f6r att l\u00e4ra dig mer och l\u00e4ra dig om henne.","robots":{"index":"index","follow":"follow","max-snippet":"max-snippet:-1","max-image-preview":"max-image-preview:large","max-video-preview":"max-video-preview:-1"},"canonical":"https:\/\/espaciojorgeelpediatra.com\/sv\/celia-vicente-martinez-barnlakare\/","og_locale":"sv_SE","og_type":"article","og_title":"Celia Vicente Mart\u00ednez | Pediatra","og_description":"Celia Vicente Mart\u00ednez es nuestra pediatra dentro de Espacio Jorge el Pediatra. Haz clic para conocerla m\u00e1s y saber de ella.","og_url":"https:\/\/espaciojorgeelpediatra.com\/sv\/celia-vicente-martinez-barnlakare\/","og_site_name":"Espacio Jorge el Pediatra","article_modified_time":"2024-10-24T10:57:02+00:00","og_image":[{"width":1080,"height":1080,"url":"https:\/\/espaciojorgeelpediatra.com\/wp-content\/uploads\/2024\/10\/celia-m.png","type":"image\/png"}],"twitter_card":"summary_large_image","twitter_misc":{"Ber\u00e4knad l\u00e4stid":"2 minuter"},"schema":{"@context":"https:\/\/schema.org","@graph":[{"@type":"WebPage","@id":"https:\/\/espaciojorgeelpediatra.com\/celia-vicente-martinez-pediatra\/","url":"https:\/\/espaciojorgeelpediatra.com\/celia-vicente-martinez-pediatra\/","name":"Celia Vicente Mart\u00ednez | Barnl\u00e4kare","isPartOf":{"@id":"https:\/\/espaciojorgeelpediatra.com\/#website"},"primaryImageOfPage":{"@id":"https:\/\/espaciojorgeelpediatra.com\/celia-vicente-martinez-pediatra\/#primaryimage"},"image":{"@id":"https:\/\/espaciojorgeelpediatra.com\/celia-vicente-martinez-pediatra\/#primaryimage"},"thumbnailUrl":"https:\/\/espaciojorgeelpediatra.com\/wp-content\/uploads\/2024\/10\/celia-m.png","datePublished":"2024-10-24T10:48:47+00:00","dateModified":"2024-10-24T10:57:02+00:00","description":"Celia Vicente Mart\u00ednez \u00e4r v\u00e5r barnl\u00e4kare inom Espacio Jorge el Pediatra. Klicka f\u00f6r att l\u00e4ra dig mer och l\u00e4ra dig om henne.","breadcrumb":{"@id":"https:\/\/espaciojorgeelpediatra.com\/celia-vicente-martinez-pediatra\/#breadcrumb"},"inLanguage":"sv-SE","potentialAction":[{"@type":"ReadAction","target":["https:\/\/espaciojorgeelpediatra.com\/celia-vicente-martinez-pediatra\/"]}]},{"@type":"ImageObject","inLanguage":"sv-SE","@id":"https:\/\/espaciojorgeelpediatra.com\/celia-vicente-martinez-pediatra\/#primaryimage","url":"https:\/\/espaciojorgeelpediatra.com\/wp-content\/uploads\/2024\/10\/celia-m.png","contentUrl":"https:\/\/espaciojorgeelpediatra.com\/wp-content\/uploads\/2024\/10\/celia-m.png"},{"@type":"BreadcrumbList","@id":"https:\/\/espaciojorgeelpediatra.com\/celia-vicente-martinez-pediatra\/#breadcrumb","itemListElement":[{"@type":"ListItem","position":1,"name":"Portada","item":"https:\/\/espaciojorgeelpediatra.com\/"},{"@type":"ListItem","position":2,"name":"Celia Vicente Mart\u00ednez Pediatra"}]},{"@type":"WebSite","@id":"https:\/\/espaciojorgeelpediatra.com\/#website","url":"https:\/\/espaciojorgeelpediatra.com\/","name":"Espacio Jorge el Pediatra","description":"Barnsjukv\u00e5rd i Palma de Mallorca","potentialAction":[{"@type":"SearchAction","target":{"@type":"EntryPoint","urlTemplate":"https:\/\/espaciojorgeelpediatra.com\/?s={search_term_string}"},"query-input":{"@type":"PropertyValueSpecification","valueRequired":true,"valueName":"search_term_string"}}],"inLanguage":"sv-SE"}]}},"_links":{"self":[{"href":"https:\/\/espaciojorgeelpediatra.com\/sv\/wp-json\/wp\/v2\/pages\/1820","targetHints":{"allow":["GET"]}}],"collection":[{"href":"https:\/\/espaciojorgeelpediatra.com\/sv\/wp-json\/wp\/v2\/pages"}],"about":[{"href":"https:\/\/espaciojorgeelpediatra.com\/sv\/wp-json\/wp\/v2\/types\/page"}],"author":[{"embeddable":true,"href":"https:\/\/espaciojorgeelpediatra.com\/sv\/wp-json\/wp\/v2\/users\/1"}],"replies":[{"embeddable":true,"href":"https:\/\/espaciojorgeelpediatra.com\/sv\/wp-json\/wp\/v2\/comments?post=1820"}],"version-history":[{"count":10,"href":"https:\/\/espaciojorgeelpediatra.com\/sv\/wp-json\/wp\/v2\/pages\/1820\/revisions"}],"predecessor-version":[{"id":1833,"href":"https:\/\/espaciojorgeelpediatra.com\/sv\/wp-json\/wp\/v2\/pages\/1820\/revisions\/1833"}],"wp:attachment":[{"href":"https:\/\/espaciojorgeelpediatra.com\/sv\/wp-json\/wp\/v2\/media?parent=1820"}],"curies":[{"name":"wp","href":"https:\/\/api.w.org\/{rel}","templated":true}]}}