{"id":885,"date":"2022-07-20T16:46:45","date_gmt":"2022-07-20T16:46:45","guid":{"rendered":"https:\/\/espaciojorgeelpediatra.com\/?page_id=885"},"modified":"2022-07-27T10:02:16","modified_gmt":"2022-07-27T10:02:16","slug":"juridiskt-meddelande","status":"publish","type":"page","link":"https:\/\/espaciojorgeelpediatra.com\/sv\/juridiskt-meddelande\/","title":{"rendered":"R\u00e4ttsligt meddelande"},"content":{"rendered":"<div data-elementor-type=\"wp-page\" data-elementor-id=\"885\" class=\"elementor elementor-885\" data-elementor-post-type=\"page\">\n\t\t\t\t\t\t<section class=\"elementor-section elementor-top-section elementor-element elementor-element-2e1bf6bd elementor-section-boxed elementor-section-height-default elementor-section-height-default\" data-id=\"2e1bf6bd\" data-element_type=\"section\" data-settings=\"{&quot;background_background&quot;:&quot;classic&quot;}\">\n\t\t\t\t\t\t<div class=\"elementor-container elementor-column-gap-no\">\n\t\t\t\t\t<div class=\"elementor-column elementor-col-100 elementor-top-column elementor-element elementor-element-7511b242\" data-id=\"7511b242\" data-element_type=\"column\">\n\t\t\t<div class=\"elementor-widget-wrap elementor-element-populated\">\n\t\t\t\t\t\t<section class=\"elementor-section elementor-inner-section elementor-element elementor-element-2acacfab elementor-section-boxed elementor-section-height-default elementor-section-height-default\" data-id=\"2acacfab\" data-element_type=\"section\">\n\t\t\t\t\t\t<div class=\"elementor-container elementor-column-gap-no\">\n\t\t\t\t\t<div class=\"elementor-column elementor-col-100 elementor-inner-column elementor-element elementor-element-27c53b88\" data-id=\"27c53b88\" data-element_type=\"column\">\n\t\t\t<div class=\"elementor-widget-wrap elementor-element-populated\">\n\t\t\t\t\t\t<div class=\"elementor-element elementor-element-787c4c21 elementor-widget elementor-widget-menu-anchor\" data-id=\"787c4c21\" data-element_type=\"widget\" data-widget_type=\"menu-anchor.default\">\n\t\t\t\t<div class=\"elementor-widget-container\">\n\t\t\t\t\t\t\t<div class=\"elementor-menu-anchor\" id=\"servicios\"><\/div>\n\t\t\t\t\t\t<\/div>\n\t\t\t\t<\/div>\n\t\t\t\t<div class=\"elementor-element elementor-element-7f4ed5b9 elementor-widget elementor-widget-heading\" data-id=\"7f4ed5b9\" data-element_type=\"widget\" data-widget_type=\"heading.default\">\n\t\t\t\t<div class=\"elementor-widget-container\">\n\t\t\t\t\t<h2 class=\"elementor-heading-title elementor-size-default\">R\u00e4ttsligt meddelande<\/h2>\t\t\t\t<\/div>\n\t\t\t\t<\/div>\n\t\t\t\t\t<\/div>\n\t\t<\/div>\n\t\t\t\t\t<\/div>\n\t\t<\/section>\n\t\t\t\t<div class=\"elementor-element elementor-element-d82b2fd elementor-widget elementor-widget-text-editor\" data-id=\"d82b2fd\" data-element_type=\"widget\" data-widget_type=\"text-editor.default\">\n\t\t\t\t<div class=\"elementor-widget-container\">\n\t\t\t\t\t\t\t\t\t<h2>Identifiering och \u00e4gande<\/h2><p>I enlighet med artikel 10 i lag 34\/2002, av den 11 juli, om informationssamh\u00e4llets tj\u00e4nster och elektronisk handel, avsl\u00f6jar \u00e4garen sina identifieringsuppgifter:<\/p><ul><li><b>H\u00e5llare:<\/b>\u00a0 Espacio Jorge el Pediatra SL.<\/li><li><b>NIF:<\/b>\u00a0B16702359<\/li><li><b>Hem:<\/b>\u00a0 Calle Despuig 30, 07013 Palma de Mallorca, Balearerna \u2013 Spanien.<\/li><li><b>E-post:<\/b>\u00a0 jorgemunoz@espaciojorgeelpediatra.com<\/li><li><b>Kontakttelefon:<\/b>\u00a0 +34 667 71 92 02<\/li><li><b>Webbplats:<\/b>\u00a0\u00a0<a href=\"https:\/\/espaciojorgeelpediatra.com\/sv\/\">https:\/\/espaciojorgeelpediatra.com<\/a><\/li><\/ul><h2>\u00c4ndam\u00e5l<\/h2><p>Syftet med webbplatsen \u00e4r: Sjukv\u00e5rd.<\/p><h2>Anv\u00e4ndarvillkor<\/h2><p>Anv\u00e4ndningen av webbplatsen ger dig status som Anv\u00e4ndare och f\u00f6ruts\u00e4tter fullst\u00e4ndigt godk\u00e4nnande av alla klausuler och anv\u00e4ndningsvillkor som ing\u00e5r p\u00e5 sidorna:<\/p><ul><li><a href=\"https:\/\/espaciojorgeelpediatra.com\/sv\/juridiskt-meddelande\/\">R\u00e4ttsligt meddelande<\/a><\/li><li><a href=\"https:\/\/espaciojorgeelpediatra.com\/sv\/sekretesspolicy\/\">Sekretesspolicy<\/a><\/li><li><a href=\"https:\/\/espaciojorgeelpediatra.com\/sv\/cookiepolicy\/\">Cookiespolicy<\/a><\/li><\/ul><p>Om du inte h\u00e5ller med var och en av dessa klausuler och villkor, v\u00e4nligen avst\u00e5 fr\u00e5n att anv\u00e4nda webbplatsen.<\/p><p>Tillg\u00e5ng till webbplatsen inneb\u00e4r inte p\u00e5 n\u00e5got s\u00e4tt b\u00f6rjan p\u00e5 en kommersiell relation med \u00e4garen.<\/p><p>Genom webbplatsen tillhandah\u00e5ller \u00c4garen \u00e5tkomst och anv\u00e4ndning av olika inneh\u00e5ll som \u00c4garen och\/eller dess medarbetare har publicerat via Internet.<\/p><p>F\u00f6r detta \u00e4ndam\u00e5l \u00e4r du skyldig och f\u00f6rpliktigad att INTE anv\u00e4nda n\u00e5got av inneh\u00e5llet p\u00e5 webbplatsen f\u00f6r otill\u00e5tna syften eller effekter, f\u00f6rbjudna i detta juridiska meddelande eller enligt g\u00e4llande lagstiftning, skadligt f\u00f6r tredje parts r\u00e4ttigheter och intressen, eller som p\u00e5 n\u00e5got s\u00e4tt kan skada, inaktivera, \u00f6verbelasta, f\u00f6rs\u00e4mra eller f\u00f6rhindra normal anv\u00e4ndning av inneh\u00e5llet, datorutrustning eller dokument, filer och alla typer av inneh\u00e5ll som lagras p\u00e5 n\u00e5gon datorutrustning som \u00e4gs eller kontrakteras av \u00e4garen, andra anv\u00e4ndare eller n\u00e5gon internetanv\u00e4ndare.<\/p><h2>S\u00e4kerhets\u00e5tg\u00e4rder<\/h2><p>De personuppgifter som l\u00e4mnas till \u00c4garen kan lagras i automatiserade databaser eller inte, vars \u00e4gander\u00e4tt uteslutande motsvarar \u00c4garen, som \u00f6vertar alla tekniska, organisatoriska och s\u00e4kerhets\u00e5tg\u00e4rder som garanterar sekretessen, integriteten och kvaliteten p\u00e5 informationen som finns d\u00e4ri best\u00e4mmelserna i g\u00e4llande dataskyddsbest\u00e4mmelser.<\/p><p>Du m\u00e5ste dock vara medveten om att s\u00e4kerhets\u00e5tg\u00e4rderna f\u00f6r datorsystem p\u00e5 Internet inte \u00e4r helt tillf\u00f6rlitliga och att \u00e4garen d\u00e4rf\u00f6r inte kan garantera fr\u00e5nvaron av virus eller andra element som kan orsaka f\u00f6r\u00e4ndringar i datorsystem (mjukvara och h\u00e5rdvara) i Anv\u00e4ndaren eller i sina elektroniska dokument och filer som finns d\u00e4ri, \u00e4ven om \u00e4garen s\u00e4tter alla n\u00f6dv\u00e4ndiga medel och vidtar l\u00e4mpliga s\u00e4kerhets\u00e5tg\u00e4rder f\u00f6r att undvika f\u00f6rekomsten av dessa skadliga element.<\/p><h2>Behandling av personuppgifter<\/h2><p>Du kan l\u00e4sa all information relaterad till behandlingen av personuppgifter som samlats in av \u00c4garen p\u00e5 sidan\u00a0<a href=\"https:\/\/espaciojorgeelpediatra.com\/sv\/sekretesspolicy\/\">Sekretesspolicy<\/a>.<\/p><h2>Inneh\u00e5ll<\/h2><p>\u00c4garen har erh\u00e5llit information, multimediainneh\u00e5ll och material som ing\u00e5r p\u00e5 webbplatsen fr\u00e5n k\u00e4llor som den anser vara tillf\u00f6rlitliga, men \u00e4ven om den har vidtagit alla rimliga \u00e5tg\u00e4rder f\u00f6r att s\u00e4kerst\u00e4lla att informationen \u00e4r korrekt, garanterar \u00e4garen inte att den \u00e4r exakt. , komplett eller uppdaterad. \u00c4garen avs\u00e4ger sig uttryckligen allt ansvar f\u00f6r fel eller utel\u00e4mnanden i informationen p\u00e5 webbplatsens sidor.<\/p><p>Det \u00e4r f\u00f6rbjudet att \u00f6verf\u00f6ra eller skicka via webbplatsen olagligt eller olagligt inneh\u00e5ll, datavirus eller meddelanden som i allm\u00e4nhet p\u00e5verkar eller kr\u00e4nker \u00e4garens eller tredje parts r\u00e4ttigheter.<\/p><p>Inneh\u00e5llet p\u00e5 webbplatsen \u00e4r endast f\u00f6r informations\u00e4ndam\u00e5l och b\u00f6r under inga omst\u00e4ndigheter anv\u00e4ndas eller betraktas som ett erbjudande att s\u00e4lja, en beg\u00e4ran om ett k\u00f6perbjudande eller en rekommendation att utf\u00f6ra n\u00e5gon annan operation, s\u00e5vida det inte uttryckligen anges.<\/p><p>\u00c4garen f\u00f6rbeh\u00e5ller sig r\u00e4tten att \u00e4ndra, avbryta, avbryta eller begr\u00e4nsa inneh\u00e5llet p\u00e5 webbplatsen, l\u00e4nkarna eller informationen som erh\u00e5lls via webbplatsen, utan f\u00f6reg\u00e5ende meddelande.<\/p><p>\u00c4garen ansvarar inte f\u00f6r eventuella skador som kan uppst\u00e5 fr\u00e5n anv\u00e4ndningen av informationen p\u00e5 webbplatsen eller som finns i \u00e4garens sociala n\u00e4tverk.<\/p><h2>Cookies policy<\/h2><p>Du kan konsultera all information relaterad till policyn f\u00f6r insamling och bearbetning av cookies p\u00e5 sidan\u00a0<a href=\"https:\/\/espaciojorgeelpediatra.com\/sv\/cookiepolicy\/\">Cookiespolicy<\/a>.<\/p><h2>L\u00e4nkar till andra webbplatser<\/h2><p>\u00c4garen kan ge dig tillg\u00e5ng till tredje parts webbplatser genom l\u00e4nkar med det exklusiva syftet att informera om f\u00f6rekomsten av andra informationsk\u00e4llor p\u00e5 Internet d\u00e4r du kan ut\u00f6ka den information som erbjuds p\u00e5 webbplatsen.<\/p><p>Dessa l\u00e4nkar till andra webbplatser inneb\u00e4r inte i n\u00e5got fall ett f\u00f6rslag eller rekommendation f\u00f6r dig att bes\u00f6ka destinationswebbsidorna, som ligger utanf\u00f6r \u00e4garens kontroll, s\u00e5 \u00e4garen \u00e4r inte ansvarig f\u00f6r inneh\u00e5llet p\u00e5 de l\u00e4nkade webbplatserna eller resultatet du f\u00e5 genom att f\u00f6lja l\u00e4nkarna. Likas\u00e5 \u00e4r \u00e4garen inte ansvarig f\u00f6r l\u00e4nkarna som finns p\u00e5 de l\u00e4nkade webbplatserna som den ger \u00e5tkomst till.<\/p><p>Uppr\u00e4ttandet av l\u00e4nken inneb\u00e4r inte i n\u00e5got fall f\u00f6rekomsten av relationer mellan \u00e4garen och \u00e4garen av webbplatsen p\u00e5 vilken l\u00e4nken uppr\u00e4ttas, inte heller att \u00e4garen accepterar eller godk\u00e4nner dess inneh\u00e5ll eller tj\u00e4nster.<\/p><p>Om du kommer \u00e5t en extern webbplats fr\u00e5n en l\u00e4nk som finns p\u00e5 webbplatsen m\u00e5ste du l\u00e4sa den andra webbplatsens egen integritetspolicy, som kan skilja sig fr\u00e5n den f\u00f6r denna webbplats.<\/p><h2>Immateriella och industriella r\u00e4ttigheter<\/h2><p>Alla r\u00e4ttigheter f\u00f6rbeh\u00e5lls.<\/p><p>All \u00e5tkomst till denna webbplats \u00e4r f\u00f6rem\u00e5l f\u00f6r f\u00f6ljande villkor: reproduktion, permanent lagring och spridning av inneh\u00e5llet eller annan anv\u00e4ndning f\u00f6r offentliga eller kommersiella \u00e4ndam\u00e5l \u00e4r uttryckligen f\u00f6rbjuden utan uttryckligt skriftligt medgivande fr\u00e5n \u00e4garen.<\/p><h2>Ansvarsbegr\u00e4nsning<\/h2><p>\u00c4garen avs\u00e4ger sig allt ansvar i h\u00e4ndelse av avbrott eller fel i Tj\u00e4nsterna eller inneh\u00e5llet som erbjuds p\u00e5 Internet, oavsett orsak. Likas\u00e5 \u00e4r \u00c4garen inte ansvarig f\u00f6r n\u00e4tavbrott, aff\u00e4rsf\u00f6rluster till f\u00f6ljd av s\u00e5dana avbrott, tillf\u00e4lliga str\u00f6mavbrott eller n\u00e5gon annan typ av indirekt skada som kan orsakas dig av orsaker utanf\u00f6r \u00c4garens kontroll.<\/p><p>Innan du fattar beslut och\/eller \u00e5tg\u00e4rder baserat p\u00e5 informationen p\u00e5 webbplatsen, rekommenderar \u00e4garen att du kontrollerar och st\u00e4ller den mottagna informationen mot andra k\u00e4llor.<\/p><h2>Jurisdiktion<\/h2><p>Detta juridiska meddelande styrs helt av spansk lagstiftning.<\/p><h2>Kontakta<\/h2><p>Om du har n\u00e5gra fr\u00e5gor om detta juridiska meddelande eller vill g\u00f6ra n\u00e5gra kommentarer om webbplatsen kan du skicka ett e-postmeddelande till adressen: jorgemunoz@espaciojorgeelpediatra.com<\/p>\t\t\t\t\t\t\t\t<\/div>\n\t\t\t\t<\/div>\n\t\t\t\t\t<\/div>\n\t\t<\/div>\n\t\t\t\t\t<\/div>\n\t\t<\/section>\n\t\t\t\t<\/div>","protected":false},"excerpt":{"rendered":"<p>Juridisk information Identifiering och \u00e4gande I enlighet med artikel 10 i lag 34\/2002 av den 11 juli om informationssamh\u00e4llets tj\u00e4nster och elektronisk handel tillhandah\u00e5ller \u00e4garen sina identifierande uppgifter: \u00c4gare: Espacio Jorge el Pediatra SL. Skatte-ID: B16702359 Adress: Calle Despuig 30, 07013 Palma de Mallorca, Balearerna \u2013 Spanien. E-post: [\u2026]<\/p>","protected":false},"author":1,"featured_media":0,"parent":0,"menu_order":0,"comment_status":"closed","ping_status":"closed","template":"elementor_header_footer","meta":{"ocean_post_layout":"full-width","ocean_both_sidebars_style":"","ocean_both_sidebars_content_width":0,"ocean_both_sidebars_sidebars_width":0,"ocean_sidebar":"0","ocean_second_sidebar":"0","ocean_disable_margins":"on","ocean_add_body_class":"","ocean_shortcode_before_top_bar":"","ocean_shortcode_after_top_bar":"","ocean_shortcode_before_header":"","ocean_shortcode_after_header":"","ocean_has_shortcode":"","ocean_shortcode_after_title":"","ocean_shortcode_before_footer_widgets":"","ocean_shortcode_after_footer_widgets":"","ocean_shortcode_before_footer_bottom":"","ocean_shortcode_after_footer_bottom":"","ocean_display_top_bar":"default","ocean_display_header":"default","ocean_header_style":"","ocean_center_header_left_menu":"0","ocean_custom_header_template":"0","ocean_custom_logo":0,"ocean_custom_retina_logo":0,"ocean_custom_logo_max_width":0,"ocean_custom_logo_tablet_max_width":0,"ocean_custom_logo_mobile_max_width":0,"ocean_custom_logo_max_height":0,"ocean_custom_logo_tablet_max_height":0,"ocean_custom_logo_mobile_max_height":0,"ocean_header_custom_menu":"0","ocean_menu_typo_font_family":"0","ocean_menu_typo_font_subset":"","ocean_menu_typo_font_size":0,"ocean_menu_typo_font_size_tablet":0,"ocean_menu_typo_font_size_mobile":0,"ocean_menu_typo_font_size_unit":"px","ocean_menu_typo_font_weight":"","ocean_menu_typo_font_weight_tablet":"","ocean_menu_typo_font_weight_mobile":"","ocean_menu_typo_transform":"","ocean_menu_typo_transform_tablet":"","ocean_menu_typo_transform_mobile":"","ocean_menu_typo_line_height":0,"ocean_menu_typo_line_height_tablet":0,"ocean_menu_typo_line_height_mobile":0,"ocean_menu_typo_line_height_unit":"","ocean_menu_typo_spacing":0,"ocean_menu_typo_spacing_tablet":0,"ocean_menu_typo_spacing_mobile":0,"ocean_menu_typo_spacing_unit":"","ocean_menu_link_color":"","ocean_menu_link_color_hover":"","ocean_menu_link_color_active":"","ocean_menu_link_background":"","ocean_menu_link_hover_background":"","ocean_menu_link_active_background":"","ocean_menu_social_links_bg":"","ocean_menu_social_hover_links_bg":"","ocean_menu_social_links_color":"","ocean_menu_social_hover_links_color":"","ocean_disable_title":"on","ocean_disable_heading":"default","ocean_post_title":"","ocean_post_subheading":"","ocean_post_title_style":"","ocean_post_title_background_color":"","ocean_post_title_background":0,"ocean_post_title_bg_image_position":"","ocean_post_title_bg_image_attachment":"","ocean_post_title_bg_image_repeat":"","ocean_post_title_bg_image_size":"","ocean_post_title_height":0,"ocean_post_title_bg_overlay":0.5,"ocean_post_title_bg_overlay_color":"","ocean_disable_breadcrumbs":"off","ocean_breadcrumbs_color":"","ocean_breadcrumbs_separator_color":"","ocean_breadcrumbs_links_color":"","ocean_breadcrumbs_links_hover_color":"","ocean_display_footer_widgets":"off","ocean_display_footer_bottom":"off","ocean_custom_footer_template":"0","_joinchat":[],"footnotes":""},"class_list":["post-885","page","type-page","status-publish","hentry","entry"],"yoast_head":"<!-- This site is optimized with the Yoast SEO plugin v26.4 - https:\/\/yoast.com\/wordpress\/plugins\/seo\/ -->\n<title>Aviso Legal - Espacio Jorge el Pediatra<\/title>\n<meta name=\"robots\" content=\"noindex, nofollow\" \/>\n<meta property=\"og:locale\" content=\"sv_SE\" \/>\n<meta property=\"og:type\" content=\"article\" \/>\n<meta property=\"og:title\" content=\"Aviso Legal - Espacio Jorge el Pediatra\" \/>\n<meta property=\"og:description\" content=\"Aviso Legal Identificaci\u00f3n y Titularidad En cumplimiento del art\u00edculo 10 de la Ley 34\/2002, de 11 de julio, de Servicios de la Sociedad de la Informaci\u00f3n y Comercio Electr\u00f3nico, el Titular expone sus datos identificativos: Titular:\u00a0 Espacio Jorge el Pediatra S.L.. NIF:\u00a0B16702359 Domicilio:\u00a0 Calle Despuig 30, 07013 Palma de Mallorca, Baleares &#8211; Espa\u00f1a. Correo electr\u00f3nico:\u00a0 [&hellip;]\" \/>\n<meta property=\"og:url\" content=\"https:\/\/espaciojorgeelpediatra.com\/sv\/juridiskt-meddelande\/\" \/>\n<meta property=\"og:site_name\" content=\"Espacio Jorge el Pediatra\" \/>\n<meta property=\"article:modified_time\" content=\"2022-07-27T10:02:16+00:00\" \/>\n<meta name=\"twitter:card\" content=\"summary_large_image\" \/>\n<meta name=\"twitter:label1\" content=\"Ber\u00e4knad l\u00e4stid\" \/>\n\t<meta name=\"twitter:data1\" content=\"5 minuter\" \/>\n<script type=\"application\/ld+json\" class=\"yoast-schema-graph\">{\"@context\":\"https:\/\/schema.org\",\"@graph\":[{\"@type\":\"WebPage\",\"@id\":\"https:\/\/espaciojorgeelpediatra.com\/aviso-legal\/\",\"url\":\"https:\/\/espaciojorgeelpediatra.com\/aviso-legal\/\",\"name\":\"Aviso Legal - Espacio Jorge el Pediatra\",\"isPartOf\":{\"@id\":\"https:\/\/espaciojorgeelpediatra.com\/#website\"},\"datePublished\":\"2022-07-20T16:46:45+00:00\",\"dateModified\":\"2022-07-27T10:02:16+00:00\",\"breadcrumb\":{\"@id\":\"https:\/\/espaciojorgeelpediatra.com\/aviso-legal\/#breadcrumb\"},\"inLanguage\":\"sv-SE\",\"potentialAction\":[{\"@type\":\"ReadAction\",\"target\":[\"https:\/\/espaciojorgeelpediatra.com\/aviso-legal\/\"]}]},{\"@type\":\"BreadcrumbList\",\"@id\":\"https:\/\/espaciojorgeelpediatra.com\/aviso-legal\/#breadcrumb\",\"itemListElement\":[{\"@type\":\"ListItem\",\"position\":1,\"name\":\"Portada\",\"item\":\"https:\/\/espaciojorgeelpediatra.com\/\"},{\"@type\":\"ListItem\",\"position\":2,\"name\":\"Aviso Legal\"}]},{\"@type\":\"WebSite\",\"@id\":\"https:\/\/espaciojorgeelpediatra.com\/#website\",\"url\":\"https:\/\/espaciojorgeelpediatra.com\/\",\"name\":\"Espacio Jorge el Pediatra\",\"description\":\"Servicio de Pediatr\u00eda en Palma de Mallorca\",\"potentialAction\":[{\"@type\":\"SearchAction\",\"target\":{\"@type\":\"EntryPoint\",\"urlTemplate\":\"https:\/\/espaciojorgeelpediatra.com\/?s={search_term_string}\"},\"query-input\":{\"@type\":\"PropertyValueSpecification\",\"valueRequired\":true,\"valueName\":\"search_term_string\"}}],\"inLanguage\":\"sv-SE\"}]}<\/script>\n<!-- \/ Yoast SEO plugin. -->","yoast_head_json":{"title":"R\u00e4ttsligt meddelande - Espacio Jorge, barnl\u00e4karen","robots":{"index":"noindex","follow":"nofollow"},"og_locale":"sv_SE","og_type":"article","og_title":"Aviso Legal - Espacio Jorge el Pediatra","og_description":"Aviso Legal Identificaci\u00f3n y Titularidad En cumplimiento del art\u00edculo 10 de la Ley 34\/2002, de 11 de julio, de Servicios de la Sociedad de la Informaci\u00f3n y Comercio Electr\u00f3nico, el Titular expone sus datos identificativos: Titular:\u00a0 Espacio Jorge el Pediatra S.L.. NIF:\u00a0B16702359 Domicilio:\u00a0 Calle Despuig 30, 07013 Palma de Mallorca, Baleares &#8211; Espa\u00f1a. Correo electr\u00f3nico:\u00a0 [&hellip;]","og_url":"https:\/\/espaciojorgeelpediatra.com\/sv\/juridiskt-meddelande\/","og_site_name":"Espacio Jorge el Pediatra","article_modified_time":"2022-07-27T10:02:16+00:00","twitter_card":"summary_large_image","twitter_misc":{"Ber\u00e4knad l\u00e4stid":"5 minuter"},"schema":{"@context":"https:\/\/schema.org","@graph":[{"@type":"WebPage","@id":"https:\/\/espaciojorgeelpediatra.com\/aviso-legal\/","url":"https:\/\/espaciojorgeelpediatra.com\/aviso-legal\/","name":"R\u00e4ttsligt meddelande - Espacio Jorge, barnl\u00e4karen","isPartOf":{"@id":"https:\/\/espaciojorgeelpediatra.com\/#website"},"datePublished":"2022-07-20T16:46:45+00:00","dateModified":"2022-07-27T10:02:16+00:00","breadcrumb":{"@id":"https:\/\/espaciojorgeelpediatra.com\/aviso-legal\/#breadcrumb"},"inLanguage":"sv-SE","potentialAction":[{"@type":"ReadAction","target":["https:\/\/espaciojorgeelpediatra.com\/aviso-legal\/"]}]},{"@type":"BreadcrumbList","@id":"https:\/\/espaciojorgeelpediatra.com\/aviso-legal\/#breadcrumb","itemListElement":[{"@type":"ListItem","position":1,"name":"Portada","item":"https:\/\/espaciojorgeelpediatra.com\/"},{"@type":"ListItem","position":2,"name":"Aviso Legal"}]},{"@type":"WebSite","@id":"https:\/\/espaciojorgeelpediatra.com\/#website","url":"https:\/\/espaciojorgeelpediatra.com\/","name":"Espacio Jorge el Pediatra","description":"Barnsjukv\u00e5rd i Palma de Mallorca","potentialAction":[{"@type":"SearchAction","target":{"@type":"EntryPoint","urlTemplate":"https:\/\/espaciojorgeelpediatra.com\/?s={search_term_string}"},"query-input":{"@type":"PropertyValueSpecification","valueRequired":true,"valueName":"search_term_string"}}],"inLanguage":"sv-SE"}]}},"_links":{"self":[{"href":"https:\/\/espaciojorgeelpediatra.com\/sv\/wp-json\/wp\/v2\/pages\/885","targetHints":{"allow":["GET"]}}],"collection":[{"href":"https:\/\/espaciojorgeelpediatra.com\/sv\/wp-json\/wp\/v2\/pages"}],"about":[{"href":"https:\/\/espaciojorgeelpediatra.com\/sv\/wp-json\/wp\/v2\/types\/page"}],"author":[{"embeddable":true,"href":"https:\/\/espaciojorgeelpediatra.com\/sv\/wp-json\/wp\/v2\/users\/1"}],"replies":[{"embeddable":true,"href":"https:\/\/espaciojorgeelpediatra.com\/sv\/wp-json\/wp\/v2\/comments?post=885"}],"version-history":[{"count":28,"href":"https:\/\/espaciojorgeelpediatra.com\/sv\/wp-json\/wp\/v2\/pages\/885\/revisions"}],"predecessor-version":[{"id":1084,"href":"https:\/\/espaciojorgeelpediatra.com\/sv\/wp-json\/wp\/v2\/pages\/885\/revisions\/1084"}],"wp:attachment":[{"href":"https:\/\/espaciojorgeelpediatra.com\/sv\/wp-json\/wp\/v2\/media?parent=885"}],"curies":[{"name":"wp","href":"https:\/\/api.w.org\/{rel}","templated":true}]}}