{"id":889,"date":"2022-07-20T16:48:07","date_gmt":"2022-07-20T16:48:07","guid":{"rendered":"https:\/\/espaciojorgeelpediatra.com\/?page_id=889"},"modified":"2022-07-27T10:01:18","modified_gmt":"2022-07-27T10:01:18","slug":"cookiepolicy","status":"publish","type":"page","link":"https:\/\/espaciojorgeelpediatra.com\/sv\/cookiepolicy\/","title":{"rendered":"Cookiespolicy"},"content":{"rendered":"<div data-elementor-type=\"wp-page\" data-elementor-id=\"889\" class=\"elementor elementor-889\" data-elementor-post-type=\"page\">\n\t\t\t\t\t\t<section class=\"elementor-section elementor-top-section elementor-element elementor-element-74cd57c9 elementor-section-boxed elementor-section-height-default elementor-section-height-default\" data-id=\"74cd57c9\" data-element_type=\"section\" data-settings=\"{&quot;background_background&quot;:&quot;classic&quot;}\">\n\t\t\t\t\t\t<div class=\"elementor-container elementor-column-gap-no\">\n\t\t\t\t\t<div class=\"elementor-column elementor-col-100 elementor-top-column elementor-element elementor-element-416f5d00\" data-id=\"416f5d00\" data-element_type=\"column\">\n\t\t\t<div class=\"elementor-widget-wrap elementor-element-populated\">\n\t\t\t\t\t\t<section class=\"elementor-section elementor-inner-section elementor-element elementor-element-6598002b elementor-section-boxed elementor-section-height-default elementor-section-height-default\" data-id=\"6598002b\" data-element_type=\"section\">\n\t\t\t\t\t\t<div class=\"elementor-container elementor-column-gap-no\">\n\t\t\t\t\t<div class=\"elementor-column elementor-col-100 elementor-inner-column elementor-element elementor-element-ed1039a\" data-id=\"ed1039a\" data-element_type=\"column\">\n\t\t\t<div class=\"elementor-widget-wrap elementor-element-populated\">\n\t\t\t\t\t\t<div class=\"elementor-element elementor-element-28eaf95 elementor-widget elementor-widget-menu-anchor\" data-id=\"28eaf95\" data-element_type=\"widget\" data-widget_type=\"menu-anchor.default\">\n\t\t\t\t<div class=\"elementor-widget-container\">\n\t\t\t\t\t\t\t<div class=\"elementor-menu-anchor\" id=\"servicios\"><\/div>\n\t\t\t\t\t\t<\/div>\n\t\t\t\t<\/div>\n\t\t\t\t<div class=\"elementor-element elementor-element-41d225f0 elementor-widget elementor-widget-heading\" data-id=\"41d225f0\" data-element_type=\"widget\" data-widget_type=\"heading.default\">\n\t\t\t\t<div class=\"elementor-widget-container\">\n\t\t\t\t\t<h2 class=\"elementor-heading-title elementor-size-default\">Cookiespolicy<\/h2>\t\t\t\t<\/div>\n\t\t\t\t<\/div>\n\t\t\t\t\t<\/div>\n\t\t<\/div>\n\t\t\t\t\t<\/div>\n\t\t<\/section>\n\t\t\t\t<div class=\"elementor-element elementor-element-693bff70 elementor-widget elementor-widget-text-editor\" data-id=\"693bff70\" data-element_type=\"widget\" data-widget_type=\"text-editor.default\">\n\t\t\t\t<div class=\"elementor-widget-container\">\n\t\t\t\t\t\t\t\t\t<p>I enlighet med artikel 22 i lag 34\/2002 av den 11 juli om informationssamh\u00e4llets tj\u00e4nster och elektronisk handel (LSSI), i f\u00f6rh\u00e5llande till Europaparlamentets och r\u00e5dets f\u00f6rordning (EU) 2016\/679, av den 27 april 2016, Allm\u00e4nt dataskydd (RGPD) och organisk lag 3\/2018, av den 5 december, om dataskydd och garanti f\u00f6r digitala r\u00e4ttigheter (LOPDGDD), g\u00f6r \u00e4garen tillg\u00e4nglig f\u00f6r anv\u00e4ndarna Policyn f\u00f6r insamling och bearbetning av cookies p\u00e5 webbplatsen.<\/p><h2>Vad \u00e4r cookies<\/h2><p>En kaka \u00e4r en fil som laddas ner till din dator n\u00e4r du g\u00e5r in p\u00e5 vissa webbsidor. Cookies g\u00f6r att en webbplats bland annat kan lagra och h\u00e4mta information om dina surfvanor och beroende p\u00e5 vilken information de inneh\u00e5ller och hur du anv\u00e4nder din utrustning kan de anv\u00e4ndas f\u00f6r att identifiera dig.<\/p><h2>Cookies som anv\u00e4nds p\u00e5 webbplatsen<\/h2><p>De cookies som anv\u00e4nds av webbplatsen klassificeras nedan\u00a0<a href=\"https:\/\/espaciojorgeelpediatra.com\/sv\/cookiepolicy\/\">https:\/\/espaciojorgeelpediatra.com<\/a>:<\/p><p><b>Enligt den enhet som f\u00f6rvaltar dem<\/b><\/p><ul><li>Egna cookies: Dessa \u00e4r de som skickas och hanteras direkt av \u00e4garen.<\/li><li>Tredjepartscookies: Dessa \u00e4r de som skickas till anv\u00e4ndaren fr\u00e5n en annan dom\u00e4n \u00e4n \u00e4garen.<\/li><\/ul><p><b>Enligt dess syfte<\/b><\/p><ul><li>Tekniska cookies: Dessa \u00e4r de som till\u00e5ter registrerade anv\u00e4ndare att navigera genom webbplatsen, det begr\u00e4nsade omr\u00e5det och anv\u00e4nda dess olika funktioner, s\u00e5som kommentarsystemet eller s\u00f6kmotorn.<\/li><li>Personaliseringscookies: Dessa \u00e4r de som till\u00e5ter anv\u00e4ndare att komma \u00e5t Tj\u00e4nsten med vissa f\u00f6rdefinierade allm\u00e4nna egenskaper baserat p\u00e5 en serie kriterier som fastst\u00e4llts av Anv\u00e4ndaren, s\u00e5som till exempel spr\u00e5ket eller typen av webbl\u00e4sare genom vilken de ansluter till denna webbplats .<\/li><li>Analys- eller m\u00e4tningscookies: Dessa \u00e4r s\u00e5dana som, oavsett om de behandlas av webbplatsen eller av tredje part, g\u00f6r det m\u00f6jligt att kvantifiera antalet anv\u00e4ndare och p\u00e5 s\u00e5 s\u00e4tt utf\u00f6ra m\u00e4tning och statistisk analys av anv\u00e4ndningen av webbplatsens anv\u00e4ndare. F\u00f6r att g\u00f6ra detta analyseras din navigering p\u00e5 denna webbplats f\u00f6r att f\u00f6rb\u00e4ttra den.<\/li><li>Sociala cookies: Dessa s\u00e4tts av sociala medieplattformar f\u00f6r att till\u00e5ta anv\u00e4ndare att dela inneh\u00e5ll med sina v\u00e4nner och n\u00e4tverk.<\/li><\/ul><p><b>Enligt dess varaktighet<\/b><\/p><ul><li>Sessionscookies: Dessa \u00e4r de som \u00e4r utformade f\u00f6r att samla in och lagra data medan anv\u00e4ndaren g\u00e5r in p\u00e5 webbplatsen.<\/li><li>Best\u00e4ndiga cookies: Dessa \u00e4r de d\u00e4r uppgifterna forts\u00e4tter att lagras p\u00e5 Anv\u00e4ndarens terminal och kan n\u00e5s och behandlas under en period som definieras av den person som \u00e4r ansvarig f\u00f6r kakan.<\/li><\/ul><h2>Lista \u00f6ver anv\u00e4nda cookies<\/h2><p>Denna webbplats kan installera f\u00f6ljande cookies:<\/p><p><b>Tekniska cookies<\/b><\/p><ul><li><b>wp-settings-{user_id}:<\/b>\u00a0Teknisk cookie som anv\u00e4nds f\u00f6r att underh\u00e5lla anv\u00e4ndarens inst\u00e4llningar i WordPress-instrumentpanelen (\/wp-admin). Det \u00e4r ih\u00e5llande och varar 1 \u00e5r.<\/li><li><b>har samtycke:<\/b>\u00a0Teknisk cookie som lagrar Anv\u00e4ndarens samtycke. Det \u00e4r ih\u00e5llande och varar 1 \u00e5r.<\/li><\/ul><p><b>Analys- eller m\u00e4tkakor<\/b><\/p><ul><li><b>_fbp:<\/b>\u00a0Cookie som m\u00e4ter prestandan f\u00f6r Facebook-annonsering. Det \u00e4r ih\u00e5llande och varar 1 dag.<\/li><li><b>fr, sb:<\/b>\u00a0Cookies som m\u00e4ter Facebooks reklamprestanda. De \u00e4r best\u00e4ndiga cookies.<\/li><li><b>Pixel:<\/b>\u00a0Cookie som g\u00f6r det m\u00f6jligt f\u00f6r bes\u00f6kare p\u00e5 webbplatsen att erbjudas personlig reklam p\u00e5 dess plattform baserat p\u00e5 data relaterade till http-rubriker, pixeln (ID, Facebook-cookie), och f\u00f6r att registrera och kommunicera till Facebook om anv\u00e4ndarens handlingar p\u00e5 webbplatsen.<\/li><li><b>_ga:<\/b>\u00a0Analytisk cookie som m\u00f6jligg\u00f6r den unika bes\u00f6kskontrollfunktionen. Det \u00e4r ih\u00e5llande och h\u00e5ller i 2 \u00e5r.<\/li><li><b>_gat:<\/b>\u00a0Analytisk cookie f\u00f6r att begr\u00e4nsa antalet f\u00f6rfr\u00e5gningar. Dess omfattning \u00e4r sessionen och den varar 1 minut.<\/li><li><b>_gid:<\/b>\u00a0Analytisk cookie f\u00f6r att s\u00e4rskilja anv\u00e4ndare. Dess omfattning \u00e4r sessionen och den varar i 24 timmar.<\/li><\/ul><p>Ytterligare information:<\/p><ul><li>L\u00e4s mer om Facebooks anv\u00e4ndning av cookies p\u00e5 sidan.\u00a0<a href=\"https:\/\/www.facebook.com\/policies\/cookies\/\" target=\"_blank\" rel=\"noopener noreferrer nofollow\">Facebooks cookiepolicy<\/a><\/li><li>Google Analytics kan st\u00e4lla in andra cookies enligt dokumentet Anv\u00e4ndning av Google Analytics-cookies p\u00e5 webbplatser som du kan konsultera\u00a0<a href=\"https:\/\/developers.google.com\/analytics\/devguides\/collection\/analyticsjs\/cookie-usage?hl=es\" target=\"_blank\" rel=\"noopener noreferrer nofollow\">i denna l\u00e4nk<\/a>.<\/li><\/ul><p><b>Sociala cookies<\/b><\/p><ul><li>Webbplatsen inneh\u00e5ller andra funktioner som tillhandah\u00e5lls av tredjepartstj\u00e4nster och sociala n\u00e4tverk f\u00f6r att f\u00f6rb\u00e4ttra bes\u00f6ksupplevelsen. Du kan dela inneh\u00e5llet p\u00e5 dina sociala n\u00e4tverk som Facebook, Twitter, Instagram, Vimeo eller YouTube med knapparna som ing\u00e5r f\u00f6r detta \u00e4ndam\u00e5l eller med delningsverktygen f\u00f6r sociala n\u00e4tverk. Som ett resultat kan dessa tj\u00e4nster st\u00e4lla in cookies och anv\u00e4nda dem f\u00f6r att sp\u00e5ra din onlineaktivitet. \u00c4garen har ingen direkt kontroll \u00f6ver informationen som samlas in av dessa cookies.<\/li><\/ul><h2>Cookie radering<\/h2><p>Du kan acceptera, blockera eller ta bort cookies som \u00e4r installerade p\u00e5 din dator genom att konfigurera dina webbl\u00e4saralternativ, men observera att en del av sajten inte kommer att fungera korrekt eller att vissa av dess funktioner kommer att vara otillg\u00e4ngliga eller har fel.<\/p><p>I f\u00f6ljande l\u00e4nkar hittar du instruktioner f\u00f6r att aktivera eller inaktivera cookies i de vanligaste webbl\u00e4sarna.<\/p><ul><li><a href=\"http:\/\/support.mozilla.org\/es\/kb\/habilitar-y-deshabilitar-cookies-que-los-sitios-we\" target=\"_blank\" rel=\"nofollow noopener\">Firefox<\/a><\/li><li><a href=\"https:\/\/support.google.com\/chrome\/answer\/95647?hl=es\" target=\"_blank\" rel=\"noopener noreferrer nofollow\">google chrome<\/a><\/li><li><a href=\"https:\/\/support.microsoft.com\/es-es\/help\/17442\/windows-internet-explorer-delete-manage-cookies#ie=%22ie-10\" target=\"_blank\" rel=\"noopener noreferrer nofollow\">Internet Explorer<\/a><\/li><li><a href=\"https:\/\/support.microsoft.com\/es-es\/help\/4468242\/microsoft-edge-browsing-data-and-privacy\" target=\"_blank\" rel=\"noopener noreferrer nofollow\">Microsoft Edge<\/a><\/li><li><a href=\"http:\/\/support.apple.com\/kb\/HT1677?viewlocale=es_ES\" target=\"_blank\" rel=\"nofollow noopener\">Safari<\/a><\/li><\/ul><h2>Behandling av personuppgifter<\/h2><p>\u00c4garen \u00e4r ansvarig f\u00f6r behandlingen av anv\u00e4ndarens personuppgifter. Du kan konsultera all information relaterad till behandlingen av personuppgifter som samlats in av \u00e4garen p\u00e5 sidan av\u00a0<a href=\"https:\/\/espaciojorgeelpediatra.com\/sv\/sekretesspolicy\/\">Sekretesspolicy<\/a>.<\/p><h2>Kontakta<\/h2><p>Om du har n\u00e5gra fr\u00e5gor om denna cookiepolicy eller vill g\u00f6ra n\u00e5gra kommentarer om denna webbplats kan du skicka ett meddelande till e-postadressen: jorgemunoz@espaciojorgeelpediatra.com<\/p>\t\t\t\t\t\t\t\t<\/div>\n\t\t\t\t<\/div>\n\t\t\t\t\t<\/div>\n\t\t<\/div>\n\t\t\t\t\t<\/div>\n\t\t<\/section>\n\t\t\t\t<\/div>","protected":false},"excerpt":{"rendered":"<p>Pol\u00edtica de Cookies En cumplimiento con el art\u00edculo 22 de la Ley 34\/2002, de 11 de julio, de servicios de la sociedad de la informaci\u00f3n y de comercio electr\u00f3nico (LSSI), en relaci\u00f3n con el Reglamento (UE) 2016\/679 del Parlamento Europeo y del Consejo, de 27 de abril de 2016, General de Protecci\u00f3n de Datos (RGPD) [&hellip;]<\/p>","protected":false},"author":1,"featured_media":0,"parent":0,"menu_order":0,"comment_status":"closed","ping_status":"closed","template":"elementor_header_footer","meta":{"ocean_post_layout":"full-width","ocean_both_sidebars_style":"","ocean_both_sidebars_content_width":0,"ocean_both_sidebars_sidebars_width":0,"ocean_sidebar":"0","ocean_second_sidebar":"0","ocean_disable_margins":"on","ocean_add_body_class":"","ocean_shortcode_before_top_bar":"","ocean_shortcode_after_top_bar":"","ocean_shortcode_before_header":"","ocean_shortcode_after_header":"","ocean_has_shortcode":"","ocean_shortcode_after_title":"","ocean_shortcode_before_footer_widgets":"","ocean_shortcode_after_footer_widgets":"","ocean_shortcode_before_footer_bottom":"","ocean_shortcode_after_footer_bottom":"","ocean_display_top_bar":"default","ocean_display_header":"default","ocean_header_style":"","ocean_center_header_left_menu":"0","ocean_custom_header_template":"0","ocean_custom_logo":0,"ocean_custom_retina_logo":0,"ocean_custom_logo_max_width":0,"ocean_custom_logo_tablet_max_width":0,"ocean_custom_logo_mobile_max_width":0,"ocean_custom_logo_max_height":0,"ocean_custom_logo_tablet_max_height":0,"ocean_custom_logo_mobile_max_height":0,"ocean_header_custom_menu":"0","ocean_menu_typo_font_family":"0","ocean_menu_typo_font_subset":"","ocean_menu_typo_font_size":0,"ocean_menu_typo_font_size_tablet":0,"ocean_menu_typo_font_size_mobile":0,"ocean_menu_typo_font_size_unit":"px","ocean_menu_typo_font_weight":"","ocean_menu_typo_font_weight_tablet":"","ocean_menu_typo_font_weight_mobile":"","ocean_menu_typo_transform":"","ocean_menu_typo_transform_tablet":"","ocean_menu_typo_transform_mobile":"","ocean_menu_typo_line_height":0,"ocean_menu_typo_line_height_tablet":0,"ocean_menu_typo_line_height_mobile":0,"ocean_menu_typo_line_height_unit":"","ocean_menu_typo_spacing":0,"ocean_menu_typo_spacing_tablet":0,"ocean_menu_typo_spacing_mobile":0,"ocean_menu_typo_spacing_unit":"","ocean_menu_link_color":"","ocean_menu_link_color_hover":"","ocean_menu_link_color_active":"","ocean_menu_link_background":"","ocean_menu_link_hover_background":"","ocean_menu_link_active_background":"","ocean_menu_social_links_bg":"","ocean_menu_social_hover_links_bg":"","ocean_menu_social_links_color":"","ocean_menu_social_hover_links_color":"","ocean_disable_title":"on","ocean_disable_heading":"default","ocean_post_title":"","ocean_post_subheading":"","ocean_post_title_style":"","ocean_post_title_background_color":"","ocean_post_title_background":0,"ocean_post_title_bg_image_position":"","ocean_post_title_bg_image_attachment":"","ocean_post_title_bg_image_repeat":"","ocean_post_title_bg_image_size":"","ocean_post_title_height":0,"ocean_post_title_bg_overlay":0.5,"ocean_post_title_bg_overlay_color":"","ocean_disable_breadcrumbs":"off","ocean_breadcrumbs_color":"","ocean_breadcrumbs_separator_color":"","ocean_breadcrumbs_links_color":"","ocean_breadcrumbs_links_hover_color":"","ocean_display_footer_widgets":"off","ocean_display_footer_bottom":"off","ocean_custom_footer_template":"0","_joinchat":[],"footnotes":""},"class_list":["post-889","page","type-page","status-publish","hentry","entry"],"yoast_head":"<!-- This site is optimized with the Yoast SEO plugin v26.4 - https:\/\/yoast.com\/wordpress\/plugins\/seo\/ -->\n<title>Pol\u00edtica de Cookies - Espacio Jorge el Pediatra<\/title>\n<meta name=\"robots\" content=\"noindex, nofollow\" \/>\n<meta property=\"og:locale\" content=\"sv_SE\" \/>\n<meta property=\"og:type\" content=\"article\" \/>\n<meta property=\"og:title\" content=\"Pol\u00edtica de Cookies - Espacio Jorge el Pediatra\" \/>\n<meta property=\"og:description\" content=\"Pol\u00edtica de Cookies En cumplimiento con el art\u00edculo 22 de la Ley 34\/2002, de 11 de julio, de servicios de la sociedad de la informaci\u00f3n y de comercio electr\u00f3nico (LSSI), en relaci\u00f3n con el Reglamento (UE) 2016\/679 del Parlamento Europeo y del Consejo, de 27 de abril de 2016, General de Protecci\u00f3n de Datos (RGPD) [&hellip;]\" \/>\n<meta property=\"og:url\" content=\"https:\/\/espaciojorgeelpediatra.com\/sv\/cookiepolicy\/\" \/>\n<meta property=\"og:site_name\" content=\"Espacio Jorge el Pediatra\" \/>\n<meta property=\"article:modified_time\" content=\"2022-07-27T10:01:18+00:00\" \/>\n<meta name=\"twitter:card\" content=\"summary_large_image\" \/>\n<meta name=\"twitter:label1\" content=\"Ber\u00e4knad l\u00e4stid\" \/>\n\t<meta name=\"twitter:data1\" content=\"5 minuter\" \/>\n<script type=\"application\/ld+json\" class=\"yoast-schema-graph\">{\"@context\":\"https:\/\/schema.org\",\"@graph\":[{\"@type\":\"WebPage\",\"@id\":\"https:\/\/espaciojorgeelpediatra.com\/politica-de-cookies\/\",\"url\":\"https:\/\/espaciojorgeelpediatra.com\/politica-de-cookies\/\",\"name\":\"Pol\u00edtica de Cookies - Espacio Jorge el Pediatra\",\"isPartOf\":{\"@id\":\"https:\/\/espaciojorgeelpediatra.com\/#website\"},\"datePublished\":\"2022-07-20T16:48:07+00:00\",\"dateModified\":\"2022-07-27T10:01:18+00:00\",\"breadcrumb\":{\"@id\":\"https:\/\/espaciojorgeelpediatra.com\/politica-de-cookies\/#breadcrumb\"},\"inLanguage\":\"sv-SE\",\"potentialAction\":[{\"@type\":\"ReadAction\",\"target\":[\"https:\/\/espaciojorgeelpediatra.com\/politica-de-cookies\/\"]}]},{\"@type\":\"BreadcrumbList\",\"@id\":\"https:\/\/espaciojorgeelpediatra.com\/politica-de-cookies\/#breadcrumb\",\"itemListElement\":[{\"@type\":\"ListItem\",\"position\":1,\"name\":\"Portada\",\"item\":\"https:\/\/espaciojorgeelpediatra.com\/\"},{\"@type\":\"ListItem\",\"position\":2,\"name\":\"Pol\u00edtica de Cookies\"}]},{\"@type\":\"WebSite\",\"@id\":\"https:\/\/espaciojorgeelpediatra.com\/#website\",\"url\":\"https:\/\/espaciojorgeelpediatra.com\/\",\"name\":\"Espacio Jorge el Pediatra\",\"description\":\"Servicio de Pediatr\u00eda en Palma de Mallorca\",\"potentialAction\":[{\"@type\":\"SearchAction\",\"target\":{\"@type\":\"EntryPoint\",\"urlTemplate\":\"https:\/\/espaciojorgeelpediatra.com\/?s={search_term_string}\"},\"query-input\":{\"@type\":\"PropertyValueSpecification\",\"valueRequired\":true,\"valueName\":\"search_term_string\"}}],\"inLanguage\":\"sv-SE\"}]}<\/script>\n<!-- \/ Yoast SEO plugin. -->","yoast_head_json":{"title":"Cookiespolicy - Espacio Jorge, barnl\u00e4karen","robots":{"index":"noindex","follow":"nofollow"},"og_locale":"sv_SE","og_type":"article","og_title":"Pol\u00edtica de Cookies - Espacio Jorge el Pediatra","og_description":"Pol\u00edtica de Cookies En cumplimiento con el art\u00edculo 22 de la Ley 34\/2002, de 11 de julio, de servicios de la sociedad de la informaci\u00f3n y de comercio electr\u00f3nico (LSSI), en relaci\u00f3n con el Reglamento (UE) 2016\/679 del Parlamento Europeo y del Consejo, de 27 de abril de 2016, General de Protecci\u00f3n de Datos (RGPD) [&hellip;]","og_url":"https:\/\/espaciojorgeelpediatra.com\/sv\/cookiepolicy\/","og_site_name":"Espacio Jorge el Pediatra","article_modified_time":"2022-07-27T10:01:18+00:00","twitter_card":"summary_large_image","twitter_misc":{"Ber\u00e4knad l\u00e4stid":"5 minuter"},"schema":{"@context":"https:\/\/schema.org","@graph":[{"@type":"WebPage","@id":"https:\/\/espaciojorgeelpediatra.com\/politica-de-cookies\/","url":"https:\/\/espaciojorgeelpediatra.com\/politica-de-cookies\/","name":"Cookiespolicy - Espacio Jorge, barnl\u00e4karen","isPartOf":{"@id":"https:\/\/espaciojorgeelpediatra.com\/#website"},"datePublished":"2022-07-20T16:48:07+00:00","dateModified":"2022-07-27T10:01:18+00:00","breadcrumb":{"@id":"https:\/\/espaciojorgeelpediatra.com\/politica-de-cookies\/#breadcrumb"},"inLanguage":"sv-SE","potentialAction":[{"@type":"ReadAction","target":["https:\/\/espaciojorgeelpediatra.com\/politica-de-cookies\/"]}]},{"@type":"BreadcrumbList","@id":"https:\/\/espaciojorgeelpediatra.com\/politica-de-cookies\/#breadcrumb","itemListElement":[{"@type":"ListItem","position":1,"name":"Portada","item":"https:\/\/espaciojorgeelpediatra.com\/"},{"@type":"ListItem","position":2,"name":"Pol\u00edtica de Cookies"}]},{"@type":"WebSite","@id":"https:\/\/espaciojorgeelpediatra.com\/#website","url":"https:\/\/espaciojorgeelpediatra.com\/","name":"Espacio Jorge el Pediatra","description":"Barnsjukv\u00e5rd i Palma de Mallorca","potentialAction":[{"@type":"SearchAction","target":{"@type":"EntryPoint","urlTemplate":"https:\/\/espaciojorgeelpediatra.com\/?s={search_term_string}"},"query-input":{"@type":"PropertyValueSpecification","valueRequired":true,"valueName":"search_term_string"}}],"inLanguage":"sv-SE"}]}},"_links":{"self":[{"href":"https:\/\/espaciojorgeelpediatra.com\/sv\/wp-json\/wp\/v2\/pages\/889","targetHints":{"allow":["GET"]}}],"collection":[{"href":"https:\/\/espaciojorgeelpediatra.com\/sv\/wp-json\/wp\/v2\/pages"}],"about":[{"href":"https:\/\/espaciojorgeelpediatra.com\/sv\/wp-json\/wp\/v2\/types\/page"}],"author":[{"embeddable":true,"href":"https:\/\/espaciojorgeelpediatra.com\/sv\/wp-json\/wp\/v2\/users\/1"}],"replies":[{"embeddable":true,"href":"https:\/\/espaciojorgeelpediatra.com\/sv\/wp-json\/wp\/v2\/comments?post=889"}],"version-history":[{"count":7,"href":"https:\/\/espaciojorgeelpediatra.com\/sv\/wp-json\/wp\/v2\/pages\/889\/revisions"}],"predecessor-version":[{"id":1077,"href":"https:\/\/espaciojorgeelpediatra.com\/sv\/wp-json\/wp\/v2\/pages\/889\/revisions\/1077"}],"wp:attachment":[{"href":"https:\/\/espaciojorgeelpediatra.com\/sv\/wp-json\/wp\/v2\/media?parent=889"}],"curies":[{"name":"wp","href":"https:\/\/api.w.org\/{rel}","templated":true}]}}